{"id":107,"date":"2013-10-28T14:24:05","date_gmt":"2013-10-28T16:24:05","guid":{"rendered":"http:\/\/www.copybusiness.com.br\/site\/?page_id=107"},"modified":"2013-10-31T15:47:43","modified_gmt":"2013-10-31T17:47:43","slug":"multifuncional-brother7055","status":"publish","type":"page","link":"https:\/\/www.copybusiness.com.br\/site\/produtos\/multifuncional-brother7055\/","title":{"rendered":"Multifuncional Brother DCP 7055"},"content":{"rendered":"<p style=\"text-align: center;\">\u00a0<a href=\"http:\/\/www.copybusiness.com.br\/site\/wp-content\/uploads\/2013\/10\/DCP-7055_Frontal_web.jpg\"><img loading=\"lazy\" class=\"alignnone size-full wp-image-163\" alt=\"DCP-7055_Frontal_web\" src=\"http:\/\/www.copybusiness.com.br\/site\/wp-content\/uploads\/2013\/10\/DCP-7055_Frontal_web.jpg\" width=\"230\" height=\"198\" \/><\/a><\/p>\n<div class=\"su-box su-box-style-default\" id=\"\" style=\"border-color:#848484;border-radius:3px\"><div class=\"su-box-title\" style=\"background-color:#b7b7b7;color:#FFFFFF;border-top-left-radius:1px;border-top-right-radius:1px\">Modelo<\/div><div class=\"su-box-content su-u-clearfix su-u-trim\" style=\"border-bottom-left-radius:1px;border-bottom-right-radius:1px\">Brother 7055<\/div><\/div>\n<div class=\"su-box su-box-style-default\" id=\"\" style=\"border-color:#848484;border-radius:3px\"><div class=\"su-box-title\" style=\"background-color:#b7b7b7;color:#FFFFFF;border-top-left-radius:1px;border-top-right-radius:1px\">Especifica\u00e7\u00f5es<\/div><div class=\"su-box-content su-u-clearfix su-u-trim\" style=\"border-bottom-left-radius:1px;border-bottom-right-radius:1px\">\n<table border=\"0\" cellspacing=\"0\" cellpadding=\"0\">\n<tbody>\n<tr>\n<td colspan=\"2\">\n<h4>Geral<\/h4>\n<\/td>\n<\/tr>\n<tr>\n<td>Tecnologia de Impress\u00e3o<\/td>\n<td>Laser Eletrofotogr\u00e1fico<\/td>\n<\/tr>\n<tr>\n<td>Visor LCD<\/td>\n<td>Sim, 16 caracteres x 2 linhas<\/td>\n<\/tr>\n<tr>\n<td>Velocidade Maxima em Preto (ppm)<\/td>\n<td>21 ppm<\/td>\n<\/tr>\n<tr>\n<td>Resolu\u00e7\u00e3o (m\u00e1xima) em dpi<\/td>\n<td>2400 x 600 dpi<\/td>\n<\/tr>\n<tr>\n<td>Tempo de Impress\u00e3o da Primeira P\u00e1gina<\/td>\n<td>menor que 8,5 segundos<\/td>\n<\/tr>\n<tr>\n<td>Velocidade do Processador<\/td>\n<td>ARM9 200Mhz<\/td>\n<\/tr>\n<tr>\n<td>Mem\u00f3ria Padr\u00e3o<\/td>\n<td>16 MB<\/td>\n<\/tr>\n<tr>\n<td>Mem\u00f3ria Opcional<\/td>\n<td>N\/A<\/td>\n<\/tr>\n<tr>\n<td>Emula\u00e7\u00e3o<\/td>\n<td>GDI<\/td>\n<\/tr>\n<tr>\n<td>Interfaces<\/td>\n<td>USB 2.0 de Alta Velocidade<\/td>\n<\/tr>\n<tr>\n<td>Volume M\u00e1ximo de Ciclo Mensal<\/td>\n<td>8.000 p\u00e1ginas<\/td>\n<\/tr>\n<tr>\n<td colspan=\"2\">\n<h4>Manuseio do Papel<\/h4>\n<\/td>\n<\/tr>\n<tr>\n<td>Capacidade da Bandeja de Papel<\/td>\n<td>Bandeja padr\u00e3o: 250 folhas Bandeja multiuso de Alimenta\u00e7\u00e3o Manual: 01 folha<\/td>\n<\/tr>\n<tr>\n<td>Capacidade de Bandeja Adicional<\/td>\n<td>N\/A<\/td>\n<\/tr>\n<tr>\n<td>Capacidade de Sa\u00edda do Papel<\/td>\n<td>100 folhas<\/td>\n<\/tr>\n<tr>\n<td>Tamanhos do Papel<\/td>\n<td>Carta, A4, B5 (ISO\/JIS), A5, A5 (borda longa), B6 (ISO), A6, Executivo, Folio e Oficio (tamanho oficio somente na impress\u00e3o)<\/td>\n<\/tr>\n<tr>\n<td>Tipos de Papel<\/td>\n<td>Papel comum, papel fino ou papel reciclado<\/td>\n<\/tr>\n<tr>\n<td>Gramatura de Papel<\/td>\n<td>Bandeja padr\u00e3o: 60 a 105 g\/m2 Bandeja multiuso: 60 a 163g\/m2<\/td>\n<\/tr>\n<tr>\n<td>ADF<\/td>\n<td>N\/A<\/td>\n<\/tr>\n<tr>\n<td colspan=\"2\">\n<h4>C\u00f3pia<\/h4>\n<\/td>\n<\/tr>\n<tr>\n<td>Amplia\u00e7\u00e3o \/ Redu\u00e7\u00e3o<\/td>\n<td>25% a 400%<\/td>\n<\/tr>\n<tr>\n<td>Copia sem uso do PC<\/td>\n<td>Sim<\/td>\n<\/tr>\n<tr>\n<td colspan=\"2\">\n<h4>Digitaliza\u00e7\u00e3o<\/h4>\n<\/td>\n<\/tr>\n<tr>\n<td>Digitaliza\u00e7\u00e3o Color e Mono<\/td>\n<td>Sim<\/td>\n<\/tr>\n<tr>\n<td>Capacidade M\u00e1xima do ADF<\/td>\n<td>N\/A<\/td>\n<\/tr>\n<tr>\n<td>Resolu\u00e7\u00e3o \u00d3ptica do Scanner<\/td>\n<td>600 X 2400 dpi<\/td>\n<\/tr>\n<tr>\n<td>Resolu\u00e7\u00e3o Interpolada<\/td>\n<td>At\u00e9 19200 x 19200 dpi<\/td>\n<\/tr>\n<tr>\n<td>Digitaliza para<\/td>\n<td>Email, Arquivo, Imagem \/ OCR<\/td>\n<\/tr>\n<tr>\n<td colspan=\"2\">\n<h4>Rede<\/h4>\n<\/td>\n<\/tr>\n<tr>\n<td>Interface de Rede Embutida<\/td>\n<td>N\/A<\/td>\n<\/tr>\n<tr>\n<td>Compatibilidade de Rede<\/td>\n<td>N\/A<\/td>\n<\/tr>\n<tr>\n<td colspan=\"2\">\n<h4>Softwares<\/h4>\n<\/td>\n<\/tr>\n<tr>\n<td>Drives Compat\u00edveis<\/td>\n<td>Windows 7 \/ Widnows Vista \/ XP \/ XP Professional x64 \/ 2000 \/ 2008 Mac OS X10.4.11, 10.5.X, 10.6.X Linux: Red Hat (32), Fedora 10 (32), OpenSuSe 11.1 (32), Debian 5.03 (32) Ubuntu 9.04 (64)<\/td>\n<\/tr>\n<tr>\n<td>Visualiza\u00e7\u00e3o e Software OCR<\/td>\n<td>ScanSoft, PaperPort SE com OCR da Nuance, Software para Windows e Presto, PageManager 9 para Mac<\/td>\n<\/tr>\n<\/tbody>\n<\/table>\n<\/div><\/div>\n","protected":false},"excerpt":{"rendered":"<p>\u00a0<\/p>\n","protected":false},"author":1,"featured_media":0,"parent":36,"menu_order":0,"comment_status":"open","ping_status":"closed","template":"","meta":[],"_links":{"self":[{"href":"https:\/\/www.copybusiness.com.br\/site\/wp-json\/wp\/v2\/pages\/107"}],"collection":[{"href":"https:\/\/www.copybusiness.com.br\/site\/wp-json\/wp\/v2\/pages"}],"about":[{"href":"https:\/\/www.copybusiness.com.br\/site\/wp-json\/wp\/v2\/types\/page"}],"author":[{"embeddable":true,"href":"https:\/\/www.copybusiness.com.br\/site\/wp-json\/wp\/v2\/users\/1"}],"replies":[{"embeddable":true,"href":"https:\/\/www.copybusiness.com.br\/site\/wp-json\/wp\/v2\/comments?post=107"}],"version-history":[{"count":14,"href":"https:\/\/www.copybusiness.com.br\/site\/wp-json\/wp\/v2\/pages\/107\/revisions"}],"predecessor-version":[{"id":171,"href":"https:\/\/www.copybusiness.com.br\/site\/wp-json\/wp\/v2\/pages\/107\/revisions\/171"}],"up":[{"embeddable":true,"href":"https:\/\/www.copybusiness.com.br\/site\/wp-json\/wp\/v2\/pages\/36"}],"wp:attachment":[{"href":"https:\/\/www.copybusiness.com.br\/site\/wp-json\/wp\/v2\/media?parent=107"}],"curies":[{"name":"wp","href":"https:\/\/api.w.org\/{rel}","templated":true}]}}