{"id":178,"date":"2013-10-31T16:04:58","date_gmt":"2013-10-31T18:04:58","guid":{"rendered":"http:\/\/www.copybusiness.com.br\/site\/?page_id=178"},"modified":"2013-10-31T16:31:28","modified_gmt":"2013-10-31T18:31:28","slug":"impressora-brother7065","status":"publish","type":"page","link":"https:\/\/www.copybusiness.com.br\/site\/produtos\/impressora-brother7065\/","title":{"rendered":"Multifuncional Brother DCP 7065"},"content":{"rendered":"<p><a href=\"http:\/\/www.copybusiness.com.br\/site\/wp-content\/uploads\/2013\/10\/DCP-7065DN_frontal_web.jpg\"><img loading=\"lazy\" class=\"alignnone size-full wp-image-173 aligncenter\" alt=\"DCP-7065DN_frontal_web\" src=\"http:\/\/www.copybusiness.com.br\/site\/wp-content\/uploads\/2013\/10\/DCP-7065DN_frontal_web.jpg\" width=\"210\" height=\"196\" \/><\/a><\/p>\n<div class=\"su-box su-box-style-default\" id=\"\" style=\"border-color:#848484;border-radius:3px\"><div class=\"su-box-title\" style=\"background-color:#b7b7b7;color:#FFFFFF;border-top-left-radius:1px;border-top-right-radius:1px\">Modelo<\/div><div class=\"su-box-content su-u-clearfix su-u-trim\" style=\"border-bottom-left-radius:1px;border-bottom-right-radius:1px\">Brother DCP 7065 DN<\/div><\/div>\n<div class=\"su-box su-box-style-default\" id=\"\" style=\"border-color:#848484;border-radius:3px\"><div class=\"su-box-title\" style=\"background-color:#b7b7b7;color:#FFFFFF;border-top-left-radius:1px;border-top-right-radius:1px\">Especifica\u00e7\u00f5es<\/div><div class=\"su-box-content su-u-clearfix su-u-trim\" style=\"border-bottom-left-radius:1px;border-bottom-right-radius:1px\">\n<table border=\"0\" cellspacing=\"0\" cellpadding=\"0\">\n<tbody>\n<tr>\n<td colspan=\"2\">\n<h4>Geral<\/h4>\n<\/td>\n<\/tr>\n<tr>\n<td>Tecnologia de Impress\u00e3o<\/td>\n<td>Laser Eletrofotogr\u00e1fico<\/td>\n<\/tr>\n<tr>\n<td>Visor LCD<\/td>\n<td>Sim, 16 caracteres x 2 linhas<\/td>\n<\/tr>\n<tr>\n<td>Velocidade Maxima em Preto (ppm)<\/td>\n<td>27 ppm<\/td>\n<\/tr>\n<tr>\n<td>Resolu\u00e7\u00e3o (m\u00e1xima) em dpi<\/td>\n<td>2400 x 600 dpi<\/td>\n<\/tr>\n<tr>\n<td>Tempo de Impress\u00e3o da Primeira P\u00e1gina<\/td>\n<td>menor que 8,5 segundos<\/td>\n<\/tr>\n<tr>\n<td>Velocidade do Processador<\/td>\n<td>ARM9 200Mhz<\/td>\n<\/tr>\n<tr>\n<td>Mem\u00f3ria Padr\u00e3o<\/td>\n<td>32 MB<\/td>\n<\/tr>\n<tr>\n<td>Mem\u00f3ria Opcional<\/td>\n<td>N\/A<\/td>\n<\/tr>\n<tr>\n<td>Emula\u00e7\u00e3o<\/td>\n<td>GDI<\/td>\n<\/tr>\n<tr>\n<td>Interfaces<\/td>\n<td>USB 2.0 de Alta Velocidade e Ethernet 10\/100<\/td>\n<\/tr>\n<tr>\n<td>Volume M\u00e1ximo de Ciclo Mensal<\/td>\n<td>10.000 P\u00e1ginas<\/td>\n<\/tr>\n<tr>\n<td colspan=\"2\">\n<h4>Manuseio do Papel<\/h4>\n<\/td>\n<\/tr>\n<tr>\n<td>Capacidade da Bandeja de Papel<\/td>\n<td>Bandeja padr\u00e3o: 250 folhas Bandeja multiuso de Alimenta\u00e7\u00e3o Manual: 01 folha<\/td>\n<\/tr>\n<tr>\n<td>Capacidade de Bandeja Adicional<\/td>\n<td>N\/A<\/td>\n<\/tr>\n<tr>\n<td>Capacidade de Sa\u00edda do Papel<\/td>\n<td>100 folhas<\/td>\n<\/tr>\n<tr>\n<td>Tamanhos do Papel<\/td>\n<td>Carta, A4, B5 (ISO\/JIS), A5, A5 (borda longa), B6 (ISO), A6, Executivo, Oficio e Folio<\/td>\n<\/tr>\n<tr>\n<td>Tipos de Papel<\/td>\n<td>Papel comum, papel fino ou papel reciclado<\/td>\n<\/tr>\n<tr>\n<td>Gramatura de Papel<\/td>\n<td>Bandeja padr\u00e3o: 60 a 105 g\/m2 Bandeja multiuso: 60 a 163g\/m2<\/td>\n<\/tr>\n<tr>\n<td>ADF<\/td>\n<td>At\u00e9 35 p\u00e1ginas<\/td>\n<\/tr>\n<tr>\n<td colspan=\"2\">\n<h4>C\u00f3pia<\/h4>\n<\/td>\n<\/tr>\n<tr>\n<td>Velocidade da C\u00f3pia em Preto<\/td>\n<td>27 cpm<\/td>\n<\/tr>\n<tr>\n<td>Amplia\u00e7\u00e3o \/ Redu\u00e7\u00e3o<\/td>\n<td>25% &#8211; 400%<\/td>\n<\/tr>\n<tr>\n<td>Tamanho do Vidro de Exposi\u00e7\u00e3o<\/td>\n<td>A4<\/td>\n<\/tr>\n<tr>\n<td colspan=\"2\">\n<h4>Digitaliza\u00e7\u00e3o<\/h4>\n<\/td>\n<\/tr>\n<tr>\n<td>Digitaliza\u00e7\u00e3o Color e Mono<\/td>\n<td>Sim<\/td>\n<\/tr>\n<tr>\n<td>Capacidade M\u00e1xima do ADF<\/td>\n<td>At\u00e9 35 folhas<\/td>\n<\/tr>\n<tr>\n<td>Resolu\u00e7\u00e3o \u00d3ptica do Scanner<\/td>\n<td>600 x 2400 dpi<\/td>\n<\/tr>\n<tr>\n<td>Resolu\u00e7\u00e3o Interpolada<\/td>\n<td>At\u00e9 19200 x 19200 dpi<\/td>\n<\/tr>\n<tr>\n<td>Digitaliza para<\/td>\n<td>Email, Arquivo, Imagem, OCR<\/td>\n<\/tr>\n<tr>\n<td colspan=\"2\">\n<h4>Rede<\/h4>\n<\/td>\n<\/tr>\n<tr>\n<td>Interface de Rede Embutida<\/td>\n<td>Ethernet<\/td>\n<\/tr>\n<tr>\n<td>Compatibilidade de Rede<\/td>\n<td>TCP\/IP (IPv4\/iPv6), Apple Simple Network Configuration<\/td>\n<\/tr>\n<tr>\n<td colspan=\"2\">\n<h4>Softwares<\/h4>\n<\/td>\n<\/tr>\n<tr>\n<td>Drives Compat\u00edveis<\/td>\n<td>Windows 7 \/ Widnows Vista \/ XP \/ XP Professional x64 \/ 2000 \/ Server 2003 \/ 2008 Mac OS X10.4.11, 10.5.X, 10.6.X Linux: Red Hat (32), Fedora 10 (32), OpenSuSe 11.1 (32), Debian 5.03 (32) Ubuntu 9.04 (64)<\/td>\n<\/tr>\n<tr>\n<td>Visualiza\u00e7\u00e3o e Software OCR<\/td>\n<td>ScanSoft, PaperPort SE com OCR da Nuance, Software para Windows e Presto, PageManager 9 para Mac<\/td>\n<\/tr>\n<tr>\n<td>Ferramenta de Gerenciamento<\/td>\n<td>BRAdmin Light, Gerenciamento via Web, BRAdmin Pro3, Web-BRAdmin<\/td>\n<\/tr>\n<tr>\n<td colspan=\"2\">\n<h4>Ambiente<\/h4>\n<\/td>\n<\/tr>\n<tr>\n<td>Consumo de Energia:Printing \/ Standy-by \/ Sleep<\/td>\n<td>445W, 55W<\/td>\n<\/tr>\n<tr>\n<td>Certifica\u00e7\u00e3o Energy Star<\/td>\n<td>Sim<\/td>\n<\/tr>\n<tr>\n<td colspan=\"2\">\n<h4>Outros<\/h4>\n<\/td>\n<\/tr>\n<tr>\n<td>Modo Toner Save<\/td>\n<td>Sim<\/td>\n<\/tr>\n<tr>\n<td>Dimens\u00f5es do Equipamento sem caixa<\/td>\n<td>40,4 x 31,5 x 39,9 cm (L x A x P)<\/td>\n<\/tr>\n<tr>\n<td>Dimens\u00f5es do Equipamento com caixa<\/td>\n<td>52,6 x 49,3 x 51,0 cm (L x A x P)<\/td>\n<\/tr>\n<tr>\n<td>Peso do Equipamento sem caixa<\/td>\n<td>11,4 Kg<\/td>\n<\/tr>\n<tr>\n<td>Peso do Equipamento com caixa<\/td>\n<td>14,6 Kg<\/td>\n<\/tr>\n<tr>\n<td>Garantia<\/td>\n<td>1 Ano<\/td>\n<\/tr>\n<\/tbody>\n<\/table>\n<\/div><\/div>\n","protected":false},"excerpt":{"rendered":"","protected":false},"author":1,"featured_media":0,"parent":36,"menu_order":0,"comment_status":"open","ping_status":"closed","template":"","meta":[],"_links":{"self":[{"href":"https:\/\/www.copybusiness.com.br\/site\/wp-json\/wp\/v2\/pages\/178"}],"collection":[{"href":"https:\/\/www.copybusiness.com.br\/site\/wp-json\/wp\/v2\/pages"}],"about":[{"href":"https:\/\/www.copybusiness.com.br\/site\/wp-json\/wp\/v2\/types\/page"}],"author":[{"embeddable":true,"href":"https:\/\/www.copybusiness.com.br\/site\/wp-json\/wp\/v2\/users\/1"}],"replies":[{"embeddable":true,"href":"https:\/\/www.copybusiness.com.br\/site\/wp-json\/wp\/v2\/comments?post=178"}],"version-history":[{"count":4,"href":"https:\/\/www.copybusiness.com.br\/site\/wp-json\/wp\/v2\/pages\/178\/revisions"}],"predecessor-version":[{"id":182,"href":"https:\/\/www.copybusiness.com.br\/site\/wp-json\/wp\/v2\/pages\/178\/revisions\/182"}],"up":[{"embeddable":true,"href":"https:\/\/www.copybusiness.com.br\/site\/wp-json\/wp\/v2\/pages\/36"}],"wp:attachment":[{"href":"https:\/\/www.copybusiness.com.br\/site\/wp-json\/wp\/v2\/media?parent=178"}],"curies":[{"name":"wp","href":"https:\/\/api.w.org\/{rel}","templated":true}]}}