{"id":230,"date":"2013-11-01T15:22:48","date_gmt":"2013-11-01T17:22:48","guid":{"rendered":"http:\/\/www.copybusiness.com.br\/site\/?page_id=230"},"modified":"2013-11-01T15:29:13","modified_gmt":"2013-11-01T17:29:13","slug":"multifuncional-brother-dcp-8112","status":"publish","type":"page","link":"https:\/\/www.copybusiness.com.br\/site\/produtos\/multifuncional-brother-dcp-8112\/","title":{"rendered":"Multifuncional Brother DCP 8112"},"content":{"rendered":"<p style=\"text-align: center;\"><a href=\"http:\/\/www.copybusiness.com.br\/site\/wp-content\/uploads\/2013\/11\/DCP-8112DN_Front_1.jpg\"><img loading=\"lazy\" class=\"alignnone size-full wp-image-231\" alt=\"DCP-8112DN_Front_1\" src=\"http:\/\/www.copybusiness.com.br\/site\/wp-content\/uploads\/2013\/11\/DCP-8112DN_Front_1.jpg\" width=\"176\" height=\"200\" \/><\/a><\/p>\n<div class=\"su-box su-box-style-default\" id=\"\" style=\"border-color:#848484;border-radius:3px\"><div class=\"su-box-title\" style=\"background-color:#b7b7b7;color:#FFFFFF;border-top-left-radius:1px;border-top-right-radius:1px\">Modelo<\/div><div class=\"su-box-content su-u-clearfix su-u-trim\" style=\"border-bottom-left-radius:1px;border-bottom-right-radius:1px\">Brother DCP 8112 DN<\/div><\/div>\n<div class=\"su-box su-box-style-default\" id=\"\" style=\"border-color:#848484;border-radius:3px\"><div class=\"su-box-title\" style=\"background-color:#b7b7b7;color:#FFFFFF;border-top-left-radius:1px;border-top-right-radius:1px\">Especifica\u00e7\u00f5es<\/div><div class=\"su-box-content su-u-clearfix su-u-trim\" style=\"border-bottom-left-radius:1px;border-bottom-right-radius:1px\">\n<table border=\"0\" cellspacing=\"0\" cellpadding=\"0\">\n<tbody>\n<tr>\n<td colspan=\"2\">\n<h4>Geral<\/h4>\n<\/td>\n<\/tr>\n<tr>\n<td>Tecnologia de Impress\u00e3o<\/td>\n<td>Laser \/ Monocrom\u00e1tica<\/td>\n<\/tr>\n<tr>\n<td>Visor LCD<\/td>\n<td>Sim<\/td>\n<\/tr>\n<tr>\n<td>Velocidade Maxima em Preto (ppm)<\/td>\n<td>38 ppm<\/td>\n<\/tr>\n<tr>\n<td>Velocidade M\u00e1xima em Color (ppm)<\/td>\n<td>N\/A<\/td>\n<\/tr>\n<tr>\n<td>Resolu\u00e7\u00e3o (m\u00e1xima) em dpi<\/td>\n<td>1200 x 1200dpi<\/td>\n<\/tr>\n<tr>\n<td>Tempo de Impress\u00e3o da Primeira P\u00e1gina<\/td>\n<td>Menos que 8,5 segundos<\/td>\n<\/tr>\n<tr>\n<td>Velocidade do Processador<\/td>\n<td>400 MHz<\/td>\n<\/tr>\n<tr>\n<td>Mem\u00f3ria Padr\u00e3o<\/td>\n<td>64 MB<\/td>\n<\/tr>\n<tr>\n<td>Mem\u00f3ria Opcional<\/td>\n<td>Expans\u00edvel at\u00e9 320 MB<\/td>\n<\/tr>\n<tr>\n<td>Emula\u00e7\u00e3o<\/td>\n<td>PCL6, BR-Script3, IBM Proprinter XL, Epson FX-850<\/td>\n<\/tr>\n<tr>\n<td>Fontes Residentes<\/td>\n<td>66 Fontes escal\u00e1veis, 12 fontes em Bitmap, 13 c\u00f3digos de barra<\/td>\n<\/tr>\n<tr>\n<td>Duplex<\/td>\n<td>Sim<\/td>\n<\/tr>\n<tr>\n<td>Interfaces<\/td>\n<td>USB 2.0 \/ Ethernet<\/td>\n<\/tr>\n<tr>\n<td>Volume M\u00e1ximo de Ciclo Mensal<\/td>\n<td>50.000pg<\/td>\n<\/tr>\n<tr>\n<td colspan=\"2\">\n<h4>Manuseio do Papel<\/h4>\n<\/td>\n<\/tr>\n<tr>\n<td>Capacidade da Bandeja de Papel<\/td>\n<td>250 folhas<\/td>\n<\/tr>\n<tr>\n<td>Capacidade de Bandeja Adicional<\/td>\n<td>50 folhas<\/td>\n<\/tr>\n<tr>\n<td>Capacidade de Sa\u00edda do Papel<\/td>\n<td>150 folhas<\/td>\n<\/tr>\n<tr>\n<td>Tamanhos do Papel<\/td>\n<td>Carta, A6, B5, A4 (ISO \/ JIS), A5, A5 (Edge Long), B6 ??(ISO), Executive<\/td>\n<\/tr>\n<tr>\n<td>Tipos de Papel<\/td>\n<td>Papel comum, papel fino, papel reciclado<\/td>\n<\/tr>\n<tr>\n<td>Gramatura de Papel<\/td>\n<td>60 a 163 gm\u00b2<\/td>\n<\/tr>\n<tr>\n<td>ADF<\/td>\n<td>35 folhas<\/td>\n<\/tr>\n<tr>\n<td colspan=\"2\">\n<h4>C\u00f3pia<\/h4>\n<\/td>\n<\/tr>\n<tr>\n<td>Velocidade da C\u00f3pia em Preto<\/td>\n<td>38 cpm<\/td>\n<\/tr>\n<tr>\n<td>Velocidade da C\u00f3pia em Color<\/td>\n<td>N\/A<\/td>\n<\/tr>\n<tr>\n<td>Amplia\u00e7\u00e3o \/ Redu\u00e7\u00e3o<\/td>\n<td>25% &#8211; 400%<\/td>\n<\/tr>\n<tr>\n<td>Tamanho do Vidro de Exposi\u00e7\u00e3o<\/td>\n<td>A4<\/td>\n<\/tr>\n<tr>\n<td>Copia sem uso do PC<\/td>\n<td>Sim<\/td>\n<\/tr>\n<tr>\n<td>Agrupamento de C\u00f3pias (2 em 1)<\/td>\n<td>Sim<\/td>\n<\/tr>\n<tr>\n<td>C\u00f3pia Duplex Autom\u00e1tica<\/td>\n<td>N\u00e3o<\/td>\n<\/tr>\n<tr>\n<td colspan=\"2\">\n<h4>Digitaliza\u00e7\u00e3o<\/h4>\n<\/td>\n<\/tr>\n<tr>\n<td>Digitaliza\u00e7\u00e3o Color e Mono<\/td>\n<td>Sim<\/td>\n<\/tr>\n<tr>\n<td>Velocidade de Digitaliza\u00e7\u00e3o<\/td>\n<td>2.92s color \/ 1.99s mono<\/td>\n<\/tr>\n<tr>\n<td>Digitaliza\u00e7\u00e3o Duplex Autom\u00e1tica<\/td>\n<td>N\u00e3o<\/td>\n<\/tr>\n<tr>\n<td>Resolu\u00e7\u00e3o Interpolada<\/td>\n<td>19.200 x 19.200 dpi<\/td>\n<\/tr>\n<tr>\n<td>Digitaliza para<\/td>\n<td>E-mail (software), FTP, Img, OCR, Arquivo, Rede, Pendrive<\/td>\n<\/tr>\n<tr>\n<td colspan=\"2\">\n<h4>Rede<\/h4>\n<\/td>\n<\/tr>\n<tr>\n<td>Compatibilidade de Rede<\/td>\n<td>Ethernet 10\/100 base tx<\/td>\n<\/tr>\n<tr>\n<td colspan=\"2\">\n<h4>Softwares<\/h4>\n<\/td>\n<\/tr>\n<tr>\n<td>Drives Compat\u00edveis<\/td>\n<td>Windows \/ Mac OS<\/td>\n<\/tr>\n<tr>\n<td>Visualiza\u00e7\u00e3o e Software OCR<\/td>\n<td>Sim<\/td>\n<\/tr>\n<tr>\n<td>Ferramenta de Gerenciamento<\/td>\n<td>Secure Function Lock<\/td>\n<\/tr>\n<tr>\n<td colspan=\"2\">\n<h4>Ambiente<\/h4>\n<\/td>\n<\/tr>\n<tr>\n<td>Consumo de Energia:Printing \/ Standy-by \/ Sleep<\/td>\n<td>669\/8.1\/1.2W<\/td>\n<\/tr>\n<tr>\n<td>Certifica\u00e7\u00e3o Energy Star<\/td>\n<td>Sim<\/td>\n<\/tr>\n<tr>\n<td colspan=\"2\">\n<h4>Outros<\/h4>\n<\/td>\n<\/tr>\n<tr>\n<td>Modo Toner Save<\/td>\n<td>N\/I<\/td>\n<\/tr>\n<tr>\n<td>Dimens\u00f5es do Equipamento sem caixa<\/td>\n<td>40,4&#215;42,4&#215;41,4 cm<\/td>\n<\/tr>\n<tr>\n<td>Dimens\u00f5es do Equipamento com caixa<\/td>\n<td>53,3&#215;60,2&#215;51,6 cm<\/td>\n<\/tr>\n<tr>\n<td>Peso do Equipamento sem caixa<\/td>\n<td>15,6 kg<\/td>\n<\/tr>\n<tr>\n<td>Peso do Equipamento com caixa<\/td>\n<td>19,7 kg<\/td>\n<\/tr>\n<\/tbody>\n<\/table>\n<\/div><\/div>\n","protected":false},"excerpt":{"rendered":"","protected":false},"author":1,"featured_media":0,"parent":36,"menu_order":0,"comment_status":"open","ping_status":"open","template":"","meta":[],"_links":{"self":[{"href":"https:\/\/www.copybusiness.com.br\/site\/wp-json\/wp\/v2\/pages\/230"}],"collection":[{"href":"https:\/\/www.copybusiness.com.br\/site\/wp-json\/wp\/v2\/pages"}],"about":[{"href":"https:\/\/www.copybusiness.com.br\/site\/wp-json\/wp\/v2\/types\/page"}],"author":[{"embeddable":true,"href":"https:\/\/www.copybusiness.com.br\/site\/wp-json\/wp\/v2\/users\/1"}],"replies":[{"embeddable":true,"href":"https:\/\/www.copybusiness.com.br\/site\/wp-json\/wp\/v2\/comments?post=230"}],"version-history":[{"count":3,"href":"https:\/\/www.copybusiness.com.br\/site\/wp-json\/wp\/v2\/pages\/230\/revisions"}],"predecessor-version":[{"id":236,"href":"https:\/\/www.copybusiness.com.br\/site\/wp-json\/wp\/v2\/pages\/230\/revisions\/236"}],"up":[{"embeddable":true,"href":"https:\/\/www.copybusiness.com.br\/site\/wp-json\/wp\/v2\/pages\/36"}],"wp:attachment":[{"href":"https:\/\/www.copybusiness.com.br\/site\/wp-json\/wp\/v2\/media?parent=230"}],"curies":[{"name":"wp","href":"https:\/\/api.w.org\/{rel}","templated":true}]}}