{"id":264,"date":"2013-11-04T12:58:56","date_gmt":"2013-11-04T14:58:56","guid":{"rendered":"http:\/\/www.copybusiness.com.br\/site\/?page_id=264"},"modified":"2013-11-04T12:58:56","modified_gmt":"2013-11-04T14:58:56","slug":"multifuncional-brother-dcp-8912","status":"publish","type":"page","link":"https:\/\/www.copybusiness.com.br\/site\/produtos\/multifuncional-brother-dcp-8912\/","title":{"rendered":"Multifuncional Brother DCP 8912"},"content":{"rendered":"<p style=\"text-align: center;\"><a href=\"http:\/\/www.copybusiness.com.br\/site\/wp-content\/uploads\/2013\/11\/MFC8912DW_Front.jpg\"><img loading=\"lazy\" class=\"alignnone size-full wp-image-265\" alt=\"MFC8912DW_Front\" src=\"http:\/\/www.copybusiness.com.br\/site\/wp-content\/uploads\/2013\/11\/MFC8912DW_Front.jpg\" width=\"210\" height=\"194\" \/><\/a><\/p>\n<p style=\"text-align: center;\">\n<div class=\"su-box su-box-style-default\" id=\"\" style=\"border-color:#848484;border-radius:3px\"><div class=\"su-box-title\" style=\"background-color:#b7b7b7;color:#FFFFFF;border-top-left-radius:1px;border-top-right-radius:1px\">Modelo<\/div><div class=\"su-box-content su-u-clearfix su-u-trim\" style=\"border-bottom-left-radius:1px;border-bottom-right-radius:1px\">Brother DCP 8912 DW<\/div><\/div>\n<div class=\"su-box su-box-style-default\" id=\"\" style=\"border-color:#848484;border-radius:3px\"><div class=\"su-box-title\" style=\"background-color:#b7b7b7;color:#FFFFFF;border-top-left-radius:1px;border-top-right-radius:1px\">Especifica\u00e7\u00f5es<\/div><div class=\"su-box-content su-u-clearfix su-u-trim\" style=\"border-bottom-left-radius:1px;border-bottom-right-radius:1px\">\n<table border=\"0\" cellspacing=\"0\" cellpadding=\"0\">\n<tbody>\n<tr>\n<td colspan=\"2\">\n<h4>Geral<\/h4>\n<\/td>\n<\/tr>\n<tr>\n<td>Tecnologia de Impress\u00e3o<\/td>\n<td>Laser Eletrofotogr\u00e1fico Monocrom\u00e1tico<\/td>\n<\/tr>\n<tr>\n<td>Visor LCD<\/td>\n<td>Display LCD monocrom\u00e1tico de 5 linhas \/ 22 caracteres<\/td>\n<\/tr>\n<tr>\n<td>Velocidade Maxima em Preto (ppm)<\/td>\n<td>42ppm<\/td>\n<\/tr>\n<tr>\n<td>Velocidade M\u00e1xima em Color (ppm)<\/td>\n<td>N\/A<\/td>\n<\/tr>\n<tr>\n<td>Resolu\u00e7\u00e3o (m\u00e1xima) em dpi<\/td>\n<td>At\u00e9 1200 x 1200 dpi<\/td>\n<\/tr>\n<tr>\n<td>Tempo de Impress\u00e3o da Primeira P\u00e1gina<\/td>\n<td>Menos de 8,5 segundos<\/td>\n<\/tr>\n<tr>\n<td>Velocidade do Processador<\/td>\n<td>400 Mhz<\/td>\n<\/tr>\n<tr>\n<td>Mem\u00f3ria Padr\u00e3o<\/td>\n<td>128MB<\/td>\n<\/tr>\n<tr>\n<td>Mem\u00f3ria Opcional<\/td>\n<td>384 MB<\/td>\n<\/tr>\n<tr>\n<td>Emula\u00e7\u00e3o<\/td>\n<td>PCL6 \/ BR-Script 3 \/ IBM Proprinter \/ Epson FX<\/td>\n<\/tr>\n<tr>\n<td>Fontes Residentes<\/td>\n<td>66 Fontes escal\u00e1veis, 12 fontes em Bitmap, 13 c\u00f3digos de barra<\/td>\n<\/tr>\n<tr>\n<td>Duplex<\/td>\n<td>Sim<\/td>\n<\/tr>\n<tr>\n<td>Interfaces<\/td>\n<td>Wireless 802.11b\/g\/n, Ethernet e USB 2.0 de alta velocidade<\/td>\n<\/tr>\n<tr>\n<td>Impress\u00e3o Via USB (Pen Drive)<\/td>\n<td>Sim<\/td>\n<\/tr>\n<tr>\n<td>Volume M\u00e1ximo de Ciclo Mensal<\/td>\n<td>50.000 p\u00e1ginas<\/td>\n<\/tr>\n<tr>\n<td colspan=\"2\">\n<h4>Manuseio do Papel<\/h4>\n<\/td>\n<\/tr>\n<tr>\n<td>Capacidade da Bandeja de Papel<\/td>\n<td>250 folhas<\/td>\n<\/tr>\n<tr>\n<td>Capacidade de Bandeja Adicional<\/td>\n<td>500 folhas<\/td>\n<\/tr>\n<tr>\n<td>Capacidade de Sa\u00edda do Papel<\/td>\n<td>150 folhas<\/td>\n<\/tr>\n<tr>\n<td>Tamanhos do Papel<\/td>\n<td>At\u00e9 21,6 x 35,6 cm (tamanho of\u00edcio)<\/td>\n<\/tr>\n<tr>\n<td>Tipos de Papel<\/td>\n<td>Papel comum, papel fino, papel reciclado<\/td>\n<\/tr>\n<tr>\n<td>Gramatura de Papel<\/td>\n<td>60 a 163 gm\u00b2<\/td>\n<\/tr>\n<tr>\n<td>ADF<\/td>\n<td>50 folhas<\/td>\n<\/tr>\n<tr>\n<td colspan=\"2\">\n<h4>C\u00f3pia<\/h4>\n<\/td>\n<\/tr>\n<tr>\n<td>Velocidade da C\u00f3pia em Preto<\/td>\n<td>42cpm<\/td>\n<\/tr>\n<tr>\n<td>Velocidade da C\u00f3pia em Color<\/td>\n<td>N\/A<\/td>\n<\/tr>\n<tr>\n<td>Amplia\u00e7\u00e3o \/ Redu\u00e7\u00e3o<\/td>\n<td>25% &#8211; 400%<\/td>\n<\/tr>\n<tr>\n<td>Tamanho do Vidro de Exposi\u00e7\u00e3o<\/td>\n<td>Of\u00edcio<\/td>\n<\/tr>\n<tr>\n<td>Copia sem uso do PC<\/td>\n<td>Sim<\/td>\n<\/tr>\n<tr>\n<td>Agrupamento de C\u00f3pias (2 em 1)<\/td>\n<td>Sim<\/td>\n<\/tr>\n<tr>\n<td>C\u00f3pia Duplex Autom\u00e1tica<\/td>\n<td>Sim<\/td>\n<\/tr>\n<tr>\n<td colspan=\"2\">\n<h4>Digitaliza\u00e7\u00e3o<\/h4>\n<\/td>\n<\/tr>\n<tr>\n<td>Digitaliza\u00e7\u00e3o Color e Mono<\/td>\n<td>Sim<\/td>\n<\/tr>\n<tr>\n<td>Velocidade de Digitaliza\u00e7\u00e3o<\/td>\n<td>2,52 color e 1,68 mono<\/td>\n<\/tr>\n<tr>\n<td>Capacidade M\u00e1xima do ADF<\/td>\n<td>At\u00e9 50 p\u00e1ginas<\/td>\n<\/tr>\n<tr>\n<td>Digitaliza\u00e7\u00e3o Duplex Autom\u00e1tica<\/td>\n<td>Sim<\/td>\n<\/tr>\n<tr>\n<td>Resolu\u00e7\u00e3o Interpolada<\/td>\n<td>19.200 x 19.200 dpi<\/td>\n<\/tr>\n<tr>\n<td>Digitaliza para<\/td>\n<td>E-mail \/ Imagem \/ OCR \/ Arquivo \/ FTP \/ USB \/ Servidor de E-mail e pasta de rede (CIFS)<\/td>\n<\/tr>\n<tr>\n<td colspan=\"2\">\n<h4>Fax<\/h4>\n<\/td>\n<\/tr>\n<tr>\n<td>Velocidade do Modem<\/td>\n<td>33,6 kbps<\/td>\n<\/tr>\n<tr>\n<td>Fax Sem Uso do PC<\/td>\n<td>Sim<\/td>\n<\/tr>\n<tr>\n<td>Discagem R\u00e1pida \/ Discagem de Um Toque<\/td>\n<td>16\/300<\/td>\n<\/tr>\n<tr>\n<td colspan=\"2\">\n<h4>Photo Capture Center<\/h4>\n<\/td>\n<\/tr>\n<tr>\n<td>Interface PictBridge \/ USB Direta<\/td>\n<td>N\u00e3o \/ Sim<\/td>\n<\/tr>\n<tr>\n<td colspan=\"2\">\n<h4>Rede<\/h4>\n<\/td>\n<\/tr>\n<tr>\n<td>Fun\u00e7\u00f5es de Seguran\u00e7a<\/td>\n<td>Imppress\u00e3o segura, bloqueio de fun\u00e7\u00f5es e enterprise security (802.1X)<\/td>\n<\/tr>\n<tr>\n<td colspan=\"2\">\n<h4>Softwares<\/h4>\n<\/td>\n<\/tr>\n<tr>\n<td>Drives Compat\u00edveis<\/td>\n<td>Windows \/ Mac OS \/ Lunux<\/td>\n<\/tr>\n<tr>\n<td>Visualiza\u00e7\u00e3o e Software OCR<\/td>\n<td>Sim<\/td>\n<\/tr>\n<tr>\n<td colspan=\"2\">\n<h4>Ambiente<\/h4>\n<\/td>\n<\/tr>\n<tr>\n<td>Consumo de Energia:Printing \/ Standy-by \/ Sleep<\/td>\n<td>702\/8.1\/1.4w<\/td>\n<\/tr>\n<tr>\n<td>Certifica\u00e7\u00e3o Energy Star<\/td>\n<td>Sim<\/td>\n<\/tr>\n<tr>\n<td colspan=\"2\">\n<h4>Outros<\/h4>\n<\/td>\n<\/tr>\n<tr>\n<td>Dimens\u00f5es do Equipamento sem caixa<\/td>\n<td>49,0 x 44,7 x 41,4 cm<\/td>\n<\/tr>\n<tr>\n<td>Dimens\u00f5es do Equipamento com caixa<\/td>\n<td>59,4 x 60,5 x 53,3 cm<\/td>\n<\/tr>\n<tr>\n<td>Peso do Equipamento sem caixa<\/td>\n<td>16,7 kg<\/td>\n<\/tr>\n<tr>\n<td>Peso do Equipamento com caixa<\/td>\n<td>20,4 kg<\/td>\n<\/tr>\n<\/tbody>\n<\/table>\n<\/div><\/div>\n","protected":false},"excerpt":{"rendered":"","protected":false},"author":1,"featured_media":0,"parent":36,"menu_order":0,"comment_status":"open","ping_status":"open","template":"","meta":[],"_links":{"self":[{"href":"https:\/\/www.copybusiness.com.br\/site\/wp-json\/wp\/v2\/pages\/264"}],"collection":[{"href":"https:\/\/www.copybusiness.com.br\/site\/wp-json\/wp\/v2\/pages"}],"about":[{"href":"https:\/\/www.copybusiness.com.br\/site\/wp-json\/wp\/v2\/types\/page"}],"author":[{"embeddable":true,"href":"https:\/\/www.copybusiness.com.br\/site\/wp-json\/wp\/v2\/users\/1"}],"replies":[{"embeddable":true,"href":"https:\/\/www.copybusiness.com.br\/site\/wp-json\/wp\/v2\/comments?post=264"}],"version-history":[{"count":1,"href":"https:\/\/www.copybusiness.com.br\/site\/wp-json\/wp\/v2\/pages\/264\/revisions"}],"predecessor-version":[{"id":266,"href":"https:\/\/www.copybusiness.com.br\/site\/wp-json\/wp\/v2\/pages\/264\/revisions\/266"}],"up":[{"embeddable":true,"href":"https:\/\/www.copybusiness.com.br\/site\/wp-json\/wp\/v2\/pages\/36"}],"wp:attachment":[{"href":"https:\/\/www.copybusiness.com.br\/site\/wp-json\/wp\/v2\/media?parent=264"}],"curies":[{"name":"wp","href":"https:\/\/api.w.org\/{rel}","templated":true}]}}