{"id":27,"date":"2013-10-24T10:39:50","date_gmt":"2013-10-24T12:39:50","guid":{"rendered":"http:\/\/www.copybusiness.com.br\/site\/?page_id=27"},"modified":"2013-11-21T14:47:08","modified_gmt":"2013-11-21T16:47:08","slug":"outsourcingdeimpressao","status":"publish","type":"page","link":"https:\/\/www.copybusiness.com.br\/site\/servicos\/outsourcingdeimpressao\/","title":{"rendered":"Outsourcing de Impress\u00e3o"},"content":{"rendered":"<p style=\"text-align: justify;\">A contrata\u00e7\u00e3o de servi\u00e7os perif\u00e9ricos visa a reduzir custos internos aproveitando o &#8220;<i>know how<\/i>&#8221; e a especializa\u00e7\u00e3o de empresas externas que, em determinadas \u00e1reas espec\u00edficas, se revelam como op\u00e7\u00e3o mais vantajosa, permitindo maiores rentabilidades, uma vez que os empregados subcontratados normalmente ganham um vencimento reduzido.<\/p>\n<p>No ramo de impress\u00f5es n\u00e3o poderia ser diferente, diversas organiza\u00e7\u00f5es escolhem empresas especializadas para cuidar de todo o servi\u00e7o relacionado a impress\u00e3o e c\u00f3pia. O papel de nossa empresa \u00e9 avaliar todo o ambiente dessa organiza\u00e7\u00e3o e estudar maneiras de melhorar a qualidade e reduzir os custos relacionados ao setor, isso seria o\u00a0<strong>outsourcing de impress\u00e3o<\/strong>.<\/p>\n","protected":false},"excerpt":{"rendered":"<p>A contrata\u00e7\u00e3o de servi\u00e7os perif\u00e9ricos visa a reduzir custos internos aproveitando o &#8220;know how&#8221; e a especializa\u00e7\u00e3o de empresas externas que, em determinadas \u00e1reas espec\u00edficas, se revelam como op\u00e7\u00e3o mais vantajosa, permitindo maiores rentabilidades, uma vez que os empregados subcontratados normalmente ganham um vencimento reduzido. No ramo de impress\u00f5es n\u00e3o poderia ser diferente, diversas organiza\u00e7\u00f5es [&hellip;]<\/p>\n","protected":false},"author":1,"featured_media":33,"parent":38,"menu_order":0,"comment_status":"open","ping_status":"closed","template":"","meta":[],"_links":{"self":[{"href":"https:\/\/www.copybusiness.com.br\/site\/wp-json\/wp\/v2\/pages\/27"}],"collection":[{"href":"https:\/\/www.copybusiness.com.br\/site\/wp-json\/wp\/v2\/pages"}],"about":[{"href":"https:\/\/www.copybusiness.com.br\/site\/wp-json\/wp\/v2\/types\/page"}],"author":[{"embeddable":true,"href":"https:\/\/www.copybusiness.com.br\/site\/wp-json\/wp\/v2\/users\/1"}],"replies":[{"embeddable":true,"href":"https:\/\/www.copybusiness.com.br\/site\/wp-json\/wp\/v2\/comments?post=27"}],"version-history":[{"count":6,"href":"https:\/\/www.copybusiness.com.br\/site\/wp-json\/wp\/v2\/pages\/27\/revisions"}],"predecessor-version":[{"id":370,"href":"https:\/\/www.copybusiness.com.br\/site\/wp-json\/wp\/v2\/pages\/27\/revisions\/370"}],"up":[{"embeddable":true,"href":"https:\/\/www.copybusiness.com.br\/site\/wp-json\/wp\/v2\/pages\/38"}],"wp:featuredmedia":[{"embeddable":true,"href":"https:\/\/www.copybusiness.com.br\/site\/wp-json\/wp\/v2\/media\/33"}],"wp:attachment":[{"href":"https:\/\/www.copybusiness.com.br\/site\/wp-json\/wp\/v2\/media?parent=27"}],"curies":[{"name":"wp","href":"https:\/\/api.w.org\/{rel}","templated":true}]}}