{"id":271,"date":"2013-11-04T13:04:21","date_gmt":"2013-11-04T15:04:21","guid":{"rendered":"http:\/\/www.copybusiness.com.br\/site\/?page_id=271"},"modified":"2013-11-04T13:05:37","modified_gmt":"2013-11-04T15:05:37","slug":"multifuncional-brother-dcp-8952-dwt","status":"publish","type":"page","link":"https:\/\/www.copybusiness.com.br\/site\/produtos\/multifuncional-brother-dcp-8952-dwt\/","title":{"rendered":"Multifuncional Brother DCP 8952 DWT"},"content":{"rendered":"<p style=\"text-align: center;\"><a href=\"http:\/\/www.copybusiness.com.br\/site\/wp-content\/uploads\/2013\/11\/MFC8952DWT_Front_1.jpg\"><img loading=\"lazy\" class=\"alignnone size-full wp-image-268\" alt=\"MFC8952DWT_Front_1\" src=\"http:\/\/www.copybusiness.com.br\/site\/wp-content\/uploads\/2013\/11\/MFC8952DWT_Front_1.jpg\" width=\"200\" height=\"200\" srcset=\"https:\/\/www.copybusiness.com.br\/site\/wp-content\/uploads\/2013\/11\/MFC8952DWT_Front_1.jpg 200w, https:\/\/www.copybusiness.com.br\/site\/wp-content\/uploads\/2013\/11\/MFC8952DWT_Front_1-150x150.jpg 150w\" sizes=\"(max-width: 200px) 100vw, 200px\" \/><\/a><\/p>\n<div class=\"su-box su-box-style-default\" id=\"\" style=\"border-color:#848484;border-radius:3px\"><div class=\"su-box-title\" style=\"background-color:#b7b7b7;color:#FFFFFF;border-top-left-radius:1px;border-top-right-radius:1px\">Modelo<\/div><div class=\"su-box-content su-u-clearfix su-u-trim\" style=\"border-bottom-left-radius:1px;border-bottom-right-radius:1px\">Brother DCP 8952 DWT<\/div><\/div>\n<div class=\"su-box su-box-style-default\" id=\"\" style=\"border-color:#848484;border-radius:3px\"><div class=\"su-box-title\" style=\"background-color:#b7b7b7;color:#FFFFFF;border-top-left-radius:1px;border-top-right-radius:1px\">Especifica\u00e7\u00f5es<\/div><div class=\"su-box-content su-u-clearfix su-u-trim\" style=\"border-bottom-left-radius:1px;border-bottom-right-radius:1px\">\n<table border=\"0\" cellspacing=\"0\" cellpadding=\"0\">\n<tbody>\n<tr>\n<td colspan=\"2\">\n<h4>Geral<\/h4>\n<\/td>\n<\/tr>\n<tr>\n<td>Tecnologia de Impress\u00e3o<\/td>\n<td>Laser \/ Monocrom\u00e1tica<\/td>\n<\/tr>\n<tr>\n<td>Visor LCD<\/td>\n<td>Sim (Touch)<\/td>\n<\/tr>\n<tr>\n<td>Velocidade Maxima em Preto (ppm)<\/td>\n<td>42ppm<\/td>\n<\/tr>\n<tr>\n<td>Velocidade M\u00e1xima em Color (ppm)<\/td>\n<td>N\/A<\/td>\n<\/tr>\n<tr>\n<td>Resolu\u00e7\u00e3o (m\u00e1xima) em dpi<\/td>\n<td>1200 x 1200 dpi<\/td>\n<\/tr>\n<tr>\n<td>Tempo de Impress\u00e3o da Primeira P\u00e1gina<\/td>\n<td>menor que 8,5 segundos<\/td>\n<\/tr>\n<tr>\n<td>Velocidade do Processador<\/td>\n<td>400Mhz<\/td>\n<\/tr>\n<tr>\n<td>Mem\u00f3ria Padr\u00e3o<\/td>\n<td>128MB<\/td>\n<\/tr>\n<tr>\n<td>Mem\u00f3ria Opcional<\/td>\n<td>384 MB<\/td>\n<\/tr>\n<tr>\n<td>Emula\u00e7\u00e3o<\/td>\n<td>PCL6 \/ BR-Script3 \/ IBM Proprinter \/ Epson FX<\/td>\n<\/tr>\n<tr>\n<td>Fontes Residentes<\/td>\n<td>66 Fontes escal\u00e1veis, 12 fontes em Bitmap, 13 c\u00f3digos de barra<\/td>\n<\/tr>\n<tr>\n<td>Duplex<\/td>\n<td>Sim<\/td>\n<\/tr>\n<tr>\n<td>Interfaces<\/td>\n<td>Wireless 802.11b\/g\/n \/ Gigabit Ethernet \/ USB 2.0 de alta velocidade.<\/td>\n<\/tr>\n<tr>\n<td>Impress\u00e3o Via USB (Pen Drive)<\/td>\n<td>Sim<\/td>\n<\/tr>\n<tr>\n<td>Volume M\u00e1ximo de Ciclo Mensal<\/td>\n<td>100.000pg<\/td>\n<\/tr>\n<tr>\n<td colspan=\"2\">\n<h4>Manuseio do Papel<\/h4>\n<\/td>\n<\/tr>\n<tr>\n<td>Capacidade da Bandeja de Papel<\/td>\n<td>500 folhas<\/td>\n<\/tr>\n<tr>\n<td>Capacidade de Bandeja Adicional<\/td>\n<td>50 folhas<\/td>\n<\/tr>\n<tr>\n<td>Capacidade de Sa\u00edda do Papel<\/td>\n<td>150 folhas<\/td>\n<\/tr>\n<tr>\n<td>Tamanhos do Papel<\/td>\n<td>Carta, A6, B5, A4 (ISO \/ JIS), A5, A5 (Edge Long), B6 ??(ISO), Executive<\/td>\n<\/tr>\n<tr>\n<td>Tipos de Papel<\/td>\n<td>Papel comum, papel fino, papel reciclado<\/td>\n<\/tr>\n<tr>\n<td>Gramatura de Papel<\/td>\n<td>60 a 163 gm\u00b2<\/td>\n<\/tr>\n<tr>\n<td>ADF<\/td>\n<td>At\u00e9 50 p\u00e1ginas<\/td>\n<\/tr>\n<tr>\n<td colspan=\"2\">\n<h4>C\u00f3pia<\/h4>\n<\/td>\n<\/tr>\n<tr>\n<td>Velocidade da C\u00f3pia em Preto<\/td>\n<td>42cpm (tamanho carta)<\/td>\n<\/tr>\n<tr>\n<td>Velocidade da C\u00f3pia em Color<\/td>\n<td>N\/A<\/td>\n<\/tr>\n<tr>\n<td>Amplia\u00e7\u00e3o \/ Redu\u00e7\u00e3o<\/td>\n<td>25% &#8211; 400% em incrementos de 1%<\/td>\n<\/tr>\n<tr>\n<td>Tamanho do Vidro de Exposi\u00e7\u00e3o<\/td>\n<td>Of\u00edcio<\/td>\n<\/tr>\n<tr>\n<td>Copia sem uso do PC<\/td>\n<td>Sim<\/td>\n<\/tr>\n<tr>\n<td>Agrupamento de C\u00f3pias (2 em 1)<\/td>\n<td>Sim<\/td>\n<\/tr>\n<tr>\n<td>C\u00f3pia Duplex Autom\u00e1tica<\/td>\n<td>Sim<\/td>\n<\/tr>\n<tr>\n<td colspan=\"2\">\n<h4>Digitaliza\u00e7\u00e3o<\/h4>\n<\/td>\n<\/tr>\n<tr>\n<td>Digitaliza\u00e7\u00e3o Color e Mono<\/td>\n<td>Sim<\/td>\n<\/tr>\n<tr>\n<td>Velocidade de Digitaliza\u00e7\u00e3o<\/td>\n<td>2,52 color e 1,68 mono<\/td>\n<\/tr>\n<tr>\n<td>Capacidade M\u00e1xima do ADF<\/td>\n<td>50<\/td>\n<\/tr>\n<tr>\n<td>Digitaliza\u00e7\u00e3o Duplex Autom\u00e1tica<\/td>\n<td>Sim<\/td>\n<\/tr>\n<tr>\n<td>Digitaliza para<\/td>\n<td>E-mail \/ Imagem \/ OCR \/ Arquivo \/ FTP \/ USB \/ Servidor de E-mail \/ pasta de rede (CIFS) \/ Wen connect (Google docs) \/ Evernote \/ Dropbox<\/td>\n<\/tr>\n<tr>\n<td colspan=\"2\">\n<h4>Fax<\/h4>\n<\/td>\n<\/tr>\n<tr>\n<td>Velocidade do Modem<\/td>\n<td>33,6 kbps<\/td>\n<\/tr>\n<tr>\n<td>Fax Sem Uso do PC<\/td>\n<td>Sim<\/td>\n<\/tr>\n<tr>\n<td>PC Fax<\/td>\n<td>Sim<\/td>\n<\/tr>\n<tr>\n<td colspan=\"2\">\n<h4>Rede<\/h4>\n<\/td>\n<\/tr>\n<tr>\n<td>Compatibilidade de Rede<\/td>\n<td>Ethernet 10\/100 base base tx &#8211; Wireless 802.11b\/g\/n<\/td>\n<\/tr>\n<tr>\n<td>Fun\u00e7\u00f5es de Seguran\u00e7a<\/td>\n<td>Impress\u00e3o segura, bloqueio de fun\u00e7\u00f5es, enterprise security (802.1x)<\/td>\n<\/tr>\n<tr>\n<td colspan=\"2\">\n<h4>Softwares<\/h4>\n<\/td>\n<\/tr>\n<tr>\n<td>Drives Compat\u00edveis<\/td>\n<td>Windows, Windows 7, Windows vista, XP, XP professional x64, server 2003, 2008, Mac, Mac OS x, v10.5.8, V10.6x, V10.87x e Linux<\/td>\n<\/tr>\n<tr>\n<td>Visualiza\u00e7\u00e3o e Software OCR<\/td>\n<td>Sim<\/td>\n<\/tr>\n<tr>\n<td colspan=\"2\">\n<h4>Ambiente<\/h4>\n<\/td>\n<\/tr>\n<tr>\n<td>Consumo de Energia:Printing \/ Standy-by \/ Sleep<\/td>\n<td>702\/9.8\/1.6w<\/td>\n<\/tr>\n<tr>\n<td>Certifica\u00e7\u00e3o Energy Star<\/td>\n<td>Sim<\/td>\n<\/tr>\n<tr>\n<td colspan=\"2\">\n<h4>Outros<\/h4>\n<\/td>\n<\/tr>\n<tr>\n<td>Dimens\u00f5es do Equipamento sem caixa<\/td>\n<td>49,0 x 60,7 x 41,4 cm<\/td>\n<\/tr>\n<tr>\n<td>Dimens\u00f5es do Equipamento com caixa<\/td>\n<td>76,5 x 92,5 x 56,4 cm<\/td>\n<\/tr>\n<tr>\n<td>Peso do Equipamento sem caixa<\/td>\n<td>20,8 kg<\/td>\n<\/tr>\n<tr>\n<td>Peso do Equipamento com caixa<\/td>\n<td>32,5 kg<\/td>\n<\/tr>\n<\/tbody>\n<\/table>\n<\/div><\/div>\n","protected":false},"excerpt":{"rendered":"","protected":false},"author":1,"featured_media":0,"parent":36,"menu_order":0,"comment_status":"open","ping_status":"open","template":"","meta":[],"_links":{"self":[{"href":"https:\/\/www.copybusiness.com.br\/site\/wp-json\/wp\/v2\/pages\/271"}],"collection":[{"href":"https:\/\/www.copybusiness.com.br\/site\/wp-json\/wp\/v2\/pages"}],"about":[{"href":"https:\/\/www.copybusiness.com.br\/site\/wp-json\/wp\/v2\/types\/page"}],"author":[{"embeddable":true,"href":"https:\/\/www.copybusiness.com.br\/site\/wp-json\/wp\/v2\/users\/1"}],"replies":[{"embeddable":true,"href":"https:\/\/www.copybusiness.com.br\/site\/wp-json\/wp\/v2\/comments?post=271"}],"version-history":[{"count":2,"href":"https:\/\/www.copybusiness.com.br\/site\/wp-json\/wp\/v2\/pages\/271\/revisions"}],"predecessor-version":[{"id":274,"href":"https:\/\/www.copybusiness.com.br\/site\/wp-json\/wp\/v2\/pages\/271\/revisions\/274"}],"up":[{"embeddable":true,"href":"https:\/\/www.copybusiness.com.br\/site\/wp-json\/wp\/v2\/pages\/36"}],"wp:attachment":[{"href":"https:\/\/www.copybusiness.com.br\/site\/wp-json\/wp\/v2\/media?parent=271"}],"curies":[{"name":"wp","href":"https:\/\/api.w.org\/{rel}","templated":true}]}}