{"id":29,"date":"2013-10-24T10:40:57","date_gmt":"2013-10-24T12:40:57","guid":{"rendered":"http:\/\/www.copybusiness.com.br\/site\/?page_id=29"},"modified":"2013-10-28T15:08:56","modified_gmt":"2013-10-28T17:08:56","slug":"contrato-de-manutencao","status":"publish","type":"page","link":"https:\/\/www.copybusiness.com.br\/site\/servicos\/contrato-de-manutencao\/","title":{"rendered":"Contrato de Manuten\u00e7\u00e3o"},"content":{"rendered":"<p>Trabalhamos com o Contrato de Manuten\u00e7\u00e3o para empresas, servindo como seguro dos equipamentos.<\/p>\n<p align=\"justify\">Mensalmente, a <strong>COPY BUSINESS<\/strong> faz a a\u00e7\u00e3o preventiva para que sejam evitados problemas futuros, al\u00e9m de contar com um grupo de assist\u00eancia sempre em prontid\u00e3o para a a\u00e7\u00e3o corretiva de qualquer dano, inclusive pe\u00e7as e servi\u00e7os, tudo incluso no contrato.<\/p>\n<p align=\"justify\">H\u00e1 ainda a op\u00e7\u00e3o de contrato de manuten\u00e7\u00e3o com suprimentos, cobrindo a assist\u00eancia tamb\u00e9m para toner e cilindro.<\/p>\n","protected":false},"excerpt":{"rendered":"<p>Trabalhamos com o Contrato de Manuten\u00e7\u00e3o para empresas, servindo como seguro dos equipamentos. Mensalmente, a COPY BUSINESS faz a a\u00e7\u00e3o preventiva para que sejam evitados problemas futuros, al\u00e9m de contar com um grupo de assist\u00eancia sempre em prontid\u00e3o para a a\u00e7\u00e3o corretiva de qualquer dano, inclusive pe\u00e7as e servi\u00e7os, tudo incluso no contrato. H\u00e1 ainda [&hellip;]<\/p>\n","protected":false},"author":1,"featured_media":34,"parent":38,"menu_order":0,"comment_status":"open","ping_status":"closed","template":"","meta":[],"_links":{"self":[{"href":"https:\/\/www.copybusiness.com.br\/site\/wp-json\/wp\/v2\/pages\/29"}],"collection":[{"href":"https:\/\/www.copybusiness.com.br\/site\/wp-json\/wp\/v2\/pages"}],"about":[{"href":"https:\/\/www.copybusiness.com.br\/site\/wp-json\/wp\/v2\/types\/page"}],"author":[{"embeddable":true,"href":"https:\/\/www.copybusiness.com.br\/site\/wp-json\/wp\/v2\/users\/1"}],"replies":[{"embeddable":true,"href":"https:\/\/www.copybusiness.com.br\/site\/wp-json\/wp\/v2\/comments?post=29"}],"version-history":[{"count":1,"href":"https:\/\/www.copybusiness.com.br\/site\/wp-json\/wp\/v2\/pages\/29\/revisions"}],"predecessor-version":[{"id":30,"href":"https:\/\/www.copybusiness.com.br\/site\/wp-json\/wp\/v2\/pages\/29\/revisions\/30"}],"up":[{"embeddable":true,"href":"https:\/\/www.copybusiness.com.br\/site\/wp-json\/wp\/v2\/pages\/38"}],"wp:featuredmedia":[{"embeddable":true,"href":"https:\/\/www.copybusiness.com.br\/site\/wp-json\/wp\/v2\/media\/34"}],"wp:attachment":[{"href":"https:\/\/www.copybusiness.com.br\/site\/wp-json\/wp\/v2\/media?parent=29"}],"curies":[{"name":"wp","href":"https:\/\/api.w.org\/{rel}","templated":true}]}}