{"id":302,"date":"2013-11-04T14:24:07","date_gmt":"2013-11-04T16:24:07","guid":{"rendered":"http:\/\/www.copybusiness.com.br\/site\/?page_id=302"},"modified":"2013-11-04T14:24:07","modified_gmt":"2013-11-04T16:24:07","slug":"multifuncional-color-mfc-j6510","status":"publish","type":"page","link":"https:\/\/www.copybusiness.com.br\/site\/produtos\/multifuncional-color-mfc-j6510\/","title":{"rendered":"Multifuncional Color MFC-J6510"},"content":{"rendered":"<p><a href=\"http:\/\/www.copybusiness.com.br\/site\/wp-content\/uploads\/2013\/11\/MFC-J6510DWFrontENG-final.jpg\"><img loading=\"lazy\" class=\"alignnone size-full wp-image-303 aligncenter\" alt=\"MFC-J6510DWFrontENG final\" src=\"http:\/\/www.copybusiness.com.br\/site\/wp-content\/uploads\/2013\/11\/MFC-J6510DWFrontENG-final.jpg\" width=\"280\" height=\"183\" \/><\/a><\/p>\n<div class=\"su-box su-box-style-default\" id=\"\" style=\"border-color:#848484;border-radius:3px\"><div class=\"su-box-title\" style=\"background-color:#b7b7b7;color:#FFFFFF;border-top-left-radius:1px;border-top-right-radius:1px\">Modelo<\/div><div class=\"su-box-content su-u-clearfix su-u-trim\" style=\"border-bottom-left-radius:1px;border-bottom-right-radius:1px\">Brother MFC 6510<\/div><\/div>\n<div class=\"su-box su-box-style-default\" id=\"\" style=\"border-color:#848484;border-radius:3px\"><div class=\"su-box-title\" style=\"background-color:#b7b7b7;color:#FFFFFF;border-top-left-radius:1px;border-top-right-radius:1px\">Especifica\u00e7\u00f5es<\/div><div class=\"su-box-content su-u-clearfix su-u-trim\" style=\"border-bottom-left-radius:1px;border-bottom-right-radius:1px\">\n<table border=\"0\" cellspacing=\"0\" cellpadding=\"0\">\n<tbody>\n<tr>\n<td colspan=\"2\">\n<h4>Geral<\/h4>\n<\/td>\n<\/tr>\n<tr>\n<td>Tecnologia de Impress\u00e3o<\/td>\n<td>Jato de Tinta<\/td>\n<\/tr>\n<tr>\n<td>Visor LCD<\/td>\n<td>Colorido Widescreen 3,3&#8243;<\/td>\n<\/tr>\n<tr>\n<td>Velocidade Maxima em Preto (ppm)<\/td>\n<td>35 ppm (modo r\u00e1pido) 12 ppm (padr\u00e3o ISO)<\/td>\n<\/tr>\n<tr>\n<td>Velocidade M\u00e1xima em Color (ppm)<\/td>\n<td>27 ppm (modo r\u00e1pido) 10 ppm (padr\u00e3o ISO)<\/td>\n<\/tr>\n<tr>\n<td>Resolu\u00e7\u00e3o (m\u00e1xima) em dpi<\/td>\n<td>6000 x 1200 dpi<\/td>\n<\/tr>\n<tr>\n<td>Velocidade do Processador<\/td>\n<td>192 Mhz<\/td>\n<\/tr>\n<tr>\n<td>Mem\u00f3ria Padr\u00e3o<\/td>\n<td>64 MB<\/td>\n<\/tr>\n<tr>\n<td>Mem\u00f3ria Opcional<\/td>\n<td>N\/A<\/td>\n<\/tr>\n<tr>\n<td>Emula\u00e7\u00e3o<\/td>\n<td>GDI<\/td>\n<\/tr>\n<tr>\n<td>Fontes Residentes<\/td>\n<td>Fontes Windows<\/td>\n<\/tr>\n<tr>\n<td>Duplex<\/td>\n<td>Sim, A6 at\u00e9 A3 (Ledger)<\/td>\n<\/tr>\n<tr>\n<td>Interfaces<\/td>\n<td>Pictbridge (impress\u00e3o direta de m\u00e1quinas fotogr\u00e1ficas), Ethernet, Wireless (802.11 b\/g\/n), USB direct, Alta velocidade USB 2.0<\/td>\n<\/tr>\n<tr>\n<td>Volume M\u00e1ximo de Ciclo Mensal<\/td>\n<td>5.000 p\u00e1ginas<\/td>\n<\/tr>\n<tr>\n<td colspan=\"2\">\n<h4>Manuseio do Papel<\/h4>\n<\/td>\n<\/tr>\n<tr>\n<td>Capacidade da Bandeja de Papel<\/td>\n<td>Bandeja padr\u00e3o: 250 folhas Bandeja multiuso de Alimenta\u00e7\u00e3o Manual: 01 folha<\/td>\n<\/tr>\n<tr>\n<td>Capacidade de Sa\u00edda do Papel<\/td>\n<td>50 folhas<\/td>\n<\/tr>\n<tr>\n<td>Tamanhos do Papel<\/td>\n<td>A3, A4, A5, A6, Carta, Ledger,Oficio, Executive, JISB4, JISB5, Envelopes, Fotografia, Ficha Cadastral e Cart\u00e3o Postal<\/td>\n<\/tr>\n<tr>\n<td>Tipos de Papel<\/td>\n<td>Papel comum, transpar\u00eancias, papel para jato de tinta, papel reciclado<\/td>\n<\/tr>\n<tr>\n<td>Gramatura de Papel<\/td>\n<td>Bandeja padr\u00e3o 64 &#8211; 220g\/m2 Bandeja multiuso: 64 &#8211; 285 g\/m2 Impress\u00e3o Duplex: 64 &#8211; 105g\/m2<\/td>\n<\/tr>\n<tr>\n<td>ADF<\/td>\n<td>Sim at\u00e9 35 p\u00e1ginas<\/td>\n<\/tr>\n<tr>\n<td colspan=\"2\">\n<h4>C\u00f3pia<\/h4>\n<\/td>\n<\/tr>\n<tr>\n<td>Velocidade da C\u00f3pia em Preto<\/td>\n<td>23 cpm<\/td>\n<\/tr>\n<tr>\n<td>Velocidade da C\u00f3pia em Color<\/td>\n<td>20 cpm<\/td>\n<\/tr>\n<tr>\n<td>Amplia\u00e7\u00e3o \/ Redu\u00e7\u00e3o<\/td>\n<td>400-25%<\/td>\n<\/tr>\n<tr>\n<td>Tamanho do Vidro de Exposi\u00e7\u00e3o<\/td>\n<td>A3<\/td>\n<\/tr>\n<tr>\n<td>Copia sem uso do PC<\/td>\n<td>Sim<\/td>\n<\/tr>\n<tr>\n<td>Agrupamento de C\u00f3pias (2 em 1)<\/td>\n<td>Sim<\/td>\n<\/tr>\n<tr>\n<td>C\u00f3pia Duplex Autom\u00e1tica<\/td>\n<td>Sim<\/td>\n<\/tr>\n<tr>\n<td>C\u00f3pia de Identidade (ID Card)<\/td>\n<td>Sim<\/td>\n<\/tr>\n<tr>\n<td colspan=\"2\">\n<h4>Digitaliza\u00e7\u00e3o<\/h4>\n<\/td>\n<\/tr>\n<tr>\n<td>Digitaliza\u00e7\u00e3o Color e Mono<\/td>\n<td>Sim<\/td>\n<\/tr>\n<tr>\n<td>Capacidade M\u00e1xima do ADF<\/td>\n<td>Sim at\u00e9 35 p\u00e1ginas<\/td>\n<\/tr>\n<tr>\n<td>Resolu\u00e7\u00e3o \u00d3ptica do Scanner<\/td>\n<td>2400 x 2400 dpi<\/td>\n<\/tr>\n<tr>\n<td>Resolu\u00e7\u00e3o Interpolada<\/td>\n<td>19200 x 19200 dpi<\/td>\n<\/tr>\n<tr>\n<td>Digitaliza para<\/td>\n<td>Imagem, OCR, E-mail, Arquivo, Cart\u00e3o de Mem\u00f3ria, Mem\u00f3ria USB, Flash (deve ser adquirido separadamente), FTP, Servidor de E-mail (download), Rede<\/td>\n<\/tr>\n<tr>\n<td colspan=\"2\">\n<h4>Fax<\/h4>\n<\/td>\n<\/tr>\n<tr>\n<td>Velocidade do Modem<\/td>\n<td>33,6k bps \/ 3 segundos<\/td>\n<\/tr>\n<tr>\n<td>PC Fax<\/td>\n<td>Sim (envia e recebe)<\/td>\n<\/tr>\n<tr>\n<td colspan=\"2\">\n<h4>Photo Capture Center<\/h4>\n<\/td>\n<\/tr>\n<tr>\n<td>Compatibilidade com Cart\u00f5es de Mem\u00f3ria<\/td>\n<td>Memory Stick, Memory Stick Duo, Memory Stick Pro, Secure Digital, Secure Digtial High Capacity (SDHC)<\/td>\n<\/tr>\n<tr>\n<td>Interface PictBridge \/ USB Direta<\/td>\n<td>Sim<\/td>\n<\/tr>\n<tr>\n<td>Tamanhos da Impress\u00e3o Direta<\/td>\n<td>10,16 x 15,24 cm \/ 12,7 x 17,78 cm \/ 21,59 x 27,94 cm \/ 27,94 x 43,18 cm<\/td>\n<\/tr>\n<tr>\n<td>Recursos do PhotoCapture Center<\/td>\n<td>Visualizar, imprimir, real\u00e7a fotos, imprimir indice, procurar por data, slideshow, corte, modo de cena autom\u00e1tica.<\/td>\n<\/tr>\n<tr>\n<td>Formato de Impress\u00e3o Direta<\/td>\n<td>JPEG<\/td>\n<\/tr>\n<tr>\n<td colspan=\"2\">\n<h4>Rede<\/h4>\n<\/td>\n<\/tr>\n<tr>\n<td>Interface de Rede Embutida<\/td>\n<td>Ethernet, Wireless 802.11b\/g<\/td>\n<\/tr>\n<tr>\n<td>Compatibilidade de Rede<\/td>\n<td>TCP\/IP (IPv4\/iPv6), Apple Simple Network Configuration<\/td>\n<\/tr>\n<tr>\n<td>Fun\u00e7\u00f5es de Seguran\u00e7a<\/td>\n<td>Secure Function Lock (Contabiliza\u00e7\u00e3o, Cota e Bloqueio de fun\u00e7\u00f5es).<\/td>\n<\/tr>\n<tr>\n<td colspan=\"2\">\n<h4>Softwares<\/h4>\n<\/td>\n<\/tr>\n<tr>\n<td>Drives Compat\u00edveis<\/td>\n<td>Windows 7 \/ Widnows Vista \/ XP \/ XP Professional x64 \/ 2000 \/ Server 2003 \/ 2008 \/ 2008 R2 \/ * Server somente impress\u00e3o via rede Mac OS X 10.4.11, 10.5.x, 10.6.x<\/td>\n<\/tr>\n<tr>\n<td>Visualiza\u00e7\u00e3o e Software OCR<\/td>\n<td>ScanSoft, PaperPort 11 SE com OCR da Nuance Presto! PagaManager com OCR<\/td>\n<\/tr>\n<tr>\n<td colspan=\"2\">\n<h4>Ambiente<\/h4>\n<\/td>\n<\/tr>\n<tr>\n<td>Consumo de Energia:Printing \/ Standy-by \/ Sleep<\/td>\n<td>26 W \/ 3,5W \/ 0,3W<\/td>\n<\/tr>\n<tr>\n<td>Certifica\u00e7\u00e3o Energy Star<\/td>\n<td>Sim<\/td>\n<\/tr>\n<tr>\n<td colspan=\"2\">\n<h4>Outros<\/h4>\n<\/td>\n<\/tr>\n<tr>\n<td>Dimens\u00f5es do Equipamento sem caixa<\/td>\n<td>54,1 x 25,6 x 49,0 cm<\/td>\n<\/tr>\n<tr>\n<td>Dimens\u00f5es do Equipamento com caixa<\/td>\n<td>65,5 x 37,8 x 59,7 cm<\/td>\n<\/tr>\n<tr>\n<td>Peso do Equipamento sem caixa<\/td>\n<td>15,8 kg<\/td>\n<\/tr>\n<tr>\n<td>Peso do Equipamento com caixa<\/td>\n<td>17,8 kg<\/td>\n<\/tr>\n<\/tbody>\n<\/table>\n<\/div><\/div>\n","protected":false},"excerpt":{"rendered":"","protected":false},"author":1,"featured_media":0,"parent":36,"menu_order":0,"comment_status":"open","ping_status":"open","template":"","meta":[],"_links":{"self":[{"href":"https:\/\/www.copybusiness.com.br\/site\/wp-json\/wp\/v2\/pages\/302"}],"collection":[{"href":"https:\/\/www.copybusiness.com.br\/site\/wp-json\/wp\/v2\/pages"}],"about":[{"href":"https:\/\/www.copybusiness.com.br\/site\/wp-json\/wp\/v2\/types\/page"}],"author":[{"embeddable":true,"href":"https:\/\/www.copybusiness.com.br\/site\/wp-json\/wp\/v2\/users\/1"}],"replies":[{"embeddable":true,"href":"https:\/\/www.copybusiness.com.br\/site\/wp-json\/wp\/v2\/comments?post=302"}],"version-history":[{"count":1,"href":"https:\/\/www.copybusiness.com.br\/site\/wp-json\/wp\/v2\/pages\/302\/revisions"}],"predecessor-version":[{"id":304,"href":"https:\/\/www.copybusiness.com.br\/site\/wp-json\/wp\/v2\/pages\/302\/revisions\/304"}],"up":[{"embeddable":true,"href":"https:\/\/www.copybusiness.com.br\/site\/wp-json\/wp\/v2\/pages\/36"}],"wp:attachment":[{"href":"https:\/\/www.copybusiness.com.br\/site\/wp-json\/wp\/v2\/media?parent=302"}],"curies":[{"name":"wp","href":"https:\/\/api.w.org\/{rel}","templated":true}]}}