{"id":31,"date":"2013-10-24T10:41:27","date_gmt":"2013-10-24T12:41:27","guid":{"rendered":"http:\/\/www.copybusiness.com.br\/site\/?page_id=31"},"modified":"2013-11-21T14:48:22","modified_gmt":"2013-11-21T16:48:22","slug":"locacao","status":"publish","type":"page","link":"https:\/\/www.copybusiness.com.br\/site\/servicos\/locacao\/","title":{"rendered":"Loca\u00e7\u00e3o"},"content":{"rendered":"<p style=\"text-align: justify;\">Nesta op\u00e7\u00e3o, nos responsabilizamos pela sua \u00e1rea de c\u00f3pia, impress\u00e3o e scanner, fornecendo equipamentos, insumos e suporte necess\u00e1rios para o pleno funcionamento de sua empresa.<\/p>\n<p>Otimizando custo e tempo, para que seus funcion\u00e1rios se dediquem ainda mais \u00e0 atividade principal de sua empresa.<\/p>\n<p>Entre em contato para conhecer nossos pre\u00e7os e as facilidades; podemos agendar uma reuni\u00e3o para mapearmos suas necessidades mais precisamente.<\/p>\n","protected":false},"excerpt":{"rendered":"<p>Nesta op\u00e7\u00e3o, nos responsabilizamos pela sua \u00e1rea de c\u00f3pia, impress\u00e3o e scanner, fornecendo equipamentos, insumos e suporte necess\u00e1rios para o pleno funcionamento de sua empresa. Otimizando custo e tempo, para que seus funcion\u00e1rios se dediquem ainda mais \u00e0 atividade principal de sua empresa. Entre em contato para conhecer nossos pre\u00e7os e as facilidades; podemos agendar [&hellip;]<\/p>\n","protected":false},"author":1,"featured_media":35,"parent":38,"menu_order":0,"comment_status":"open","ping_status":"closed","template":"","meta":[],"_links":{"self":[{"href":"https:\/\/www.copybusiness.com.br\/site\/wp-json\/wp\/v2\/pages\/31"}],"collection":[{"href":"https:\/\/www.copybusiness.com.br\/site\/wp-json\/wp\/v2\/pages"}],"about":[{"href":"https:\/\/www.copybusiness.com.br\/site\/wp-json\/wp\/v2\/types\/page"}],"author":[{"embeddable":true,"href":"https:\/\/www.copybusiness.com.br\/site\/wp-json\/wp\/v2\/users\/1"}],"replies":[{"embeddable":true,"href":"https:\/\/www.copybusiness.com.br\/site\/wp-json\/wp\/v2\/comments?post=31"}],"version-history":[{"count":5,"href":"https:\/\/www.copybusiness.com.br\/site\/wp-json\/wp\/v2\/pages\/31\/revisions"}],"predecessor-version":[{"id":543,"href":"https:\/\/www.copybusiness.com.br\/site\/wp-json\/wp\/v2\/pages\/31\/revisions\/543"}],"up":[{"embeddable":true,"href":"https:\/\/www.copybusiness.com.br\/site\/wp-json\/wp\/v2\/pages\/38"}],"wp:featuredmedia":[{"embeddable":true,"href":"https:\/\/www.copybusiness.com.br\/site\/wp-json\/wp\/v2\/media\/35"}],"wp:attachment":[{"href":"https:\/\/www.copybusiness.com.br\/site\/wp-json\/wp\/v2\/media?parent=31"}],"curies":[{"name":"wp","href":"https:\/\/api.w.org\/{rel}","templated":true}]}}