{"id":38,"date":"2013-10-24T11:02:04","date_gmt":"2013-10-24T13:02:04","guid":{"rendered":"http:\/\/www.copybusiness.com.br\/site\/?page_id=38"},"modified":"2013-11-21T14:41:28","modified_gmt":"2013-11-21T16:41:28","slug":"servicos","status":"publish","type":"page","link":"https:\/\/www.copybusiness.com.br\/site\/servicos\/","title":{"rendered":"Servi\u00e7os"},"content":{"rendered":"<p style=\"text-align: justify;\"><div class=\"su-spoiler su-spoiler-style-fancy su-spoiler-icon-plus su-spoiler-closed\" data-scroll-offset=\"0\"><div class=\"su-spoiler-title\" tabindex=\"0\" role=\"button\"><span class=\"su-spoiler-icon\"><\/span>Outsourcing de Impress\u00e3o<\/div><div class=\"su-spoiler-content su-u-clearfix su-u-trim\">\nEntre as\u00a0<strong>vantagens de se contratar um servi\u00e7o de outsourcing<\/strong>, podemos destacar a redu\u00e7\u00e3o de custos, melhor qualidade das impress\u00f5es, padroniza\u00e7\u00e3o do setor, mais tempo para a empresa se dedicar a outras \u00e1reas, entre outras.<\/p>\n<a href=\"http:\/\/www.copybusiness.com.br\/site\/outsourcingdeimpressao\" class=\"su-button su-button-style-flat\" style=\"color:#FFFFFF;background-color:#2D89EF;border-color:#246ec0;border-radius:5px;-moz-border-radius:5px;-webkit-border-radius:5px\" target=\"_self\"><span style=\"color:#FFFFFF;padding:0px 16px;font-size:13px;line-height:26px;border-color:#6cadf4;border-radius:5px;-moz-border-radius:5px;-webkit-border-radius:5px;text-shadow:none;-moz-text-shadow:none;-webkit-text-shadow:none\"> Saiba mais<\/span><\/a>\n<\/div><\/div>\n<p style=\"text-align: justify;\"><div class=\"su-spoiler su-spoiler-style-fancy su-spoiler-icon-plus su-spoiler-closed\" data-scroll-offset=\"0\"><div class=\"su-spoiler-title\" tabindex=\"0\" role=\"button\"><span class=\"su-spoiler-icon\"><\/span>Contrato de Manuten\u00e7\u00e3o<\/div><div class=\"su-spoiler-content su-u-clearfix su-u-trim\">\nA\u00e7\u00e3o preventiva e um grupo de assist\u00eancia sempre pronto para garantir qualidade no servi\u00e7o de manuten\u00e7\u00e3o.<\/p>\n<a href=\"http:\/\/www.copybusiness.com.br\/site\/contrato-de-manutencao\" class=\"su-button su-button-style-flat\" style=\"color:#FFFFFF;background-color:#2D89EF;border-color:#246ec0;border-radius:5px;-moz-border-radius:5px;-webkit-border-radius:5px\" target=\"_self\"><span style=\"color:#FFFFFF;padding:0px 16px;font-size:13px;line-height:26px;border-color:#6cadf4;border-radius:5px;-moz-border-radius:5px;-webkit-border-radius:5px;text-shadow:none;-moz-text-shadow:none;-webkit-text-shadow:none\"> Saiba mais<\/span><\/a>\n<\/div><\/div>\n<p style=\"text-align: justify;\"><div class=\"su-spoiler su-spoiler-style-fancy su-spoiler-icon-plus su-spoiler-closed\" data-scroll-offset=\"0\"><div class=\"su-spoiler-title\" tabindex=\"0\" role=\"button\"><span class=\"su-spoiler-icon\"><\/span>Loca\u00e7\u00e3o<\/div><div class=\"su-spoiler-content su-u-clearfix su-u-trim\">\nOutra op\u00e7\u00e3o \u00e9 a loca\u00e7\u00e3o de equipamentos; a Copy Business possue uma enorme variedade de equipamentos para loca\u00e7\u00e3o, capazes de suprir as mais diversas necessidades de impress\u00e3o, c\u00f3pia e digitaliza\u00e7\u00e3o.<\/p>\n<a href=\"http:\/\/www.copybusiness.com.br\/site\/locacao\" class=\"su-button su-button-style-flat\" style=\"color:#FFFFFF;background-color:#2D89EF;border-color:#246ec0;border-radius:5px;-moz-border-radius:5px;-webkit-border-radius:5px\" target=\"_self\"><span style=\"color:#FFFFFF;padding:0px 16px;font-size:13px;line-height:26px;border-color:#6cadf4;border-radius:5px;-moz-border-radius:5px;-webkit-border-radius:5px;text-shadow:none;-moz-text-shadow:none;-webkit-text-shadow:none\"> Saiba mais<\/span><\/a>\n<\/div><\/div>\n","protected":false},"excerpt":{"rendered":"","protected":false},"author":1,"featured_media":0,"parent":0,"menu_order":0,"comment_status":"open","ping_status":"open","template":"","meta":[],"_links":{"self":[{"href":"https:\/\/www.copybusiness.com.br\/site\/wp-json\/wp\/v2\/pages\/38"}],"collection":[{"href":"https:\/\/www.copybusiness.com.br\/site\/wp-json\/wp\/v2\/pages"}],"about":[{"href":"https:\/\/www.copybusiness.com.br\/site\/wp-json\/wp\/v2\/types\/page"}],"author":[{"embeddable":true,"href":"https:\/\/www.copybusiness.com.br\/site\/wp-json\/wp\/v2\/users\/1"}],"replies":[{"embeddable":true,"href":"https:\/\/www.copybusiness.com.br\/site\/wp-json\/wp\/v2\/comments?post=38"}],"version-history":[{"count":17,"href":"https:\/\/www.copybusiness.com.br\/site\/wp-json\/wp\/v2\/pages\/38\/revisions"}],"predecessor-version":[{"id":76,"href":"https:\/\/www.copybusiness.com.br\/site\/wp-json\/wp\/v2\/pages\/38\/revisions\/76"}],"wp:attachment":[{"href":"https:\/\/www.copybusiness.com.br\/site\/wp-json\/wp\/v2\/media?parent=38"}],"curies":[{"name":"wp","href":"https:\/\/api.w.org\/{rel}","templated":true}]}}