{"id":40,"date":"2013-10-24T11:02:33","date_gmt":"2013-10-24T13:02:33","guid":{"rendered":"http:\/\/www.copybusiness.com.br\/site\/?page_id=40"},"modified":"2013-10-28T10:50:19","modified_gmt":"2013-10-28T12:50:19","slug":"orcamento","status":"publish","type":"page","link":"https:\/\/www.copybusiness.com.br\/site\/orcamento\/","title":{"rendered":"Or\u00e7amento"},"content":{"rendered":"<p align=\"justify\">Preencha o formul\u00e1rio abaixo para fazer uma cota\u00e7\u00e3o conosco.<\/p>\n<p align=\"justify\">Descreva qual marca e equipamento voc\u00ea necessita que entraremos em contato apresentando a melhor op\u00e7\u00e3o para sua necessidade.<\/p>\n<div role=\"form\" class=\"wpcf7\" id=\"wpcf7-f51-o1\" lang=\"pt-BR\" dir=\"ltr\">\n<div class=\"screen-reader-response\" role=\"alert\" aria-live=\"polite\"><\/div>\n<form action=\"\/site\/wp-json\/wp\/v2\/pages\/40#wpcf7-f51-o1\" method=\"post\" class=\"wpcf7-form init\" novalidate=\"novalidate\">\n<div style=\"display: none;\">\n<input type=\"hidden\" name=\"_wpcf7\" value=\"51\" \/>\n<input type=\"hidden\" name=\"_wpcf7_version\" value=\"5.2.2\" \/>\n<input type=\"hidden\" name=\"_wpcf7_locale\" value=\"pt_BR\" \/>\n<input type=\"hidden\" name=\"_wpcf7_unit_tag\" value=\"wpcf7-f51-o1\" \/>\n<input type=\"hidden\" name=\"_wpcf7_container_post\" value=\"0\" \/>\n<input type=\"hidden\" name=\"_wpcf7_posted_data_hash\" value=\"\" \/>\n<\/div>\n<p>Nome (obrigat\u00f3rio)<br \/>\n    <span class=\"wpcf7-form-control-wrap nome-completo\"><input type=\"text\" name=\"nome-completo\" value=\"\" size=\"40\" class=\"wpcf7-form-control wpcf7-text wpcf7-validates-as-required\" aria-required=\"true\" aria-invalid=\"false\" \/><\/span> <\/p>\n<p>E-mail (obrigat\u00f3rio)<br \/>\n    <span class=\"wpcf7-form-control-wrap e-mail\"><input type=\"email\" name=\"e-mail\" value=\"\" size=\"40\" class=\"wpcf7-form-control wpcf7-text wpcf7-email wpcf7-validates-as-required wpcf7-validates-as-email\" aria-required=\"true\" aria-invalid=\"false\" \/><\/span> <\/p>\n<p>Telefone (obrigat\u00f3rio)<br \/>\n    <span class=\"wpcf7-form-control-wrap telefone\"><input type=\"tel\" name=\"telefone\" value=\"\" size=\"40\" class=\"wpcf7-form-control wpcf7-text wpcf7-tel wpcf7-validates-as-required wpcf7-validates-as-tel\" aria-required=\"true\" aria-invalid=\"false\" \/><\/span> <\/p>\n<p>Empresa<br \/>\n    <span class=\"wpcf7-form-control-wrap empresa\"><input type=\"text\" name=\"empresa\" value=\"\" size=\"40\" class=\"wpcf7-form-control wpcf7-text\" aria-invalid=\"false\" \/><\/span> <\/p>\n<p>Equipamento<br \/>\n    <span class=\"wpcf7-form-control-wrap copiadora\"><span class=\"wpcf7-form-control wpcf7-checkbox\"><span class=\"wpcf7-list-item first last\"><input type=\"checkbox\" name=\"copiadora[]\" value=\"Copiadora\" \/><span class=\"wpcf7-list-item-label\">Copiadora<\/span><\/span><\/span><\/span> <br \/>\n    <span class=\"wpcf7-form-control-wrap suprimento\"><span class=\"wpcf7-form-control wpcf7-checkbox\"><span class=\"wpcf7-list-item first last\"><input type=\"checkbox\" name=\"suprimento[]\" value=\"Suprimento\" \/><span class=\"wpcf7-list-item-label\">Suprimento<\/span><\/span><\/span><\/span> <br \/>\n    <span class=\"wpcf7-form-control-wrap atecnica\"><span class=\"wpcf7-form-control wpcf7-checkbox\"><span class=\"wpcf7-list-item first last\"><input type=\"checkbox\" name=\"atecnica[]\" value=\"Assist\u00eancia T\u00e9cnica\" \/><span class=\"wpcf7-list-item-label\">Assist\u00eancia T\u00e9cnica<\/span><\/span><\/span><\/span> <br \/>\n    <span class=\"wpcf7-form-control-wrap cmanutencao\"><span class=\"wpcf7-form-control wpcf7-checkbox\"><span class=\"wpcf7-list-item first last\"><input type=\"checkbox\" name=\"cmanutencao[]\" value=\"Contrato de Manuten\u00e7\u00e3o\" \/><span class=\"wpcf7-list-item-label\">Contrato de Manuten\u00e7\u00e3o<\/span><\/span><\/span><\/span> <br \/>\n    <span class=\"wpcf7-form-control-wrap locacao\"><span class=\"wpcf7-form-control wpcf7-checkbox\"><span class=\"wpcf7-list-item first last\"><input type=\"checkbox\" name=\"locacao[]\" value=\"Loca\u00e7\u00e3o\" \/><span class=\"wpcf7-list-item-label\">Loca\u00e7\u00e3o<\/span><\/span><\/span><\/span> <\/p>\n<p>Mensagem<br \/>\n    <span class=\"wpcf7-form-control-wrap mensagem\"><textarea name=\"mensagem\" cols=\"40\" rows=\"10\" class=\"wpcf7-form-control wpcf7-textarea\" aria-invalid=\"false\"><\/textarea><\/span> <\/p>\n<p><input type=\"submit\" value=\"Enviar\" class=\"wpcf7-form-control wpcf7-submit\" \/><\/p>\n<div class=\"wpcf7-response-output\" role=\"alert\" aria-hidden=\"true\"><\/div><\/form><\/div>\n","protected":false},"excerpt":{"rendered":"<p>Preencha o formul\u00e1rio abaixo para fazer uma cota\u00e7\u00e3o conosco. Descreva qual marca e equipamento voc\u00ea necessita que entraremos em contato apresentando a melhor op\u00e7\u00e3o para sua necessidade.<\/p>\n","protected":false},"author":1,"featured_media":0,"parent":0,"menu_order":0,"comment_status":"open","ping_status":"open","template":"","meta":[],"_links":{"self":[{"href":"https:\/\/www.copybusiness.com.br\/site\/wp-json\/wp\/v2\/pages\/40"}],"collection":[{"href":"https:\/\/www.copybusiness.com.br\/site\/wp-json\/wp\/v2\/pages"}],"about":[{"href":"https:\/\/www.copybusiness.com.br\/site\/wp-json\/wp\/v2\/types\/page"}],"author":[{"embeddable":true,"href":"https:\/\/www.copybusiness.com.br\/site\/wp-json\/wp\/v2\/users\/1"}],"replies":[{"embeddable":true,"href":"https:\/\/www.copybusiness.com.br\/site\/wp-json\/wp\/v2\/comments?post=40"}],"version-history":[{"count":9,"href":"https:\/\/www.copybusiness.com.br\/site\/wp-json\/wp\/v2\/pages\/40\/revisions"}],"predecessor-version":[{"id":58,"href":"https:\/\/www.copybusiness.com.br\/site\/wp-json\/wp\/v2\/pages\/40\/revisions\/58"}],"wp:attachment":[{"href":"https:\/\/www.copybusiness.com.br\/site\/wp-json\/wp\/v2\/media?parent=40"}],"curies":[{"name":"wp","href":"https:\/\/api.w.org\/{rel}","templated":true}]}}