{"id":402,"date":"2013-11-05T15:31:24","date_gmt":"2013-11-05T17:31:24","guid":{"rendered":"http:\/\/www.copybusiness.com.br\/site\/?page_id=402"},"modified":"2013-11-05T15:31:52","modified_gmt":"2013-11-05T17:31:52","slug":"impressora-brother-hl-5472","status":"publish","type":"page","link":"https:\/\/www.copybusiness.com.br\/site\/produtos\/impressora-brother-hl-5472\/","title":{"rendered":"Impressora Brother HL 5472"},"content":{"rendered":"<p style=\"text-align: center;\"><a href=\"http:\/\/www.copybusiness.com.br\/site\/wp-content\/uploads\/2013\/11\/HL5472DW_Front_1.jpg\"><img loading=\"lazy\" class=\"alignnone size-full wp-image-399\" alt=\"HL5472DW_Front_1\" src=\"http:\/\/www.copybusiness.com.br\/site\/wp-content\/uploads\/2013\/11\/HL5472DW_Front_1.jpg\" width=\"226\" height=\"198\" \/><\/a><\/p>\n<div class=\"su-box su-box-style-default\" id=\"\" style=\"border-color:#848484;border-radius:3px\"><div class=\"su-box-title\" style=\"background-color:#b7b7b7;color:#FFFFFF;border-top-left-radius:1px;border-top-right-radius:1px\">Modelo<\/div><div class=\"su-box-content su-u-clearfix su-u-trim\" style=\"border-bottom-left-radius:1px;border-bottom-right-radius:1px\">Brother HL 5472 DW<\/div><\/div>\n<div class=\"su-box su-box-style-default\" id=\"\" style=\"border-color:#848484;border-radius:3px\"><div class=\"su-box-title\" style=\"background-color:#b7b7b7;color:#FFFFFF;border-top-left-radius:1px;border-top-right-radius:1px\">Especifica\u00e7\u00f5es<\/div><div class=\"su-box-content su-u-clearfix su-u-trim\" style=\"border-bottom-left-radius:1px;border-bottom-right-radius:1px\">\n<table border=\"0\" cellspacing=\"0\" cellpadding=\"0\">\n<tbody>\n<tr>\n<td colspan=\"2\">\n<h4>Geral<\/h4>\n<\/td>\n<\/tr>\n<tr>\n<td>Visor LCD<\/td>\n<td>Sim<\/td>\n<\/tr>\n<tr>\n<td>Tecnologia de Impress\u00e3o<\/td>\n<td>Laser Eletrofotogr\u00e1fico<\/td>\n<\/tr>\n<tr>\n<td>Velocidade M\u00e1xima em Color (ppm)<\/td>\n<td>N\/A<\/td>\n<\/tr>\n<tr>\n<td>Velocidade Maxima em Preto (ppm)<\/td>\n<td>40ppm<\/td>\n<\/tr>\n<tr>\n<td>Resolu\u00e7\u00e3o (m\u00e1xima) em dpi<\/td>\n<td>1200 X 1200 dpi<\/td>\n<\/tr>\n<tr>\n<td>Mem\u00f3ria Padr\u00e3o<\/td>\n<td>128 MB<\/td>\n<\/tr>\n<tr>\n<td>Mem\u00f3ria Opcional<\/td>\n<td>384 MB<\/td>\n<\/tr>\n<tr>\n<td>Tempo de Impress\u00e3o da Primeira P\u00e1gina<\/td>\n<td>Menor de 8.5 segundos<\/td>\n<\/tr>\n<tr>\n<td>Processador<\/td>\n<td>400 MHz<\/td>\n<\/tr>\n<tr>\n<td>Interfaces<\/td>\n<td>Wireless 802.11b\/g\/n \/ Ethernet (rede cabeada) e USB 2.0 de alta velocidade<\/td>\n<\/tr>\n<tr>\n<td>Emula\u00e7\u00e3o<\/td>\n<td>PCL6 \/\u00a0BR-Script3\u00a0\/ IBM Proprinter \/ Epson FX<\/td>\n<\/tr>\n<tr>\n<td>Fontes Residentes<\/td>\n<td>PCL: 66 fontes redimension\u00e1veis (BR-Script3) \/ 12 fontes em bitmap \/ 13 c\u00f3digos de barra<\/td>\n<\/tr>\n<tr>\n<td>Duplex<\/td>\n<td>Sim<\/td>\n<\/tr>\n<tr>\n<td>Volume M\u00e1ximo de Ciclo Mensal<\/td>\n<td>50.000pg<\/td>\n<\/tr>\n<tr>\n<td colspan=\"2\">\n<h4>Manuseio do Papel<\/h4>\n<\/td>\n<\/tr>\n<tr>\n<td>Capacidade da Bandeja de Papel<\/td>\n<td>250 folhas<\/td>\n<\/tr>\n<tr>\n<td>Capacidade de Bandeja Adicional<\/td>\n<td>500 folhas<\/td>\n<\/tr>\n<tr>\n<td>Capacidade de Sa\u00edda do Papel<\/td>\n<td>150 folhas<\/td>\n<\/tr>\n<tr>\n<td>Tamanhos do Papel<\/td>\n<td>At\u00e9 21,6 x 35,6 cm (tamanho of\u00edcio)<\/td>\n<\/tr>\n<tr>\n<td>Tipos de Papel<\/td>\n<td>Carta \/ Of\u00edcio \/ A4 \/ Executivo \/ A5 \/ A6 \/ B5 \/ B6<\/td>\n<\/tr>\n<tr>\n<td>Gramatura de Papel<\/td>\n<td>60 &#8211; 105 g\/m2<\/td>\n<\/tr>\n<tr>\n<td colspan=\"2\">\n<h4>Rede<\/h4>\n<\/td>\n<\/tr>\n<tr>\n<td>Compatibilidade com rede<\/td>\n<td>TCP\/IP (IPv4\/IPv6) \/ Wi Fi (802.11b\/g\/n)<\/td>\n<\/tr>\n<tr>\n<td>Fun\u00e7\u00f5es de Seguran\u00e7a<\/td>\n<td>Impress\u00e3o segura, bloqueio de fun\u00e7\u00f5es e enterprise security (802.1x)<\/td>\n<\/tr>\n<tr>\n<td colspan=\"2\">\n<h4>Software<\/h4>\n<\/td>\n<\/tr>\n<tr>\n<td>Drives Compat\u00edveis<\/td>\n<td>Windows \/ Mac OS \/ Linux<\/td>\n<\/tr>\n<tr>\n<td>Ferramenta de Gerenciamento<\/td>\n<td>BRAdmin Light \/ Web-based Management \/ BrAdmin Professional \/ Web-BrAdmin<\/td>\n<\/tr>\n<tr>\n<td colspan=\"2\">\n<h4>Ambiente<\/h4>\n<\/td>\n<\/tr>\n<tr>\n<td>Consumo de Energia:Printing \/ Standy-by \/ Sleep<\/td>\n<td>716W \/ 5.0W\/ 0.6 W<\/td>\n<\/tr>\n<tr>\n<td>Certifica\u00e7\u00e3o Energy Star<\/td>\n<td>Sim<\/td>\n<\/tr>\n<tr>\n<td colspan=\"2\">\n<h4>Outros<\/h4>\n<\/td>\n<\/tr>\n<tr>\n<td>Modo Toner Save<\/td>\n<td>Sim<\/td>\n<\/tr>\n<tr>\n<td>Dimens\u00f5es do Equipamento sem caixa<\/td>\n<td>37,1 x 25,6 x 38,3 cm<\/td>\n<\/tr>\n<tr>\n<td>Dimens\u00f5es do Equipamento com caixa<\/td>\n<td>49,8 x 38,1 x 47,7 cm<\/td>\n<\/tr>\n<tr>\n<td>Peso do Equipamento sem caixa<\/td>\n<td>10,5 kg<\/td>\n<\/tr>\n<tr>\n<td>Peso do Equipamento com caixa<\/td>\n<td>12,5 kg<\/td>\n<\/tr>\n<\/tbody>\n<\/table>\n<\/div><\/div>\n","protected":false},"excerpt":{"rendered":"","protected":false},"author":1,"featured_media":0,"parent":36,"menu_order":0,"comment_status":"open","ping_status":"open","template":"","meta":[],"_links":{"self":[{"href":"https:\/\/www.copybusiness.com.br\/site\/wp-json\/wp\/v2\/pages\/402"}],"collection":[{"href":"https:\/\/www.copybusiness.com.br\/site\/wp-json\/wp\/v2\/pages"}],"about":[{"href":"https:\/\/www.copybusiness.com.br\/site\/wp-json\/wp\/v2\/types\/page"}],"author":[{"embeddable":true,"href":"https:\/\/www.copybusiness.com.br\/site\/wp-json\/wp\/v2\/users\/1"}],"replies":[{"embeddable":true,"href":"https:\/\/www.copybusiness.com.br\/site\/wp-json\/wp\/v2\/comments?post=402"}],"version-history":[{"count":2,"href":"https:\/\/www.copybusiness.com.br\/site\/wp-json\/wp\/v2\/pages\/402\/revisions"}],"predecessor-version":[{"id":404,"href":"https:\/\/www.copybusiness.com.br\/site\/wp-json\/wp\/v2\/pages\/402\/revisions\/404"}],"up":[{"embeddable":true,"href":"https:\/\/www.copybusiness.com.br\/site\/wp-json\/wp\/v2\/pages\/36"}],"wp:attachment":[{"href":"https:\/\/www.copybusiness.com.br\/site\/wp-json\/wp\/v2\/media?parent=402"}],"curies":[{"name":"wp","href":"https:\/\/api.w.org\/{rel}","templated":true}]}}