{"id":410,"date":"2013-11-05T15:39:28","date_gmt":"2013-11-05T17:39:28","guid":{"rendered":"http:\/\/www.copybusiness.com.br\/site\/?page_id=410"},"modified":"2013-11-05T15:39:28","modified_gmt":"2013-11-05T17:39:28","slug":"impressora-brother-hl-6182-t","status":"publish","type":"page","link":"https:\/\/www.copybusiness.com.br\/site\/produtos\/impressora-brother-hl-6182-t\/","title":{"rendered":"Impressora Brother HL 6182 T"},"content":{"rendered":"<p><a href=\"http:\/\/www.copybusiness.com.br\/site\/wp-content\/uploads\/2013\/11\/HL6182DWT_Front.jpg\"><img loading=\"lazy\" class=\"alignnone size-full wp-image-398 aligncenter\" alt=\"HL6182DWT_Front\" src=\"http:\/\/www.copybusiness.com.br\/site\/wp-content\/uploads\/2013\/11\/HL6182DWT_Front.jpg\" width=\"200\" height=\"200\" srcset=\"https:\/\/www.copybusiness.com.br\/site\/wp-content\/uploads\/2013\/11\/HL6182DWT_Front.jpg 200w, https:\/\/www.copybusiness.com.br\/site\/wp-content\/uploads\/2013\/11\/HL6182DWT_Front-150x150.jpg 150w\" sizes=\"(max-width: 200px) 100vw, 200px\" \/><\/a><\/p>\n<p>&nbsp;<\/p>\n<div class=\"su-box su-box-style-default\" id=\"\" style=\"border-color:#848484;border-radius:3px\"><div class=\"su-box-title\" style=\"background-color:#b7b7b7;color:#FFFFFF;border-top-left-radius:1px;border-top-right-radius:1px\">Modelo<\/div><div class=\"su-box-content su-u-clearfix su-u-trim\" style=\"border-bottom-left-radius:1px;border-bottom-right-radius:1px\">Brother HL 6182 DWT<\/div><\/div>\n<div class=\"su-box su-box-style-default\" id=\"\" style=\"border-color:#848484;border-radius:3px\"><div class=\"su-box-title\" style=\"background-color:#b7b7b7;color:#FFFFFF;border-top-left-radius:1px;border-top-right-radius:1px\">Especifica\u00e7\u00f5es<\/div><div class=\"su-box-content su-u-clearfix su-u-trim\" style=\"border-bottom-left-radius:1px;border-bottom-right-radius:1px\">\n<table border=\"0\" cellspacing=\"0\" cellpadding=\"0\">\n<tbody>\n<tr>\n<td colspan=\"2\">\n<h4>Geral<\/h4>\n<\/td>\n<\/tr>\n<tr>\n<td>Visor LCD<\/td>\n<td>Display LCD iluminado de 1 linha<\/td>\n<\/tr>\n<tr>\n<td>Tecnologia de Impress\u00e3o<\/td>\n<td>Laser Eletrofotogr\u00e1fico<\/td>\n<\/tr>\n<tr>\n<td>Velocidade M\u00e1xima em Color (ppm)<\/td>\n<td>N\/A<\/td>\n<\/tr>\n<tr>\n<td>Velocidade Maxima em Preto (ppm)<\/td>\n<td>42ppm<\/td>\n<\/tr>\n<tr>\n<td>Resolu\u00e7\u00e3o (m\u00e1xima) em dpi<\/td>\n<td>1200 x 1200 dpi<\/td>\n<\/tr>\n<tr>\n<td>Mem\u00f3ria Padr\u00e3o<\/td>\n<td>128 MB<\/td>\n<\/tr>\n<tr>\n<td>Mem\u00f3ria Opcional<\/td>\n<td>384MB<\/td>\n<\/tr>\n<tr>\n<td>Tempo de Impress\u00e3o da Primeira P\u00e1gina<\/td>\n<td>Menos de 8.5 segundos<\/td>\n<\/tr>\n<tr>\n<td>Processador<\/td>\n<td>400MHz<\/td>\n<\/tr>\n<tr>\n<td>Interfaces<\/td>\n<td>Wireless 802.11b\/g\/n, Hi-Speed USB 2.0 \/ Ethernet (rede cabeada)<\/td>\n<\/tr>\n<tr>\n<td>Emula\u00e7\u00e3o<\/td>\n<td>PCL6, BR-Script3, IBM Proprinter e Epson FX<\/td>\n<\/tr>\n<tr>\n<td>Fontes Residentes<\/td>\n<td>PCL:66 fontes redimension\u00e1veis (BR-Script3), 12 fontes em bitmap, 13 c\u00f3digos de barra<\/td>\n<\/tr>\n<tr>\n<td>Duplex<\/td>\n<td>Sim<\/td>\n<\/tr>\n<tr>\n<td>Volume M\u00e1ximo de Ciclo Mensal<\/td>\n<td>100.000pg<\/td>\n<\/tr>\n<tr>\n<td colspan=\"2\">\n<h4>Manuseio do Papel<\/h4>\n<\/td>\n<\/tr>\n<tr>\n<td>Capacidade da Bandeja de Papel<\/td>\n<td>500 folhas<\/td>\n<\/tr>\n<tr>\n<td>Capacidade de Bandeja Adicional<\/td>\n<td>500 folhas<\/td>\n<\/tr>\n<tr>\n<td>Capacidade de Sa\u00edda do Papel<\/td>\n<td>150 folhas<\/td>\n<\/tr>\n<tr>\n<td>Tamanhos do Papel<\/td>\n<td>Carta, Of\u00edcio, A4, Executivo, A5, A6, B5, B6<\/td>\n<\/tr>\n<tr>\n<td>Tipos de Papel<\/td>\n<td>Papel comum, papel bond, envelopes, etiquetas, papel reciclado<\/td>\n<\/tr>\n<tr>\n<td>Gramatura de Papel<\/td>\n<td>60 &#8211; 105 g\/m2<\/td>\n<\/tr>\n<tr>\n<td colspan=\"2\">\n<h4>Rede<\/h4>\n<\/td>\n<\/tr>\n<tr>\n<td>Compatibilidade com rede<\/td>\n<td>TCP\/IP (IPv4\/IPv6) \/ Wi Fi (802.11b\/g\/n)<\/td>\n<\/tr>\n<tr>\n<td>Fun\u00e7\u00f5es de Seguran\u00e7a<\/td>\n<td>Impress\u00e3o segura, bloqueio de fun\u00e7\u00f5es e enterprise security (802.1X)<\/td>\n<\/tr>\n<tr>\n<td colspan=\"2\">\n<h4>Software<\/h4>\n<\/td>\n<\/tr>\n<tr>\n<td>Drives Compat\u00edveis<\/td>\n<td>Windows \/ Mac OS \/ Linux<\/td>\n<\/tr>\n<tr>\n<td>Ferramenta de Gerenciamento<\/td>\n<td>BRAdmin Light, Web-based Management, BrAdmin Professional, Web-BrAdmin<\/td>\n<\/tr>\n<tr>\n<td colspan=\"2\">\n<h4>Ambiente<\/h4>\n<\/td>\n<\/tr>\n<tr>\n<td>Consumo de Energia:Printing \/ Standy-by \/ Sleep<\/td>\n<td>727W \/ 4.9W\/ 0,7 W<\/td>\n<\/tr>\n<tr>\n<td>Certifica\u00e7\u00e3o Energy Star<\/td>\n<td>Sim<\/td>\n<\/tr>\n<tr>\n<td colspan=\"2\">\n<h4>Outros<\/h4>\n<\/td>\n<\/tr>\n<tr>\n<td>Modo Toner Save<\/td>\n<td>Sim<\/td>\n<\/tr>\n<tr>\n<td>Dimens\u00f5es do Equipamento sem caixa<\/td>\n<td>37,1 x 41,9 x 38,3 cm<\/td>\n<\/tr>\n<tr>\n<td>Dimens\u00f5es do Equipamento com caixa<\/td>\n<td>66,3 x 70,1 x 50,3 cm<\/td>\n<\/tr>\n<tr>\n<td>Peso do Equipamento sem caixa<\/td>\n<td>14,6 kg<\/td>\n<\/tr>\n<tr>\n<td>Peso do Equipamento com caixa<\/td>\n<td>20,9 kg<\/td>\n<\/tr>\n<\/tbody>\n<\/table>\n<\/div><\/div>\n","protected":false},"excerpt":{"rendered":"<p>&nbsp;<\/p>\n","protected":false},"author":1,"featured_media":0,"parent":36,"menu_order":0,"comment_status":"open","ping_status":"open","template":"","meta":[],"_links":{"self":[{"href":"https:\/\/www.copybusiness.com.br\/site\/wp-json\/wp\/v2\/pages\/410"}],"collection":[{"href":"https:\/\/www.copybusiness.com.br\/site\/wp-json\/wp\/v2\/pages"}],"about":[{"href":"https:\/\/www.copybusiness.com.br\/site\/wp-json\/wp\/v2\/types\/page"}],"author":[{"embeddable":true,"href":"https:\/\/www.copybusiness.com.br\/site\/wp-json\/wp\/v2\/users\/1"}],"replies":[{"embeddable":true,"href":"https:\/\/www.copybusiness.com.br\/site\/wp-json\/wp\/v2\/comments?post=410"}],"version-history":[{"count":1,"href":"https:\/\/www.copybusiness.com.br\/site\/wp-json\/wp\/v2\/pages\/410\/revisions"}],"predecessor-version":[{"id":411,"href":"https:\/\/www.copybusiness.com.br\/site\/wp-json\/wp\/v2\/pages\/410\/revisions\/411"}],"up":[{"embeddable":true,"href":"https:\/\/www.copybusiness.com.br\/site\/wp-json\/wp\/v2\/pages\/36"}],"wp:attachment":[{"href":"https:\/\/www.copybusiness.com.br\/site\/wp-json\/wp\/v2\/media?parent=410"}],"curies":[{"name":"wp","href":"https:\/\/api.w.org\/{rel}","templated":true}]}}