{"id":452,"date":"2013-11-06T14:49:03","date_gmt":"2013-11-06T16:49:03","guid":{"rendered":"http:\/\/www.copybusiness.com.br\/site\/?page_id=452"},"modified":"2013-11-06T15:12:29","modified_gmt":"2013-11-06T17:12:29","slug":"multifuncional-hp-m-1212","status":"publish","type":"page","link":"https:\/\/www.copybusiness.com.br\/site\/produtos\/multifuncional-hp-m-1212\/","title":{"rendered":"Multifuncional HP M 1212"},"content":{"rendered":"<p style=\"text-align: center;\"><a href=\"http:\/\/www.copybusiness.com.br\/site\/wp-content\/uploads\/2013\/11\/1212.png\"><img loading=\"lazy\" class=\"alignnone size-full wp-image-449\" alt=\"1212\" src=\"http:\/\/www.copybusiness.com.br\/site\/wp-content\/uploads\/2013\/11\/1212.png\" width=\"180\" height=\"135\" \/><\/a><\/p>\n<div class=\"su-box su-box-style-default\" id=\"\" style=\"border-color:#848484;border-radius:3px\"><div class=\"su-box-title\" style=\"background-color:#b7b7b7;color:#FFFFFF;border-top-left-radius:1px;border-top-right-radius:1px\">Modelo<\/div><div class=\"su-box-content su-u-clearfix su-u-trim\" style=\"border-bottom-left-radius:1px;border-bottom-right-radius:1px\">HP 1212 NF<\/div><\/div>\n<div class=\"su-box su-box-style-default\" id=\"\" style=\"border-color:#848484;border-radius:3px\"><div class=\"su-box-title\" style=\"background-color:#b7b7b7;color:#FFFFFF;border-top-left-radius:1px;border-top-right-radius:1px\">Especifica\u00e7\u00f5es<\/div><div class=\"su-box-content su-u-clearfix su-u-trim\" style=\"border-bottom-left-radius:1px;border-bottom-right-radius:1px\">\n<div><a tabindex=\"250\" title=\"Mostrar todos\">\u00a0\u00a0<\/a><a tabindex=\"250\" title=\"Esconder todos\">\u00a0<\/a><\/div>\n<dl>\n<dt>\n<h2>Fun\u00e7\u00f5es<\/h2>\n<\/dt>\n<dd>\n<dl>\n<dt>Fun\u00e7\u00f5es<\/dt>\n<dd>\n<ul>\n<li>Imprimir, copiar, digitalizar, fax<\/li>\n<\/ul>\n<\/dd>\n<\/dl>\n<dl>\n<dt>Admite multitarefas<\/dt>\n<dd>Sim<\/dd>\n<\/dl>\n<\/dd>\n<dt>\n<h2>Especifica\u00e7\u00f5es para impress\u00e3o<\/h2>\n<\/dt>\n<dd>\n<dl>\n<dt>Velocidade de impress\u00e3o (preto):<\/dt>\n<dd>Normal:At\u00e9 18 ppm<\/dd>\n<\/dl>\n<dl>\n<dt><\/dt>\n<dd><\/dd>\n<\/dl>\n<dl>\n<dd>(A velocidade exata depender\u00e1 da configura\u00e7\u00e3o do sistema, do programa de software e da complexidade do documento. )<\/dd>\n<\/dl>\n<dl>\n<dt>Primeira p\u00e1gina impressa (pronta)<\/dt>\n<dd>Preto: At\u00e9 8,5 segundos<\/dd>\n<\/dl>\n<dl>\n<dt>Ciclo de trabalho (mensal, A4)<\/dt>\n<dd>At\u00e9 8000 p\u00e1ginas<br \/>\n(O ciclo de trabalho \u00e9 definido como o n\u00famero m\u00e1ximo de p\u00e1ginas por m\u00eas de sa\u00edda de imagens. Esse valor proporciona uma compara\u00e7\u00e3o da robustez do produto em rela\u00e7\u00e3o a outros dispositivos HP LaserJet ou HP Color LaserJet, permitindo a implementa\u00e7\u00e3o adequada de impressoras e MFPs para atender aos pedidos de pessoas ou grupos conectados.)<\/dd>\n<\/dl>\n<dl>\n<dt>Volume mensal de p\u00e1ginas recomendado<\/dt>\n<dd>250 at\u00e9 2000<br \/>\n(<i>A HP recomenda que o n\u00famero de p\u00e1ginas por m\u00eas da extens\u00e3o de imagens esteja dentro da gama especificada para um desempenho ideal do dispositivo, com base em fatores que incluem intervalos de substitui\u00e7\u00e3o de suprimentos e vida \u00fatil dos dispositivos em um per\u00edodo de garantia estendida.<\/i>)<\/dd>\n<\/dl>\n<dl>\n<dt>Tecnologia de impress\u00e3o<\/dt>\n<dd>Laser<\/dd>\n<\/dl>\n<dl>\n<dt>Qualidade de impress\u00e3o preto (\u00f3tima)<\/dt>\n<dd>At\u00e9 600 x 600 dpi (1200 dpi efetivos)<\/dd>\n<\/dl>\n<dl>\n<dt>Idiomas de impress\u00e3o<\/dt>\n<dd>\n<ul>\n<li>Central<\/li>\n<\/ul>\n<\/dd>\n<\/dl>\n<dl>\n<dt>Monitor<\/dt>\n<dd>\n<ul>\n<li>LCD, 2 linhas<\/li>\n<\/ul>\n<\/dd>\n<\/dl>\n<dl>\n<dt>Velocidade do processador<\/dt>\n<dd>400 MHz<\/dd>\n<\/dl>\n<dl>\n<dt>Sensor autom\u00e1tico de papel<\/dt>\n<dd>\u00a0N\u00e3o<\/dd>\n<\/dl>\n<\/dd>\n<dt>\n<h2>Conectividade<\/h2>\n<\/dt>\n<dd>\n<dl>\n<dt>Recurso HP ePrint<\/dt>\n<dd>Sim<\/dd>\n<\/dl>\n<dl>\n<dt>Recurso de impress\u00e3o m\u00f3vel<\/dt>\n<dd>\n<ul>\n<li>HP ePrint, Apple AirPrint\u2122<\/li>\n<\/ul>\n<p>(<i>Pode requerer uma atualiza\u00e7\u00e3o de firmware para ser compat\u00edvel com HP ePrint ou AirPrint\u2122, download em http:\/\/www.hp.com\/go\/support<\/i>)<\/p>\n<\/dd>\n<\/dl>\n<dl>\n<dt>Capacidade sem fios<\/dt>\n<dd>\n<ul>\n<li>\u00a0N\u00e3o<\/li>\n<\/ul>\n<\/dd>\n<\/dl>\n<dl>\n<dt>Conectividade, padr\u00e3o<\/dt>\n<dd>\n<ul>\n<li>Porta USB 2.0 de alta velocidade<\/li>\n<li>porta para rede Ethernet 10\/100Base-T<\/li>\n<li>Porta RJ-11 para telefone<\/li>\n<\/ul>\n<\/dd>\n<\/dl>\n<dl>\n<dt>Pronto para trabalhar em rede<\/dt>\n<dd>Standard (Ethernet incorporada)<\/dd>\n<\/dl>\n<dl>\n<dt>Conectividade, opcional<\/dt>\n<dd>\n<ul>\n<li>Nenhum\/nenhuma<\/li>\n<\/ul>\n<\/dd>\n<\/dl>\n<dl>\n<dt>Requisitos m\u00ednimos de sistema<\/dt>\n<dd>Windows 8, Windows 7, Windows Vista, Windows XP, Windows Server 2003, Windows Server 2008: Processador de 1 GHz, 1 GB de RAM, 700 MB de espa\u00e7o livre em disco r\u00edgido, tela SVGA 800 x 600 com cores de 16 bit, Internet Explorer 5.5 ou superior, porta USB ou Ethernet;<br \/>\nMac OS X v 10.4, v 10.5, v 10.6; PowerPC G3, G4, G5, ou processadores Intel; 1 GB de RAM; 200 MB de espa\u00e7o dispon\u00edvel em disco r\u00edgido; Unidade de CD-ROM; Porta USB ou de rede<\/dd>\n<\/dl>\n<dl>\n<dt>Sistemas operacionais compat\u00edveis<\/dt>\n<dd>\n<ul>\n<li>Windows 8, Windows 7, Windows Vista, Windows XP, Windows Server 2008, Windows Server 2003<\/li>\n<li>Mac OS X v10.4, v10.5, v10.6<\/li>\n<li>Linux (consulte hplip.net)<\/li>\n<\/ul>\n<\/dd>\n<\/dl>\n<\/dd>\n<dt>\n<h2>Especifica\u00e7\u00f5es de mem\u00f3ria<\/h2>\n<\/dt>\n<dd>\n<dl>\n<dt>Cart\u00f5es de mem\u00f3ria compat\u00edveis<\/dt>\n<dd>\n<ul>\n<li>\u00a0N\u00e3o<\/li>\n<\/ul>\n<\/dd>\n<\/dl>\n<dl>\n<dt>Mem\u00f3ria, padr\u00e3o<\/dt>\n<dd>64 MB<\/dd>\n<\/dl>\n<dl>\n<dt>Mem\u00f3ria, m\u00e1xima<\/dt>\n<dd>64 MB<\/dd>\n<\/dl>\n<dl>\n<dt>Disco r\u00edgido<\/dt>\n<dd>\n<ul>\n<li>Nenhum\/nenhuma<\/li>\n<\/ul>\n<\/dd>\n<\/dl>\n<\/dd>\n<dt>\n<h2>Manuseio de papel<\/h2>\n<\/dt>\n<dd>\n<dl>\n<dt>Manuseio de entrada de papel, padr\u00e3o<\/dt>\n<dd>Bandeja de entrada para 150 folhas, alimentador autom\u00e1tico de documentos para 35 folhas<\/dd>\n<\/dl>\n<dl>\n<dt>Manuseio de sa\u00edda de papel, padr\u00e3o<\/dt>\n<dd>Bandeja de sa\u00edda para 100 folhas com a face para baixo<\/dd>\n<\/dl>\n<dl>\n<dt>Impress\u00e3o frente e verso<\/dt>\n<dd>\n<ul>\n<li>Manual (fornecido suporte de driver)<\/li>\n<\/ul>\n<\/dd>\n<\/dl>\n<dl>\n<dt>Tamanhos de m\u00eddia suportados<\/dt>\n<dd>A4; A5; ISO B5; ISO C5; ISO C5\/6; ISO C6; ISO DL; 16K; Cart\u00e3o-postal europeu; Cart\u00e3o-postal J (Hagaki); Cart\u00e3o-postal J duplo (Oufuku Hagaki)<\/dd>\n<\/dl>\n<dl>\n<dt>Tamanhos de m\u00eddia, personalizados<\/dt>\n<dd>76 x 127 a 216 x 356 mm<\/dd>\n<\/dl>\n<dl>\n<dt>Tipos de suportes<\/dt>\n<dd>Papel (normal, para impress\u00e3o a laser), envelopes, transpar\u00eancias, etiquetas, cartolina, postais<\/dd>\n<\/dl>\n<dl>\n<dt>Gramaturas de m\u00eddia, suportado<\/dt>\n<dd>60 a 163 g\/m\u00b2<\/dd>\n<\/dl>\n<\/dd>\n<dt>\n<h2>Especifica\u00e7\u00f5es do scanner<\/h2>\n<\/dt>\n<dd>\n<dl>\n<dt>Tipo de scanner<\/dt>\n<dd>Base plana, alimentador autom\u00e1tico de documentos<\/dd>\n<\/dl>\n<dl>\n<dt>Formatos dos arquivos digitalizados<\/dt>\n<dd>JPEG, TIF (compactado e n\u00e3o compactado), PDF, GIF e BMP<\/dd>\n<\/dl>\n<dl>\n<dt>Resolu\u00e7\u00e3o de digitaliza\u00e7\u00e3o, \u00f3ptica<\/dt>\n<dd>At\u00e9 1200 dpi<\/dd>\n<\/dl>\n<dl>\n<dt>Tamanho da digitaliza\u00e7\u00e3o (no scanner de mesa), m\u00e1ximo<\/dt>\n<dd>216 x 297 mm<\/dd>\n<\/dl>\n<dl>\n<dt>Tamanho da digitaliza\u00e7\u00e3o (ADF), m\u00e1ximo<\/dt>\n<dd>216 x 356 mm<\/dd>\n<\/dl>\n<dl>\n<dt>Velocidade de digitaliza\u00e7\u00e3o (normal, A4)<\/dt>\n<dd>At\u00e9 7,4 ppm (preto e branco), at\u00e9 3 ppm (colorido)<br \/>\n(<i>Velocidades de digitaliza\u00e7\u00e3o medidas no ADF. A velocidade real de processamento pode depender da resolu\u00e7\u00e3o de digitaliza\u00e7\u00e3o, condi\u00e7\u00f5es da rede, desempenho do computador e software de aplicativo.<\/i>\u00a0)<\/dd>\n<\/dl>\n<dl>\n<dt>Digitaliza\u00e7\u00e3o ADF duplex<\/dt>\n<dd>\u00a0N\u00e3o<\/dd>\n<\/dl>\n<dl>\n<dt>Capacidade do alimentador autom\u00e1tico de documentos<\/dt>\n<dd>Padr\u00e3o, 35 folhas<\/dd>\n<\/dl>\n<dl>\n<dt>Caracter\u00edsticas padr\u00e3o transmiss\u00e3o digital<\/dt>\n<dd>\n<ul>\n<li>Digitalizar para e-mail; Digitalizar para aplicativo; Digitalizar para arquivo<\/li>\n<\/ul>\n<\/dd>\n<\/dl>\n<dl>\n<dt>Formatos de arquivo, admitidos<\/dt>\n<dd>\n<ul>\n<li>PDF<\/li>\n<li>TIF<\/li>\n<li>BMP<\/li>\n<li>GIF<\/li>\n<li>JPG<\/li>\n<\/ul>\n<\/dd>\n<\/dl>\n<\/dd>\n<dt>\n<h2>Especifica\u00e7\u00f5es da copiadora<\/h2>\n<\/dt>\n<dd>\n<dl>\n<dt>Velocidade de c\u00f3pia (normal)<\/dt>\n<dd>Preto:At\u00e9 18 cpm<\/dd>\n<\/dl>\n<dl>\n<dt>Resolu\u00e7\u00e3o de c\u00f3pia (texto em preto)<\/dt>\n<dd>At\u00e9 600 x 400 dpi<\/dd>\n<\/dl>\n<dl>\n<dt>Resolu\u00e7\u00e3o de c\u00f3pia (gr\u00e1ficos e texto em cores)<\/dt>\n<dd>At\u00e9 600 x 400 dpi<\/dd>\n<\/dl>\n<dl>\n<dt>Configura\u00e7\u00f5es de redu\u00e7\u00e3o\/amplia\u00e7\u00e3o de c\u00f3pia<\/dt>\n<dd>25 at\u00e9 400%<\/dd>\n<\/dl>\n<dl>\n<dt>C\u00f3pias, no m\u00e1ximo<\/dt>\n<dd>At\u00e9 99 c\u00f3pias<\/dd>\n<\/dl>\n<\/dd>\n<dt>\n<h2>Especifica\u00e7\u00f5es para fax<\/h2>\n<\/dt>\n<dd>\n<dl>\n<dt>Envio\/recep\u00e7\u00e3o de faxes<\/dt>\n<dd>Sim<\/dd>\n<\/dl>\n<dl>\n<dt>Velocidade de transmiss\u00e3o de fax<\/dt>\n<dd>33,6 kbps<\/dd>\n<\/dl>\n<dl>\n<dt>Nota fax<\/dt>\n<dd>Com base na imagem de teste ITU-T n.\u00ba 1 normal \u00e0 resolu\u00e7\u00e3o normal. As p\u00e1ginas mais complexas ou com resolu\u00e7\u00e3o superior poder\u00e3o demorar mais tempo e utilizar mais mem\u00f3ria.<\/dd>\n<\/dl>\n<dl>\n<dt>Mem\u00f3ria do fax<\/dt>\n<dd>At\u00e9 500 p\u00e1ginas<\/dd>\n<\/dl>\n<dl>\n<dt>Resolu\u00e7\u00e3o de fax<\/dt>\n<dd>At\u00e9 300 x 300 dpi<\/dd>\n<\/dl>\n<dl>\n<dt>Discagens r\u00e1pidas, n\u00famero m\u00e1ximo<\/dt>\n<dd>At\u00e9 100 n\u00fameros<\/dd>\n<\/dl>\n<\/dd>\n<dt>\n<h2>Requisitos de alimenta\u00e7\u00e3o e opera\u00e7\u00e3o<\/h2>\n<\/dt>\n<dd>\n<dl>\n<dt>Alimenta\u00e7\u00e3o<\/dt>\n<dd>Tens\u00e3o de entrada 110 a 127 VCA (+\/-10%), 60 Hz (+\/-2 Hz)<\/dd>\n<\/dl>\n<dl>\n<dt>Consumo de energia<\/dt>\n<dd>375 watts (imprimindo), 245 watts (c\u00f3pia), 4,7 watts (pronta), 2 watts (suspens\u00e3o), 0,3 watts (desligada)<br \/>\n(<i>Valores sujeitos a altera\u00e7\u00e3o. Consulte http:\/\/www.hp.com\/support para obter informa\u00e7\u00f5es mais atualizadas. Os n\u00fameros de pot\u00eancia s\u00e3o os mais elevados medidos, utilizando-se todas as tens\u00f5es padr\u00e3o. Tempo padr\u00e3o do modo Pronto para Desligamento autom\u00e1tico: 15 minutos<\/i>)<\/dd>\n<\/dl>\n<dl>\n<dt>Efici\u00eancia de energia<\/dt>\n<dd>\n<ul>\n<li>qualificado pela ENERGY STAR\u00ae<\/li>\n<\/ul>\n<\/dd>\n<\/dl>\n<dl>\n<dt>Gama de temperaturas de funcionamento<\/dt>\n<dd>10 a 32,5 \u00baC<\/dd>\n<\/dl>\n<dl>\n<dt>Intervalo de umidade para funcionamento<\/dt>\n<dd>10 a 80% RH<\/dd>\n<dd><\/dd>\n<dd><\/div><\/div><\/dd>\n<dd><\/dd>\n<\/dl>\n<\/dd>\n<\/dl>\n<div><a tabindex=\"250\" title=\"Mostrar todos\">\u00a0\u00a0<\/a><a tabindex=\"250\" title=\"Esconder todos\">\u00a0<\/a><\/div>\n<p style=\"text-align: center;\">\n","protected":false},"excerpt":{"rendered":"<p>\u00a0\u00a0\u00a0<\/p>\n","protected":false},"author":1,"featured_media":0,"parent":36,"menu_order":0,"comment_status":"open","ping_status":"open","template":"","meta":[],"_links":{"self":[{"href":"https:\/\/www.copybusiness.com.br\/site\/wp-json\/wp\/v2\/pages\/452"}],"collection":[{"href":"https:\/\/www.copybusiness.com.br\/site\/wp-json\/wp\/v2\/pages"}],"about":[{"href":"https:\/\/www.copybusiness.com.br\/site\/wp-json\/wp\/v2\/types\/page"}],"author":[{"embeddable":true,"href":"https:\/\/www.copybusiness.com.br\/site\/wp-json\/wp\/v2\/users\/1"}],"replies":[{"embeddable":true,"href":"https:\/\/www.copybusiness.com.br\/site\/wp-json\/wp\/v2\/comments?post=452"}],"version-history":[{"count":3,"href":"https:\/\/www.copybusiness.com.br\/site\/wp-json\/wp\/v2\/pages\/452\/revisions"}],"predecessor-version":[{"id":455,"href":"https:\/\/www.copybusiness.com.br\/site\/wp-json\/wp\/v2\/pages\/452\/revisions\/455"}],"up":[{"embeddable":true,"href":"https:\/\/www.copybusiness.com.br\/site\/wp-json\/wp\/v2\/pages\/36"}],"wp:attachment":[{"href":"https:\/\/www.copybusiness.com.br\/site\/wp-json\/wp\/v2\/media?parent=452"}],"curies":[{"name":"wp","href":"https:\/\/api.w.org\/{rel}","templated":true}]}}