{"id":454,"date":"2013-11-06T14:53:16","date_gmt":"2013-11-06T16:53:16","guid":{"rendered":"http:\/\/www.copybusiness.com.br\/site\/?page_id=454"},"modified":"2014-07-17T13:52:18","modified_gmt":"2014-07-17T15:52:18","slug":"multifuncional-hp-color-m-425","status":"publish","type":"page","link":"https:\/\/www.copybusiness.com.br\/site\/produtos\/multifuncional-hp-color-m-425\/","title":{"rendered":"Multifuncional HP  M 425"},"content":{"rendered":"<p style=\"text-align: center;\"><a href=\"http:\/\/www.copybusiness.com.br\/site\/wp-content\/uploads\/2013\/11\/425-DN.png\"><img loading=\"lazy\" class=\"alignnone size-full wp-image-444\" src=\"http:\/\/www.copybusiness.com.br\/site\/wp-content\/uploads\/2013\/11\/425-DN.png\" alt=\"425 DN\" width=\"180\" height=\"135\" \/><\/a><\/p>\n<div class=\"su-box su-box-style-default\" id=\"\" style=\"border-color:#848484;border-radius:3px\"><div class=\"su-box-title\" style=\"background-color:#b7b7b7;color:#FFFFFF;border-top-left-radius:1px;border-top-right-radius:1px\">Modelo<\/div><div class=\"su-box-content su-u-clearfix su-u-trim\" style=\"border-bottom-left-radius:1px;border-bottom-right-radius:1px\">HP 425 DN<\/div><\/div>\n<div class=\"su-box su-box-style-default\" id=\"\" style=\"border-color:#848484;border-radius:3px\"><div class=\"su-box-title\" style=\"background-color:#b7b7b7;color:#FFFFFF;border-top-left-radius:1px;border-top-right-radius:1px\">Especifica\u00e7\u00f5es<\/div><div class=\"su-box-content su-u-clearfix su-u-trim\" style=\"border-bottom-left-radius:1px;border-bottom-right-radius:1px\">\n<h2>Fun\u00e7\u00f5es<\/h2>\n<dl>\n<dt>Fun\u00e7\u00f5es<\/dt>\n<dd>\n<ul>\n<li>Impress\u00e3o, c\u00f3pia, digitaliza\u00e7\u00e3o, fax, USB direto<\/li>\n<\/ul>\n<\/dd>\n<\/dl>\n<dl>\n<dt>Admite multitarefas<\/dt>\n<dd>Sim<\/dd>\n<\/dl>\n<h2>Especifica\u00e7\u00f5es para impress\u00e3o<\/h2>\n<dl>\n<dt>Velocidade de impress\u00e3o (preto):<\/dt>\n<dd>Normal:At\u00e9 33 ppm<\/dd>\n<\/dl>\n<dl>\n<dt><\/dt>\n<dd><\/dd>\n<\/dl>\n<dl>\n<dd>(Mensurado usando a ISO\/IEC 24734, exclui o primeiro conjunto de documentos de teste. Para obter mais informa\u00e7\u00f5es, consulte http:\/\/www.hp.com\/go\/printerclaims. A velocidade exata varia dependendo da configura\u00e7\u00e3o do sistema, do aplicativo de software, do driver e da complexidade do documento. )<\/dd>\n<\/dl>\n<dl>\n<dt>Primeira p\u00e1gina impressa (pronta)<\/dt>\n<dd>Preto: At\u00e9 8 segundos<\/dd>\n<\/dl>\n<dl>\n<dt>Ciclo de trabalho (mensal, A4)<\/dt>\n<dd>At\u00e9 50.000 p\u00e1ginas<br \/>\n(O ciclo de trabalho \u00e9 definido como o n\u00famero m\u00e1ximo de p\u00e1ginas por m\u00eas de sa\u00edda de imagens. Esse valor proporciona uma compara\u00e7\u00e3o da robustez do produto em rela\u00e7\u00e3o a outros dispositivos HP LaserJet ou HP Color LaserJet, permitindo a implementa\u00e7\u00e3o adequada de impressoras e MFPs para atender aos pedidos de pessoas ou grupos conectados.)<\/dd>\n<\/dl>\n<dl>\n<dt>Volume mensal de p\u00e1ginas recomendado<\/dt>\n<dd>750 at\u00e9 3000<br \/>\n(<i>A HP recomenda que o n\u00famero de p\u00e1ginas por m\u00eas da extens\u00e3o de imagens esteja dentro da gama especificada para um desempenho ideal do dispositivo, com base em fatores que incluem intervalos de substitui\u00e7\u00e3o de suprimentos e vida \u00fatil dos dispositivos em um per\u00edodo de garantia estendida.<\/i>)<\/dd>\n<\/dl>\n<dl>\n<dt>Tecnologia de impress\u00e3o<\/dt>\n<dd>Laser<\/dd>\n<\/dl>\n<dl>\n<dt>Qualidade de impress\u00e3o preto (\u00f3tima)<\/dt>\n<dd>At\u00e9 1200 x 1200 dpi<\/dd>\n<\/dl>\n<dl>\n<dt>Idiomas de impress\u00e3o<\/dt>\n<dd>\n<ul>\n<li>HP PCL 5e<\/li>\n<li>HP PCL 6<\/li>\n<li>emula\u00e7\u00e3o HP postscript n\u00edvel 3<\/li>\n<li>impress\u00e3o direta de PDF (v 1.7)<\/li>\n<\/ul>\n<\/dd>\n<\/dl>\n<dl>\n<dt>Monitor<\/dt>\n<dd>\n<ul>\n<li>LCD de 3,5&#8243; (8,89 cm) (gr\u00e1ficos coloridos) com tela de toque<\/li>\n<\/ul>\n<\/dd>\n<\/dl>\n<dl>\n<dt>Velocidade do processador<\/dt>\n<dd>800 MHz<\/dd>\n<\/dl>\n<dl>\n<dt>Sensor autom\u00e1tico de papel<\/dt>\n<dd>\u00a0N\u00e3o<\/dd>\n<\/dl>\n<h2>Conectividade<\/h2>\n<dl>\n<dt>Recurso HP ePrint<\/dt>\n<dd>Sim<\/dd>\n<\/dl>\n<dl>\n<dt>Recurso de impress\u00e3o m\u00f3vel<\/dt>\n<dd>\n<ul>\n<li>HP ePrint, Apple AirPrint\u2122, Aplicativos empresariais<\/li>\n<\/ul>\n<\/dd>\n<\/dl>\n<dl>\n<dt>Capacidade sem fios<\/dt>\n<dd>\n<ul>\n<li>\u00a0N\u00e3o<\/li>\n<\/ul>\n<\/dd>\n<\/dl>\n<dl>\n<dt>Conectividade, padr\u00e3o<\/dt>\n<dd>\n<ul>\n<li>1 USB 2.0 de alta velocidade<\/li>\n<li>1 host USB<\/li>\n<li>1 Gigabit Ethernet 10\/100\/1000T<\/li>\n<li>1 USB direto<\/li>\n<\/ul>\n<\/dd>\n<\/dl>\n<dl>\n<dt>Pronto para trabalhar em rede<\/dt>\n<dd>Padr\u00e3o (Gigabit Ethernet incorporada)<\/dd>\n<\/dl>\n<dl>\n<dt>Requisitos m\u00ednimos de sistema<\/dt>\n<dd>Windows 8, Windows 7 32 bit\/64 bit, Windows Vista 32 bit\/64 bit: Processador de 1 GHz 32 bit (x86) ou 64 bit (x64), 1 GB de RAM (32 bit) ou 2 GB de RAM (64 bit), 400 MB de espa\u00e7o dispon\u00edvel em disco r\u00edgido, CD\/DVD-ROM ou Internet, porta USB ou de rede; Windows XP 32 bit SP2: Processador Pentium\u00ae de 233 MHz, 512 MB de RAM, 400 MB de espa\u00e7o em disco, CD\/DVD-ROM ou Internet, porta USB ou de rede;<br \/>\nMac OS X v 10.5, v 10.6, v 10.7; Processador PowerPC G4, G5, ou Intel\u00ae Core\u2122; Disco r\u00edgido de 500 MB; CD-ROM\/DVD-ROM ou Internet; USB ou Rede<\/dd>\n<\/dl>\n<dl>\n<dt>Sistemas operacionais compat\u00edveis<\/dt>\n<dd>\n<ul>\n<li>Instala\u00e7\u00e3o completa de software suportada em: Windows 8, Windows 7 32 bit e 64 bit, Windows Vista 32 bit e 64 bit, Windows XP 32 bit SP2 ou superior<\/li>\n<li>Instala\u00e7\u00e3o somente de driver suportada em: Windows Server 2008 32 bit e 64 bit, Windows Server 2003 32 bit SP3 ou superior<\/li>\n<li>Mac OS X v10.5, v10.6, v10.7<\/li>\n<li>Linpus Linux: 9.4, 9.5, Red Hat Enterprise Linux: 5.0, 6.0, OpenSuSE: 11.3, 11.4, Fedora: 14, 15, Ubuntu: 10.04, 10.10, 11.04, Debian: 5.0, 6.0 e HPUX11i<\/li>\n<\/ul>\n<\/dd>\n<\/dl>\n<h2>Especifica\u00e7\u00f5es de mem\u00f3ria<\/h2>\n<dl>\n<dt>Mem\u00f3ria, padr\u00e3o<\/dt>\n<dd>256 MB<\/dd>\n<\/dl>\n<dl>\n<dt>Mem\u00f3ria, m\u00e1xima<\/dt>\n<dd>256 MB<\/dd>\n<\/dl>\n<dl>\n<dt>Disco r\u00edgido<\/dt>\n<dd>\n<ul>\n<li>Nenhum\/nenhuma<\/li>\n<\/ul>\n<\/dd>\n<\/dl>\n<h2>Manuseio de papel<\/h2>\n<dl>\n<dt>Manuseio de entrada de papel, padr\u00e3o<\/dt>\n<dd>Bandeja 1 multiuso para 50 folhas, bandeja 2 de entrada para 250 folhas, duplexador autom\u00e1tico para impress\u00e3o em frente e verso<\/dd>\n<\/dl>\n<dl>\n<dt>Manuseio de entrada de papel, opcional<\/dt>\n<dd>Terceira bandeja para 500 folhas opcional<\/dd>\n<\/dl>\n<dl>\n<dt>Manuseio de sa\u00edda de papel, padr\u00e3o<\/dt>\n<dd>Bandeja de sa\u00edda para 150 folhas<\/dd>\n<\/dl>\n<dl>\n<dt>Impress\u00e3o frente e verso<\/dt>\n<dd>\n<ul>\n<li>Autom\u00e1tica (standard)<\/li>\n<\/ul>\n<\/dd>\n<\/dl>\n<dl>\n<dt>Tamanhos de m\u00eddia suportados<\/dt>\n<dd>A4; A5; A6; B5 (JIS)<\/dd>\n<\/dl>\n<dl>\n<dt>Tamanhos de m\u00eddia, personalizados<\/dt>\n<dd>Bandeja multiuso: 76 x 127 a 216 x 356 mm; bandeja 2 e alimentador\/bandeja para 500 folhas opcional: 105 x 148 a 216 x 356 mm<\/dd>\n<\/dl>\n<dl>\n<dt>Tipos de suportes<\/dt>\n<dd>Papel (liso, modo verde, leve, pesado, comum, colororido, timbrado, pr\u00e9-impresso, pr\u00e9-perfurado, reciclado, \u00e1spero); envelopes; etiquetas; transpar\u00eancias, cart\u00e3o<\/dd>\n<\/dl>\n<dl>\n<dt>Gramaturas de m\u00eddia, suportado<\/dt>\n<dd>Bandeja 1: 60 a 163 g\/m\u00b2 (caminho do papel direto para m\u00eddia especial); bandeja 2, bandeja 3 opcional: 60 a 120 g\/m\u00b2<\/dd>\n<\/dl>\n<h2>Especifica\u00e7\u00f5es do scanner<\/h2>\n<dl>\n<dt>Tipo de scanner<\/dt>\n<dd>Base plana, alimentador autom\u00e1tico de documentos<\/dd>\n<\/dl>\n<dl>\n<dt>Formatos dos arquivos digitalizados<\/dt>\n<dd>PDF, PDF com busca, JPG, RTF, TXT, BMP, PNG, TIFF (digitaliza\u00e7\u00e3o para dispositivo USB e a partir do painel frontal para uma pasta na rede, suporte apenas para JPG e PDF)<\/dd>\n<\/dl>\n<dl>\n<dt>Resolu\u00e7\u00e3o de digitaliza\u00e7\u00e3o, \u00f3ptica<\/dt>\n<dd>At\u00e9 1200 dpi (cores e monocrom\u00e1tico, mesa); At\u00e9 300 dpi (cores e monocrom\u00e1tico, ADF)<\/dd>\n<\/dl>\n<dl>\n<dt>Tamanho da digitaliza\u00e7\u00e3o (no scanner de mesa), m\u00e1ximo<\/dt>\n<dd>216 x 297 mm<\/dd>\n<\/dl>\n<dl>\n<dt>Tamanho da digitaliza\u00e7\u00e3o (ADF), m\u00e1ximo<\/dt>\n<dd>216 x 381 mm<\/dd>\n<\/dl>\n<dl>\n<dt>Velocidade de digitaliza\u00e7\u00e3o (normal, A4)<\/dt>\n<dd>At\u00e9 20 ppm (preto e branco), at\u00e9 9 ppm (colorido)<br \/>\n(<i>Ao mesmo tempo que digitaliza para arquivo de ADF. A velocidade exata varia dependendo da configura\u00e7\u00e3o do sistema e da complexidade do documento.<\/i>\u00a0)<\/dd>\n<\/dl>\n<dl>\n<dt>Digitaliza\u00e7\u00e3o ADF duplex<\/dt>\n<dd>Sim, ADF duplex de passo \u00fanico<\/dd>\n<\/dl>\n<dl>\n<dt>Capacidade do alimentador autom\u00e1tico de documentos<\/dt>\n<dd>Padr\u00e3o, 50 folhas<\/dd>\n<\/dl>\n<dl>\n<dt>Caracter\u00edsticas padr\u00e3o transmiss\u00e3o digital<\/dt>\n<dd>\n<ul>\n<li>Digitaliza\u00e7\u00e3o direta para e-mail<\/li>\n<li>digitaliza\u00e7\u00e3o para pasta na rede ou digitaliza\u00e7\u00e3o para nuvem<\/li>\n<\/ul>\n<\/dd>\n<\/dl>\n<dl>\n<dt>Formatos de arquivo, admitidos<\/dt>\n<dd>\n<ul>\n<li>Digitaliza\u00e7\u00e3o para dispositivo USB e digitaliza\u00e7\u00e3o a partir do painel frontal para uma pasta na rede, suporte somente para: JPG, PDF<\/li>\n<\/ul>\n<\/dd>\n<\/dl>\n<h2>Especifica\u00e7\u00f5es da copiadora<\/h2>\n<dl>\n<dt>Velocidade de c\u00f3pia (normal)<\/dt>\n<dd>Preto:At\u00e9 33 ppm<\/dd>\n<\/dl>\n<dl>\n<dt>Resolu\u00e7\u00e3o de c\u00f3pia (texto em preto)<\/dt>\n<dd>At\u00e9 600 x 600 dpi<\/dd>\n<\/dl>\n<dl>\n<dt>Configura\u00e7\u00f5es de redu\u00e7\u00e3o\/amplia\u00e7\u00e3o de c\u00f3pia<\/dt>\n<dd>25 at\u00e9 400%<\/dd>\n<\/dl>\n<dl>\n<dt>C\u00f3pias, no m\u00e1ximo<\/dt>\n<dd>At\u00e9 99 c\u00f3pias<\/dd>\n<\/dl>\n<h2>Especifica\u00e7\u00f5es para fax<\/h2>\n<dl>\n<dt>Envio\/recep\u00e7\u00e3o de faxes<\/dt>\n<dd>Sim<\/dd>\n<\/dl>\n<dl>\n<dt>Velocidade de transmiss\u00e3o de fax<\/dt>\n<dd>3 seg. por p\u00e1gina<\/dd>\n<\/dl>\n<dl>\n<dt>Nota fax<\/dt>\n<dd>Com base na imagem de teste ITU-T n.\u00ba 1 normal \u00e0 resolu\u00e7\u00e3o normal. As p\u00e1ginas mais complexas ou uma resolu\u00e7\u00e3o superior fazem aumentar o tempo de transmiss\u00e3o.<\/dd>\n<\/dl>\n<dl>\n<dt>Mem\u00f3ria do fax<\/dt>\n<dd>At\u00e9 300 p\u00e1ginas<\/dd>\n<\/dl>\n<dl>\n<dt>Resolu\u00e7\u00e3o de fax<\/dt>\n<dd>At\u00e9 300 x 300 dpi (meios-tons ativados)<\/dd>\n<\/dl>\n<dl>\n<dt>Discagens r\u00e1pidas, n\u00famero m\u00e1ximo<\/dt>\n<dd>At\u00e9 120 n\u00fameros (119 discagens de grupo)<\/dd>\n<\/dl>\n<dl>\n<dt>Locais de transmiss\u00e3o<\/dt>\n<dd>119<\/dd>\n<\/dl>\n<p style=\"text-align: justify;\"><\/div><\/div>\n","protected":false},"excerpt":{"rendered":"","protected":false},"author":1,"featured_media":0,"parent":36,"menu_order":0,"comment_status":"open","ping_status":"open","template":"","meta":[],"_links":{"self":[{"href":"https:\/\/www.copybusiness.com.br\/site\/wp-json\/wp\/v2\/pages\/454"}],"collection":[{"href":"https:\/\/www.copybusiness.com.br\/site\/wp-json\/wp\/v2\/pages"}],"about":[{"href":"https:\/\/www.copybusiness.com.br\/site\/wp-json\/wp\/v2\/types\/page"}],"author":[{"embeddable":true,"href":"https:\/\/www.copybusiness.com.br\/site\/wp-json\/wp\/v2\/users\/1"}],"replies":[{"embeddable":true,"href":"https:\/\/www.copybusiness.com.br\/site\/wp-json\/wp\/v2\/comments?post=454"}],"version-history":[{"count":3,"href":"https:\/\/www.copybusiness.com.br\/site\/wp-json\/wp\/v2\/pages\/454\/revisions"}],"predecessor-version":[{"id":549,"href":"https:\/\/www.copybusiness.com.br\/site\/wp-json\/wp\/v2\/pages\/454\/revisions\/549"}],"up":[{"embeddable":true,"href":"https:\/\/www.copybusiness.com.br\/site\/wp-json\/wp\/v2\/pages\/36"}],"wp:attachment":[{"href":"https:\/\/www.copybusiness.com.br\/site\/wp-json\/wp\/v2\/media?parent=454"}],"curies":[{"name":"wp","href":"https:\/\/api.w.org\/{rel}","templated":true}]}}