{"id":461,"date":"2013-11-06T15:00:09","date_gmt":"2013-11-06T17:00:09","guid":{"rendered":"http:\/\/www.copybusiness.com.br\/site\/?page_id=461"},"modified":"2013-11-06T15:00:09","modified_gmt":"2013-11-06T17:00:09","slug":"multifuncional-hp-m-1536","status":"publish","type":"page","link":"https:\/\/www.copybusiness.com.br\/site\/produtos\/multifuncional-hp-m-1536\/","title":{"rendered":"Multifuncional HP M 1536"},"content":{"rendered":"<p style=\"text-align: center;\"><a href=\"http:\/\/www.copybusiness.com.br\/site\/wp-content\/uploads\/2013\/11\/1536.png\"><img loading=\"lazy\" class=\"alignnone size-full wp-image-450\" alt=\"1536\" src=\"http:\/\/www.copybusiness.com.br\/site\/wp-content\/uploads\/2013\/11\/1536.png\" width=\"180\" height=\"135\" \/><\/a><\/p>\n<div class=\"su-box su-box-style-default\" id=\"\" style=\"border-color:#848484;border-radius:3px\"><div class=\"su-box-title\" style=\"background-color:#b7b7b7;color:#FFFFFF;border-top-left-radius:1px;border-top-right-radius:1px\">Modelo<\/div><div class=\"su-box-content su-u-clearfix su-u-trim\" style=\"border-bottom-left-radius:1px;border-bottom-right-radius:1px\">HP 1536 DNF<\/div><\/div>\n<div class=\"su-box su-box-style-default\" id=\"\" style=\"border-color:#848484;border-radius:3px\"><div class=\"su-box-title\" style=\"background-color:#b7b7b7;color:#FFFFFF;border-top-left-radius:1px;border-top-right-radius:1px\">Especifica\u00e7\u00f5es<\/div><div class=\"su-box-content su-u-clearfix su-u-trim\" style=\"border-bottom-left-radius:1px;border-bottom-right-radius:1px\">\n<p>&nbsp;<\/p>\n<h2>Fun\u00e7\u00f5es<\/h2>\n<dl>\n<dt>Fun\u00e7\u00f5es<\/dt>\n<dd>\n<ul>\n<li>Imprimir, copiar, digitalizar, fax<\/li>\n<\/ul>\n<\/dd>\n<\/dl>\n<dl>\n<dt>Admite multitarefas<\/dt>\n<dd>Sim<\/dd>\n<\/dl>\n<h2>Especifica\u00e7\u00f5es para impress\u00e3o<\/h2>\n<dl>\n<dt>Velocidade de impress\u00e3o (preto):<\/dt>\n<dd>\nNormal:At\u00e9 25 ppm<\/dd>\n<\/dl>\n<dl>\n<dt><\/dt>\n<dd><\/dd>\n<\/dl>\n<dl>\n<dd>(Mensurado usando a ISO\/IEC 24734, exclui o primeiro conjunto de documentos de teste. Para obter mais informa\u00e7\u00f5es, visite http:\/\/www.hp.com\/go\/printerclaims. A velocidade exata varia dependendo da configura\u00e7\u00e3o do sistema, do aplicativo de software, do driver e da complexidade do documento. )<\/dd>\n<\/dl>\n<dl>\n<dt>Primeira p\u00e1gina impressa (pronta)<\/dt>\n<dd>Preto: At\u00e9 8,5 segundos<\/dd>\n<\/dl>\n<dl>\n<dt>Ciclo de trabalho (mensal, A4)<\/dt>\n<dd>At\u00e9 8000 p\u00e1ginas<br \/>\n(O ciclo de trabalho \u00e9 definido como o n\u00famero m\u00e1ximo de p\u00e1ginas por m\u00eas de sa\u00edda de imagens. Esse valor proporciona uma compara\u00e7\u00e3o da robustez do produto em rela\u00e7\u00e3o a outros dispositivos HP LaserJet ou HP Color LaserJet, permitindo a implementa\u00e7\u00e3o adequada de impressoras e MFPs para atender aos pedidos de pessoas ou grupos conectados.)<\/dd>\n<\/dl>\n<dl>\n<dt>Volume mensal de p\u00e1ginas recomendado<\/dt>\n<dd>500 at\u00e9 2000<br \/>\n(<i>A HP recomenda que o n\u00famero de p\u00e1ginas por m\u00eas da extens\u00e3o de imagens esteja dentro da gama especificada para um desempenho ideal do dispositivo, com base em fatores que incluem intervalos de substitui\u00e7\u00e3o de suprimentos e vida \u00fatil dos dispositivos em um per\u00edodo de garantia estendida.<\/i>)<\/dd>\n<\/dl>\n<dl>\n<dt>Tecnologia de impress\u00e3o<\/dt>\n<dd>Laser<\/dd>\n<\/dl>\n<dl>\n<dt>Qualidade de impress\u00e3o preto (\u00f3tima)<\/dt>\n<dd>At\u00e9 600 x 600 x 2 dpi<\/dd>\n<\/dl>\n<dl>\n<dt>Idiomas de impress\u00e3o<\/dt>\n<dd>\n<ul>\n<li>Emula\u00e7\u00e3o HP PCL 6<\/li>\n<li>HP PCL 5<\/li>\n<li>HP postscript n\u00edvel 3.<\/li>\n<\/ul>\n<\/dd>\n<\/dl>\n<dl>\n<dt>Monitor<\/dt>\n<dd>\n<ul>\n<li>Tela LCD (texto) de 2 linhas<\/li>\n<\/ul>\n<\/dd>\n<\/dl>\n<dl>\n<dt>Velocidade do processador<\/dt>\n<dd>500 MHz<\/dd>\n<\/dl>\n<dl>\n<dt>Sensor autom\u00e1tico de papel<\/dt>\n<dd>\u00a0N\u00e3o<\/dd>\n<\/dl>\n<h2>Conectividade<\/h2>\n<dl>\n<dt>Recurso HP ePrint<\/dt>\n<dd>Sim<\/dd>\n<\/dl>\n<dl>\n<dt>Recurso de impress\u00e3o m\u00f3vel<\/dt>\n<dd>\n<ul>\n<li>HP ePrint, Apple AirPrint\u2122<\/li>\n<\/ul>\n<p>(<i>Pode requerer uma atualiza\u00e7\u00e3o de firmware para ser compat\u00edvel com HP ePrint ou AirPrint\u2122, download em http:\/\/www.hp.com\/go\/support<\/i>)<\/dd>\n<\/dl>\n<dl>\n<dt>Capacidade sem fios<\/dt>\n<dd>\n<ul>\n<li>\u00a0N\u00e3o<\/li>\n<\/ul>\n<\/dd>\n<\/dl>\n<dl>\n<dt>Conectividade, padr\u00e3o<\/dt>\n<dd>\n<ul>\n<li>1 porta USB 2.0 de alta velocidade<\/li>\n<li>1 porta para rede Ethernet 10\/100<\/li>\n<\/ul>\n<\/dd>\n<\/dl>\n<dl>\n<dt>Pronto para trabalhar em rede<\/dt>\n<dd>Standard (Ethernet incorporada)<\/dd>\n<\/dl>\n<dl>\n<dt>Conectividade, opcional<\/dt>\n<dd>\n<ul>\n<li>Nenhum\/nenhuma<\/li>\n<\/ul>\n<\/dd>\n<\/dl>\n<dl>\n<dt>Requisitos m\u00ednimos de sistema<\/dt>\n<dd>Windows 8, Windows 7, Windows Vista: Processador de 1 GHz 32 bit (x86) ou 64 bit (x64), 1 GB de RAM (32 bit) ou 2 GB de RAM (64 bit), 200 MB de espa\u00e7o dispon\u00edvel em disco r\u00edgido, CD\/DVD-ROM ou Internet, porta USB ou de rede; Windows XP 32 bit SP 2: Processador Pentium\u00ae 233 MHz, 512 MB de RAM (32 bit) ou 2 GB de RAM (64 bit), 200 MB de espa\u00e7o dispon\u00edvel em disco r\u00edgido, CD\/DVD-ROM ou Internet, porta USB ou de rede;<br \/>\nMac OS X v10.5.8, v10.6; Power PC G4, G5, ou processador Intel Core; 256 MB de RAM; 300 MB de espa\u00e7o livre em disco r\u00edgido; CD\/DVD-ROM ou Internet; Porta USB ou de rede<\/dd>\n<\/dl>\n<dl>\n<dt>Sistemas operacionais compat\u00edveis<\/dt>\n<dd>\n<ul>\n<li>Instala\u00e7\u00e3o completa de software suportada em: Windows 8, Windows 7 32 bit e 64 bit, Windows Vista 32 bit e 64 bit, Windows XP 32 bit SP2 ou superior<\/li>\n<li>Instala\u00e7\u00e3o somente de driver suportada em: Windows Server 2003 32 bit SP3 ou superior, Windows Server 2008 32 bit e 64 bit<\/li>\n<li>Mac OS X v10.5.8, v10.6<\/li>\n<li>Linpus Linux (9.4, 9.5), Red Hat Enterprise Linux 5.0 (suportado com um pacote pr\u00e9-compilado), SuSE Linux (10.3, 11.0, 11, 11.1, 11.2), Fedora (9, 9.0, 10, 10.0, 11.0, 11, 12, 12.0), Ubuntu (8.04, 8.04.1, 8.04.2, 8.10, 9.04, 9.10, 10.04), Debian (5.0, 5.0.1, 5.0.2, 5.0.3) (suportado pelo instalador autom\u00e1tico)<\/li>\n<li>HPUX 11 e Solaris 8\/9<\/li>\n<\/ul>\n<\/dd>\n<\/dl>\n<h2>Especifica\u00e7\u00f5es de mem\u00f3ria<\/h2>\n<dl>\n<dt>Cart\u00f5es de mem\u00f3ria compat\u00edveis<\/dt>\n<dd>\n<ul>\n<li>Nenhum\/nenhuma<\/li>\n<\/ul>\n<\/dd>\n<\/dl>\n<dl>\n<dt>Mem\u00f3ria, padr\u00e3o<\/dt>\n<dd>128 MB<\/dd>\n<\/dl>\n<dl>\n<dt>Mem\u00f3ria, m\u00e1xima<\/dt>\n<dd>128 MB<\/dd>\n<\/dl>\n<dl>\n<dt>Disco r\u00edgido<\/dt>\n<dd>\n<ul>\n<li>Nenhum\/nenhuma<\/li>\n<\/ul>\n<\/dd>\n<\/dl>\n<h2>Manuseio de papel<\/h2>\n<dl>\n<dt>Manuseio de entrada de papel, padr\u00e3o<\/dt>\n<dd>Bandeja de entrada para 250 folhas, bandeja priorit\u00e1ria para 1 folha, alimentador autom\u00e1tico de documentos (ADF) para 35 folhas<\/dd>\n<\/dl>\n<dl>\n<dt>Manuseio de entrada de papel, opcional<\/dt>\n<dd>Nenhum\/nenhuma<\/dd>\n<\/dl>\n<dl>\n<dt>Manuseio de sa\u00edda de papel, padr\u00e3o<\/dt>\n<dd>Escaninho de sa\u00edda para 100 folhas<\/dd>\n<\/dl>\n<dl>\n<dt>Manuseio de sa\u00edda de papel, opcional<\/dt>\n<dd>Nenhum\/nenhuma<\/dd>\n<\/dl>\n<dl>\n<dt>Impress\u00e3o frente e verso<\/dt>\n<dd>\n<ul>\n<li>Autom\u00e1tica (standard)<\/li>\n<\/ul>\n<\/dd>\n<\/dl>\n<dl>\n<dt>Tamanhos de m\u00eddia suportados<\/dt>\n<dd>A4; A5; B5 (JIS); C5; DL; 16k; envelopes<\/dd>\n<\/dl>\n<dl>\n<dt>Tamanhos de m\u00eddia, personalizados<\/dt>\n<dd>Bandeja de prioridade: 76 x 127 a 216 x 356 mm; Bandeja 2 para 250 folhas; 76 x 187 a 216 x 356 mm<\/dd>\n<\/dl>\n<dl>\n<dt>Tipos de suportes<\/dt>\n<dd>Papel (pesado, timbrado, de baixa gramatura, comum, pr\u00e9-impresso, perfurado, reciclado, n\u00e3o tratado), envelopes, transpar\u00eancias, etiquetas, cart\u00f5es postais<\/dd>\n<\/dl>\n<dl>\n<dt>Gramaturas de m\u00eddia, suportado<\/dt>\n<dd>Bandejas 1, bandeja priorit\u00e1ria, escaninho de sa\u00edda: 60 a 163 g\/m\u00b2<\/dd>\n<\/dl>\n<h2>Especifica\u00e7\u00f5es do scanner<\/h2>\n<dl>\n<dt>Tipo de scanner<\/dt>\n<dd>Base plana, alimentador autom\u00e1tico de documentos<\/dd>\n<\/dl>\n<dl>\n<dt>Formatos dos arquivos digitalizados<\/dt>\n<dd>JPEG, TIF, BMP, GIF, PDF, PNG<\/dd>\n<\/dl>\n<dl>\n<dt>Resolu\u00e7\u00e3o de digitaliza\u00e7\u00e3o, \u00f3ptica<\/dt>\n<dd>At\u00e9 1200 dpi<\/dd>\n<\/dl>\n<dl>\n<dt>Tamanho da digitaliza\u00e7\u00e3o (no scanner de mesa), m\u00e1ximo<\/dt>\n<dd>216 x 297 mm<\/dd>\n<\/dl>\n<dl>\n<dt>Tamanho da digitaliza\u00e7\u00e3o (ADF), m\u00e1ximo<\/dt>\n<dd>216 x 356 mm<\/dd>\n<\/dl>\n<dl>\n<dt>Velocidade de digitaliza\u00e7\u00e3o (normal, A4)<\/dt>\n<dd>At\u00e9 15 ppm (preto e branco, cores)<br \/>\n(<i>Velocidade de digitaliza\u00e7\u00e3o de at\u00e9 15 ppm (preto e branco, cores) de ADF. As velocidades atuais variam de acordo com a complexidade do documento.<\/i>\u00a0)<\/dd>\n<\/dl>\n<dl>\n<dt>Digitaliza\u00e7\u00e3o ADF duplex<\/dt>\n<dd>\u00a0N\u00e3o<\/dd>\n<\/dl>\n<dl>\n<dt>Capacidade do alimentador autom\u00e1tico de documentos<\/dt>\n<dd>Padr\u00e3o, 35 folhas<\/dd>\n<\/dl>\n<h2>Especifica\u00e7\u00f5es da copiadora<\/h2>\n<dl>\n<dt>Velocidade de c\u00f3pia (normal)<\/dt>\n<dd>Preto:At\u00e9 25 cpm<\/dd>\n<\/dl>\n<dl>\n<dt>Resolu\u00e7\u00e3o de c\u00f3pia (texto em preto)<\/dt>\n<dd>At\u00e9 600 x 600 dpi<\/dd>\n<\/dl>\n<dl>\n<dt>Resolu\u00e7\u00e3o de c\u00f3pia (gr\u00e1ficos e texto em cores)<\/dt>\n<dd>At\u00e9 1200 x 1200 dpi<\/dd>\n<\/dl>\n<dl>\n<dt>Configura\u00e7\u00f5es de redu\u00e7\u00e3o\/amplia\u00e7\u00e3o de c\u00f3pia<\/dt>\n<dd>25 at\u00e9 400%<\/dd>\n<\/dl>\n<dl>\n<dt>C\u00f3pias, no m\u00e1ximo<\/dt>\n<dd>At\u00e9 99 c\u00f3pias<\/dd>\n<\/dl>\n<h2>Especifica\u00e7\u00f5es para fax<\/h2>\n<dl>\n<dt>Envio\/recep\u00e7\u00e3o de faxes<\/dt>\n<dd>Sim<\/dd>\n<\/dl>\n<dl>\n<dt>Velocidade de transmiss\u00e3o de fax<\/dt>\n<dd>3 seg. por p\u00e1gina<\/dd>\n<\/dl>\n<dl>\n<dt>Nota fax<\/dt>\n<dd>Com base na imagem de teste ITU-T n.\u00ba 1 normal \u00e0 resolu\u00e7\u00e3o normal. As p\u00e1ginas mais complexas ou uma resolu\u00e7\u00e3o superior fazem aumentar o tempo de transmiss\u00e3o.<\/dd>\n<\/dl>\n<dl>\n<dt>Mem\u00f3ria do fax<\/dt>\n<dd>At\u00e9 400 p\u00e1ginas<\/dd>\n<\/dl>\n<dl>\n<dt>Resolu\u00e7\u00e3o de fax<\/dt>\n<dd>At\u00e9 300 x 300 dpi (meios-tons ativados)<\/dd>\n<\/dl>\n<dl>\n<dt>Discagens r\u00e1pidas, n\u00famero m\u00e1ximo<\/dt>\n<dd>At\u00e9 120 n\u00fameros (119 discagens de grupo)<\/dd>\n<\/dl>\n<dl>\n<dt>Locais de transmiss\u00e3o<\/dt>\n<dd>119 locais<\/dd>\n<dd><\/div><\/div><\/dd>\n<dd><\/dd>\n<\/dl>\n<p style=\"text-align: center;\">\n","protected":false},"excerpt":{"rendered":"","protected":false},"author":1,"featured_media":0,"parent":36,"menu_order":0,"comment_status":"open","ping_status":"open","template":"","meta":[],"_links":{"self":[{"href":"https:\/\/www.copybusiness.com.br\/site\/wp-json\/wp\/v2\/pages\/461"}],"collection":[{"href":"https:\/\/www.copybusiness.com.br\/site\/wp-json\/wp\/v2\/pages"}],"about":[{"href":"https:\/\/www.copybusiness.com.br\/site\/wp-json\/wp\/v2\/types\/page"}],"author":[{"embeddable":true,"href":"https:\/\/www.copybusiness.com.br\/site\/wp-json\/wp\/v2\/users\/1"}],"replies":[{"embeddable":true,"href":"https:\/\/www.copybusiness.com.br\/site\/wp-json\/wp\/v2\/comments?post=461"}],"version-history":[{"count":2,"href":"https:\/\/www.copybusiness.com.br\/site\/wp-json\/wp\/v2\/pages\/461\/revisions"}],"predecessor-version":[{"id":465,"href":"https:\/\/www.copybusiness.com.br\/site\/wp-json\/wp\/v2\/pages\/461\/revisions\/465"}],"up":[{"embeddable":true,"href":"https:\/\/www.copybusiness.com.br\/site\/wp-json\/wp\/v2\/pages\/36"}],"wp:attachment":[{"href":"https:\/\/www.copybusiness.com.br\/site\/wp-json\/wp\/v2\/media?parent=461"}],"curies":[{"name":"wp","href":"https:\/\/api.w.org\/{rel}","templated":true}]}}