{"id":464,"date":"2013-11-06T15:04:17","date_gmt":"2013-11-06T17:04:17","guid":{"rendered":"http:\/\/www.copybusiness.com.br\/site\/?page_id=464"},"modified":"2013-11-06T15:04:17","modified_gmt":"2013-11-06T17:04:17","slug":"multifuncional-hp-521","status":"publish","type":"page","link":"https:\/\/www.copybusiness.com.br\/site\/produtos\/multifuncional-hp-521\/","title":{"rendered":"Multifuncional HP 521"},"content":{"rendered":"<p style=\"text-align: center;\">\u00a0<a href=\"http:\/\/www.copybusiness.com.br\/site\/wp-content\/uploads\/2013\/11\/M-521-DN.png\"><img loading=\"lazy\" class=\"alignnone size-full wp-image-466\" alt=\"M 521 DN\" src=\"http:\/\/www.copybusiness.com.br\/site\/wp-content\/uploads\/2013\/11\/M-521-DN.png\" width=\"180\" height=\"135\" \/><\/a><\/p>\n<p style=\"text-align: center;\">\n<div class=\"su-box su-box-style-default\" id=\"\" style=\"border-color:#848484;border-radius:3px\"><div class=\"su-box-title\" style=\"background-color:#b7b7b7;color:#FFFFFF;border-top-left-radius:1px;border-top-right-radius:1px\">Modelo<\/div><div class=\"su-box-content su-u-clearfix su-u-trim\" style=\"border-bottom-left-radius:1px;border-bottom-right-radius:1px\">HP 521 DN<\/div><\/div>\n<div class=\"su-box su-box-style-default\" id=\"\" style=\"border-color:#848484;border-radius:3px\"><div class=\"su-box-title\" style=\"background-color:#b7b7b7;color:#FFFFFF;border-top-left-radius:1px;border-top-right-radius:1px\">Especifica\u00e7\u00f5es<\/div><div class=\"su-box-content su-u-clearfix su-u-trim\" style=\"border-bottom-left-radius:1px;border-bottom-right-radius:1px\">\n<h2>Fun\u00e7\u00f5es<\/h2>\n<dl>\n<dt>Fun\u00e7\u00f5es<\/dt>\n<dd>\n<ul>\n<li>Imprimir, copiar, digitalizar, fax<\/li>\n<\/ul>\n<\/dd>\n<\/dl>\n<dl>\n<dt>Admite multitarefas<\/dt>\n<dd>Sim<\/dd>\n<\/dl>\n<h2>Especifica\u00e7\u00f5es para impress\u00e3o<\/h2>\n<dl>\n<dt>Velocidade de impress\u00e3o (preto):<\/dt>\n<dd>\nNormal:At\u00e9 40 ppm[1]<\/dd>\n<\/dl>\n<dl>\n<dt><\/dt>\n<dd><\/dd>\n<\/dl>\n<dl>\n<dd>([1]Mensurado usando a ISO\/IEC 24734, exclui o primeiro conjunto de documentos de teste. Para obter mais informa\u00e7\u00f5es, consulte hp.com\/go\/printerclaims. A velocidade exata varia dependendo da configura\u00e7\u00e3o do sistema, do aplicativo de software, do driver e da complexidade do documento. )<\/dd>\n<\/dl>\n<dl>\n<dt>Primeira p\u00e1gina impressa (pronta)<\/dt>\n<dd>Preto: At\u00e9 8 segundos<\/dd>\n<\/dl>\n<dl>\n<dt>Ciclo de trabalho (mensal, A4)<\/dt>\n<dd>At\u00e9 75.000 p\u00e1ginas[3]\n([3]O ciclo de trabalho \u00e9 definido como o n\u00famero m\u00e1ximo de p\u00e1ginas por m\u00eas de sa\u00edda de imagens. Esse valor proporciona uma compara\u00e7\u00e3o da robustez do produto em rela\u00e7\u00e3o a outros dispositivos HP LaserJet ou HP Color LaserJet, permitindo a implementa\u00e7\u00e3o adequada de impressoras e multifuncionais para atender aos pedidos de pessoas ou grupos conectados.)<\/dd>\n<\/dl>\n<dl>\n<dt>Volume mensal de p\u00e1ginas recomendado<\/dt>\n<dd>2000 a 6000[2]\n(<i>[2]A HP recomenda que a quantidade de p\u00e1ginas por m\u00eas da sa\u00edda de imagens esteja dentro da gama especificada para um desempenho ideal do dispositivo, com base em fatores que incluem intervalos de substitui\u00e7\u00e3o de suprimentos e vida \u00fatil dos dispositivos em um per\u00edodo de garantia estendida.<\/i>)<\/dd>\n<\/dl>\n<dl>\n<dt>Tecnologia de impress\u00e3o<\/dt>\n<dd>Laser<\/dd>\n<\/dl>\n<dl>\n<dt>Qualidade de impress\u00e3o preto (\u00f3tima)<\/dt>\n<dd>At\u00e9 1200 x 1200 dpi<\/dd>\n<\/dl>\n<dl>\n<dt>Idiomas de impress\u00e3o<\/dt>\n<dd>\n<ul>\n<li>HP PCL 6; HP PCL 5; emula\u00e7\u00e3o HP postscript n\u00edvel 3<\/li>\n<li>PCLm<\/li>\n<\/ul>\n<\/dd>\n<\/dl>\n<dl>\n<dt>Monitor<\/dt>\n<dd>\n<ul>\n<li>Tela de toque LCD de 3,5&#8243; (8,89 cm) (gr\u00e1ficos coloridos)<\/li>\n<\/ul>\n<\/dd>\n<\/dl>\n<dl>\n<dt>Velocidade do processador<\/dt>\n<dd>800 MHz<\/dd>\n<\/dl>\n<dl>\n<dt>Sensor autom\u00e1tico de papel<\/dt>\n<dd>\u00a0N\u00e3o<\/dd>\n<\/dl>\n<h2>Conectividade<\/h2>\n<dl>\n<dt>Recurso HP ePrint<\/dt>\n<dd>Sim<\/dd>\n<\/dl>\n<dl>\n<dt>Recurso de impress\u00e3o m\u00f3vel<\/dt>\n<dd>\n<ul>\n<li>HP ePrint, Apple AirPrint\u2122, aplicativos m\u00f3veis<\/li>\n<\/ul>\n<\/dd>\n<\/dl>\n<dl>\n<dt>Conectividade, padr\u00e3o<\/dt>\n<dd>\n<ul>\n<li>1 dispositivo USB 2.0 de alta velocidade<\/li>\n<li>1 host USB 2.0 de alta velocidade<\/li>\n<li>1 Ethernet Gigabit 10\/100\/1000Base-TX<\/li>\n<li>1 Telecom<\/li>\n<li>1 telefone<\/li>\n<\/ul>\n<\/dd>\n<\/dl>\n<dl>\n<dt>Pronto para trabalhar em rede<\/dt>\n<dd>Padr\u00e3o (Fast Ethernet incorporada)<\/dd>\n<\/dl>\n<dl>\n<dt>Conectividade, opcional<\/dt>\n<dd>\n<ul>\n<li>Servidor de impress\u00e3o sem fio 802.11b\/g J8021A para HP Jetdirect ew2500<\/li>\n<li>Servidor de impress\u00e3o sem fio USB J8026A para HP Jetdirect 2700w<\/li>\n<\/ul>\n<\/dd>\n<\/dl>\n<dl>\n<dt>Requisitos m\u00ednimos de sistema<\/dt>\n<dd>Windows 7 (32 bits\/64 bits), Windows Vista (32 bits\/64 bits): Processador de 1 GHz 32 bits (x86) ou 64 bits (x64), 1 GB de RAM (32 bits) ou 2 GB de RAM (64 bits), 400 MB de espa\u00e7o dispon\u00edvel em disco, CD\/DVD-ROM ou Internet, porta USB ou de rede; Windows XP (32 bits) SP2: Processador Pentium\u00ae de 233 MHz, 512 MB de RAM, 400 MB de espa\u00e7o em disco, CD\/DVD-ROM ou Internet, porta USB ou de rede;<br \/>\nMac OS X v 10.6; Processador PowerPC G4, G5, ou Intel\u00ae Core\u2122; Disco r\u00edgido de 500 MB; CD-ROM\/DVD-ROM ou Internet; Porta USB ou de rede<\/dd>\n<\/dl>\n<dl>\n<dt>Sistemas operacionais compat\u00edveis<\/dt>\n<dd>\n<ul>\n<li>Instala\u00e7\u00e3o completa de software suportada em: Windows 8 32 bits e 64 bits, Windows 7 32 bits e 64 bits, Windows Vista 32 bits e 64 bits, Windows XP 32 bits (SP2 ou superior)<\/li>\n<li>Instala\u00e7\u00e3o de driver admitida somente em: Windows 2012<\/li>\n<li>Windows Server 2008 32 bits e 64 bits, Windows Server 2003 32 bits (SP3 ou superior)<\/li>\n<li>Mac OS X v 10.6.8 e posterior<\/li>\n<li>Linpus Linux (9.4, 9.5), Red Hat Enterprise Linux 5.0 (suportado com um pacote pr\u00e9-integrado)<\/li>\n<li>SUSE Linux (10.3, 11.0, 11, 11.1, 11.2), Fedora (9, 9.0, 10, 10.0, 11.0, 11, 12, 12.0), Ubuntu (8.04, 8.04.1, 8.04.2, 8.10, 9.04, 9.10, 10.04), Debian (5.0, 5.0.1, 5.0.2, 5.0.3) (suportado pelo instalador autom\u00e1tico)<\/li>\n<li>HPUX 11 e Solaris 8\/9<\/li>\n<\/ul>\n<\/dd>\n<\/dl>\n<h2>Especifica\u00e7\u00f5es de mem\u00f3ria<\/h2>\n<dl>\n<dt>Mem\u00f3ria, padr\u00e3o<\/dt>\n<dd>256 MB<\/dd>\n<\/dl>\n<dl>\n<dt>Mem\u00f3ria, m\u00e1xima<\/dt>\n<dd>256 MB<\/dd>\n<\/dl>\n<dl>\n<dt>Disco r\u00edgido<\/dt>\n<dd>\n<ul>\n<li>Nenhum\/nenhuma<\/li>\n<\/ul>\n<\/dd>\n<\/dl>\n<h2>Manuseio de papel<\/h2>\n<dl>\n<dt>Manuseio de entrada de papel, padr\u00e3o<\/dt>\n<dd>Bandeja multiprop\u00f3sito para 100 folhas, bandeja de entrada 2 para 500 folhas, alimentador autom\u00e1tico de documentos (ADF) para 50 folhas<\/dd>\n<\/dl>\n<dl>\n<dt>Manuseio de entrada de papel, opcional<\/dt>\n<dd>Bandeja opcional para 500 folhas<\/dd>\n<\/dl>\n<dl>\n<dt>Manuseio de sa\u00edda de papel, padr\u00e3o<\/dt>\n<dd>Bandeja de sa\u00edda para 250 folhas, bandeja de sa\u00edda posterior para 100 folhas<\/dd>\n<\/dl>\n<dl>\n<dt>Impress\u00e3o frente e verso<\/dt>\n<dd>\n<ul>\n<li>Autom\u00e1tica (standard)<\/li>\n<\/ul>\n<\/dd>\n<\/dl>\n<dl>\n<dt>Tamanhos de m\u00eddia suportados<\/dt>\n<dd>Bandeja 1: A4, A5, A6, RA4, B5 (JIS), B6 (JIS), 10 x 15 cm, Cart\u00e3o postal (JIS), Cart\u00e3o postal D (JIS), Envelope (B5, C5, C6, DL); Bandeja 2, Bandeja 3 opcional: A4, A5, A6, RA4, B5 (JIS), B6 (JIS), 10 x 15 cm, Cart\u00e3o postal (JIS), Cart\u00e3o postal D (JIS)<\/dd>\n<\/dl>\n<dl>\n<dt>Tamanhos de m\u00eddia, personalizados<\/dt>\n<dd>Bandeja 1: 76 x 127 a 216 x 356 mm; Bandeja 2, Bandeja 3 opcional: 105 x 148 a 216 x 356 mm<\/dd>\n<\/dl>\n<dl>\n<dt>Tipos de suportes<\/dt>\n<dd>Papel (comum, colorido, timbrado, liso, pr\u00e9-impresso, pr\u00e9-perfurado, reciclado, \u00e1spero); envelopes, etiquetas, cart\u00f5es, transpar\u00eancias, definido pelo usu\u00e1rio<\/dd>\n<\/dl>\n<dl>\n<dt>Gramaturas de m\u00eddia, suportado<\/dt>\n<dd>Bandeja 1: 52 a 199 g\/m\u00b2; Bandeja 2, Bandeja 3 opcional: 52 a 120 g\/m\u00b2<\/dd>\n<\/dl>\n<h2>Especifica\u00e7\u00f5es do scanner<\/h2>\n<dl>\n<dt>Tipo de scanner<\/dt>\n<dd>Base plana, alimentador autom\u00e1tico de documentos<\/dd>\n<\/dl>\n<dl>\n<dt>Formatos dos arquivos digitalizados<\/dt>\n<dd>O software de digitaliza\u00e7\u00e3o para Windows aceita os formatos de arquivo: JPG, RAW(BMP), PDF, TIFF, PNG; O software de digitaliza\u00e7\u00e3o para Mac aceita os formatos de arquivo: TIFF, PNG, JPEG, JPEG 2000, PDF, PDF pesquis\u00e1vel, RTF, TXT<\/dd>\n<\/dl>\n<dl>\n<dt>Resolu\u00e7\u00e3o de digitaliza\u00e7\u00e3o, \u00f3ptica<\/dt>\n<dd>At\u00e9 300, 600, 1200 dpi<\/dd>\n<\/dl>\n<dl>\n<dt>Tamanho da digitaliza\u00e7\u00e3o (no scanner de mesa), m\u00e1ximo<\/dt>\n<dd>216 x 297 mm<\/dd>\n<\/dl>\n<dl>\n<dt>Tamanho da digitaliza\u00e7\u00e3o (ADF), m\u00e1ximo<\/dt>\n<dd>216 x 356 mm<\/dd>\n<\/dl>\n<dl>\n<dt>Velocidade de digitaliza\u00e7\u00e3o (normal, A4)<\/dt>\n<dd>At\u00e9 19 ppm (preto e branco), at\u00e9 14 ppm (colorido)[5]\n(<i>[5]Velocidades de digitaliza\u00e7\u00e3o de at\u00e9 21 ppm medidas em 200 dpi (p&amp;b) e de at\u00e9 15 ppm em 200 dpi (cor) do alimentador autom\u00e1tico de documentos quando digitalizando para arquivo digital. As velocidades reais podem variar dependendo da resolu\u00e7\u00e3o de digitaliza\u00e7\u00e3o, das condi\u00e7\u00f5es da rede, do desempenho do computador e do software de aplicativo.<\/i>\u00a0)<\/dd>\n<\/dl>\n<dl>\n<dt>Digitaliza\u00e7\u00e3o ADF duplex<\/dt>\n<dd>Sim<\/dd>\n<\/dl>\n<dl>\n<dt>Capacidade do alimentador autom\u00e1tico de documentos<\/dt>\n<dd>Padr\u00e3o, 50 folhas<\/dd>\n<\/dl>\n<dl>\n<dt>Caracter\u00edsticas padr\u00e3o transmiss\u00e3o digital<\/dt>\n<dd>\n<ul>\n<li>Digitalizar para e-mail; Digitalizar para pasta de rede; Digitalizar para unidade USB<\/li>\n<\/ul>\n<\/dd>\n<\/dl>\n<h2>Especifica\u00e7\u00f5es da copiadora<\/h2>\n<dl>\n<dt>Velocidade de c\u00f3pia (normal)<\/dt>\n<dd>Preto:At\u00e9 40 ppm[4]<\/dd>\n<\/dl>\n<dl>\n<dt>Resolu\u00e7\u00e3o de c\u00f3pia (texto em preto)<\/dt>\n<dd>At\u00e9 600 x 600 dpi<\/dd>\n<\/dl>\n<dl>\n<dt>Resolu\u00e7\u00e3o de c\u00f3pia (gr\u00e1ficos e texto em cores)<\/dt>\n<dd>At\u00e9 600 x 600 dpi<\/dd>\n<\/dl>\n<dl>\n<dt>Configura\u00e7\u00f5es de redu\u00e7\u00e3o\/amplia\u00e7\u00e3o de c\u00f3pia<\/dt>\n<dd>25 at\u00e9 400%<\/dd>\n<\/dl>\n<dl>\n<dt>C\u00f3pias, no m\u00e1ximo<\/dt>\n<dd>At\u00e9 99 c\u00f3pias<\/dd>\n<\/dl>\n<h2>Especifica\u00e7\u00f5es para fax<\/h2>\n<dl>\n<dt>Envio\/recep\u00e7\u00e3o de faxes<\/dt>\n<dd>Sim<\/dd>\n<\/dl>\n<dl>\n<dt>Velocidade de transmiss\u00e3o de fax<\/dt>\n<dd>33,6 kbps<\/dd>\n<\/dl>\n<dl>\n<dt>Nota fax<\/dt>\n<dd>Com base na imagem de teste ITU-T n.\u00ba 1 normal \u00e0 resolu\u00e7\u00e3o normal. As p\u00e1ginas mais complexas ou com resolu\u00e7\u00e3o superior poder\u00e3o demorar mais tempo e utilizar mais mem\u00f3ria.<\/dd>\n<\/dl>\n<dl>\n<dt>Mem\u00f3ria do fax<\/dt>\n<dd>At\u00e9 250 p\u00e1ginas<\/dd>\n<\/dl>\n<dl>\n<dt>Resolu\u00e7\u00e3o de fax<\/dt>\n<dd>At\u00e9 300 x 300 dpi<\/dd>\n<\/dl>\n<dl>\n<dt>Discagens r\u00e1pidas, n\u00famero m\u00e1ximo<\/dt>\n<dd>At\u00e9 100 n\u00fameros (cada um pode conter 100 n\u00fameros)<\/dd>\n<\/dl>\n<dl>\n<dt>Locais de transmiss\u00e3o<\/dt>\n<dd>100<\/dd>\n<dd><\/div><\/div><\/dd>\n<\/dl>\n","protected":false},"excerpt":{"rendered":"<p>\u00a0<\/p>\n","protected":false},"author":1,"featured_media":0,"parent":36,"menu_order":0,"comment_status":"open","ping_status":"open","template":"","meta":[],"_links":{"self":[{"href":"https:\/\/www.copybusiness.com.br\/site\/wp-json\/wp\/v2\/pages\/464"}],"collection":[{"href":"https:\/\/www.copybusiness.com.br\/site\/wp-json\/wp\/v2\/pages"}],"about":[{"href":"https:\/\/www.copybusiness.com.br\/site\/wp-json\/wp\/v2\/types\/page"}],"author":[{"embeddable":true,"href":"https:\/\/www.copybusiness.com.br\/site\/wp-json\/wp\/v2\/users\/1"}],"replies":[{"embeddable":true,"href":"https:\/\/www.copybusiness.com.br\/site\/wp-json\/wp\/v2\/comments?post=464"}],"version-history":[{"count":2,"href":"https:\/\/www.copybusiness.com.br\/site\/wp-json\/wp\/v2\/pages\/464\/revisions"}],"predecessor-version":[{"id":482,"href":"https:\/\/www.copybusiness.com.br\/site\/wp-json\/wp\/v2\/pages\/464\/revisions\/482"}],"up":[{"embeddable":true,"href":"https:\/\/www.copybusiness.com.br\/site\/wp-json\/wp\/v2\/pages\/36"}],"wp:attachment":[{"href":"https:\/\/www.copybusiness.com.br\/site\/wp-json\/wp\/v2\/media?parent=464"}],"curies":[{"name":"wp","href":"https:\/\/api.w.org\/{rel}","templated":true}]}}