{"id":522,"date":"2013-11-07T15:06:03","date_gmt":"2013-11-07T17:06:03","guid":{"rendered":"http:\/\/www.copybusiness.com.br\/site\/?page_id=522"},"modified":"2013-11-07T15:09:48","modified_gmt":"2013-11-07T17:09:48","slug":"impressora-hp-1606","status":"publish","type":"page","link":"https:\/\/www.copybusiness.com.br\/site\/produtos\/impressora-hp-1606\/","title":{"rendered":"Impressora HP 1606"},"content":{"rendered":"<p style=\"text-align: center;\"><a href=\"http:\/\/www.copybusiness.com.br\/site\/wp-content\/uploads\/2013\/11\/1606.png\"><img loading=\"lazy\" class=\"alignnone size-full wp-image-451\" alt=\"1606\" src=\"http:\/\/www.copybusiness.com.br\/site\/wp-content\/uploads\/2013\/11\/1606.png\" width=\"180\" height=\"135\" \/><\/a><\/p>\n<div class=\"su-box su-box-style-default\" id=\"\" style=\"border-color:#848484;border-radius:3px\"><div class=\"su-box-title\" style=\"background-color:#b7b7b7;color:#FFFFFF;border-top-left-radius:1px;border-top-right-radius:1px\">Modelo<\/div><div class=\"su-box-content su-u-clearfix su-u-trim\" style=\"border-bottom-left-radius:1px;border-bottom-right-radius:1px\">HP 1606 DN<\/div><\/div>\n<div class=\"su-box su-box-style-default\" id=\"\" style=\"border-color:#848484;border-radius:3px\"><div class=\"su-box-title\" style=\"background-color:#b7b7b7;color:#FFFFFF;border-top-left-radius:1px;border-top-right-radius:1px\">Especifica\u00e7\u00f5es<\/div><div class=\"su-box-content su-u-clearfix su-u-trim\" style=\"border-bottom-left-radius:1px;border-bottom-right-radius:1px\">\n<h2>Especifica\u00e7\u00f5es<\/h2>\n<dl>\n<dt>Velocidade de impress\u00e3o (preto):<\/dt>\n<dd>Normal:At\u00e9 25 ppm<\/dd>\n<\/dl>\n<dl>\n<dt><\/dt>\n<dd><\/dd>\n<\/dl>\n<dl>\n<dd>(A velocidade exata depender\u00e1 da configura\u00e7\u00e3o do sistema, da aplica\u00e7\u00e3o de software, do driver e da complexidade do documento. )<\/dd>\n<\/dl>\n<dl>\n<dt>Primeira p\u00e1gina impressa (pronta)<\/dt>\n<dd>Preto: At\u00e9 7 segundos<\/dd>\n<\/dl>\n<dl>\n<dt>Qualidade de impress\u00e3o preto (\u00f3tima)<\/dt>\n<dd>\n<ul>\n<li>At\u00e9 600 x 600 x 2 dpi (sa\u00edda efetiva 1200 dpi)<\/li>\n<\/ul>\n<\/dd>\n<\/dl>\n<dl>\n<dt>Ciclo de trabalho (mensal, carta)<\/dt>\n<dd>At\u00e9 8000 p\u00e1ginas;<br \/>\n(O ciclo de trabalho \u00e9 definido como o n\u00famero m\u00e1ximo de p\u00e1ginas por m\u00eas de sa\u00edda de imagens. Esse valor proporciona uma compara\u00e7\u00e3o da robustez do produto em rela\u00e7\u00e3o a outros dispositivos HP LaserJet ou HP Color LaserJet, permitindo a implementa\u00e7\u00e3o adequada de impressoras e MFPs para atender aos pedidos de pessoas ou grupos conectados.)<\/dd>\n<\/dl>\n<dl>\n<dt>Ciclo de trabalho (mensal, A4)<\/dt>\n<dd>At\u00e9 8000 p\u00e1ginas<br \/>\n(O ciclo de trabalho \u00e9 definido como o n\u00famero m\u00e1ximo de p\u00e1ginas por m\u00eas de sa\u00edda de imagens. Esse valor proporciona uma compara\u00e7\u00e3o da robustez do produto em rela\u00e7\u00e3o a outros dispositivos HP LaserJet ou HP Color LaserJet, permitindo a implementa\u00e7\u00e3o adequada de impressoras e MFPs para atender aos pedidos de pessoas ou grupos conectados.)<\/dd>\n<\/dl>\n<dl>\n<dt>Volume mensal de p\u00e1ginas recomendado<\/dt>\n<dd>250 at\u00e9 2000<\/dd>\n<\/dl>\n<dl>\n<dt>Nota sobre volume mensal de p\u00e1ginas recomendado<\/dt>\n<dd>HP recomenda que o n\u00famero de p\u00e1ginas impressas por m\u00eas esteja dentro da categoria estabelecida para o \u00f3timo desempenho do dispositivo, baseado em fatores tais como os intervalos de substitui\u00e7\u00e3o de suprimentos e a vida do dispositivo em um per\u00edodo de garantia estendido.<\/dd>\n<\/dl>\n<dl>\n<dt>Tecnologia de impress\u00e3o<\/dt>\n<dd>\n<ul>\n<li>Laser<\/li>\n<\/ul>\n<\/dd>\n<\/dl>\n<dl>\n<dt>Velocidade do processador<\/dt>\n<dd>400 MHz<\/dd>\n<\/dl>\n<dl>\n<dt>Idiomas de impress\u00e3o<\/dt>\n<dd>Impress\u00e3o baseada em Host, HP PCL 5e<\/dd>\n<\/dl>\n<dl>\n<dt>Monitor<\/dt>\n<dd>\n<ul>\n<li>Nenhum\/nenhuma<\/li>\n<\/ul>\n<\/dd>\n<\/dl>\n<h2>Conectividade<\/h2>\n<dl>\n<dt>Recurso HP ePrint<\/dt>\n<dd>Sim<\/dd>\n<\/dl>\n<dl>\n<dt>Recurso de impress\u00e3o m\u00f3vel<\/dt>\n<dd>\n<ul>\n<li>Apple AirPrint\u2122<\/li>\n<\/ul>\n<p>(<i>Pode requerer uma atualiza\u00e7\u00e3o de firmware para ser compat\u00edvel com AirPrint\u2122, download em http:\/\/www.hp.com\/go\/support<\/i>)<\/p>\n<\/dd>\n<\/dl>\n<dl>\n<dt>Capacidade sem fios<\/dt>\n<dd>\n<ul>\n<li>Opcional, ativado com a aquisi\u00e7\u00e3o de um acess\u00f3rio de hardware<\/li>\n<\/ul>\n<\/dd>\n<\/dl>\n<dl>\n<dt>Conectividade, padr\u00e3o<\/dt>\n<dd>\n<ul>\n<li>Porta USB 2.0 de alta velocidade, conex\u00e3o de rede Ethernet 10\/100<\/li>\n<\/ul>\n<\/dd>\n<\/dl>\n<dl>\n<dt>Conectividade, opcional<\/dt>\n<dd>\n<ul>\n<li>Servidor de impress\u00e3o 802.11g HP Jetdirect ew2500<\/li>\n<\/ul>\n<\/dd>\n<\/dl>\n<dl>\n<dt>Pronto para trabalhar em rede<\/dt>\n<dd>Standard (Ethernet incorporada)<\/dd>\n<\/dl>\n<dl>\n<dt>Requisitos m\u00ednimos de sistema<\/dt>\n<dd>Windows 8, Windows 7 32 bit\/64 bit: 1 GB de RAM; Windows Vista (32 bit\/64 bit), Windows XP, Windows Server 2008 (32 bit\/64 bit), Windows Server 2003: 512 MB de RAM; todos os sistemas: 350 MB de espa\u00e7o livre em disco, unidade de CD-ROM, porta USB;<br \/>\nMac OS X v 10.4, 10.5, 10.6; 256 MB RAM; 150 MB de espa\u00e7o dispon\u00edvel em disco r\u00edgido; Unidade de CD-ROM; Porta USB<\/dd>\n<\/dl>\n<dl>\n<dt>Sistemas operacionais compat\u00edveis<\/dt>\n<dd>\n<ul>\n<li>Windows 8, Windows 7 32 bit\/64 bit, Windows Vista 32 bit\/64 bit, Windows XP 32 bit\/64 bit, Windows Server 2008 32 bit\/64 bit, Windows Server 2003 32 bit\/64 bit<\/li>\n<li>Mac OS X v10.4, v10.5, v10.6<\/li>\n<li>Linux (consulte hplip.net para os atuais)<\/li>\n<li>Unix (pronto depois e por download, consulte hp.com\/go\/support)<\/li>\n<\/ul>\n<\/dd>\n<\/dl>\n<h2>Especifica\u00e7\u00f5es de mem\u00f3ria<\/h2>\n<dl>\n<dt>Mem\u00f3ria, padr\u00e3o<\/dt>\n<dd>32 MB<\/dd>\n<\/dl>\n<dl>\n<dt>Mem\u00f3ria, m\u00e1xima<\/dt>\n<dd>32 MB<\/dd>\n<\/dl>\n<dl>\n<dt>Disco r\u00edgido<\/dt>\n<dd>\n<ul>\n<li>Nenhum\/nenhuma<\/li>\n<\/ul>\n<\/dd>\n<\/dl>\n<h2>Manuseio de papel<\/h2>\n<dl>\n<dt>Manuseio de entrada de papel, padr\u00e3o<\/dt>\n<dd>Slot de alimenta\u00e7\u00e3o priorit\u00e1ria de 10 folhas, bandeja de entrada para 250 folhas<\/dd>\n<\/dl>\n<dl>\n<dt>Manuseio de sa\u00edda de papel, padr\u00e3o<\/dt>\n<dd>Bandeja de sa\u00edda para 150 folhas com a face para baixo<\/dd>\n<\/dl>\n<dl>\n<dt>Impress\u00e3o frente e verso<\/dt>\n<dd>Autom\u00e1tica (standard)<\/dd>\n<\/dl>\n<dl>\n<dt>Tamanhos de m\u00eddia suportados<\/dt>\n<dd>A4; A5; A6; B5; cart\u00f5es postais; envelopes (C5, DL, B5)<\/dd>\n<\/dl>\n<dl>\n<dt>Tamanhos de m\u00eddia, personalizados<\/dt>\n<dd>Bandeja de entrada para 250 folhas: 147 x 211 a 216 x 356 mm; slot de alimenta\u00e7\u00e3o priorit\u00e1ria: 76 x 127 a 216 x 356 mm<\/dd>\n<\/dl>\n<dl>\n<dt>Tipos de suportes<\/dt>\n<dd>Papel (laser, normal, fotogr\u00e1fico, n\u00e3o tratado, vegetal), envelopes, etiquetas, cartolina, transpar\u00eancias, postais<\/dd>\n<\/dl>\n<dl>\n<dt>Peso de m\u00eddia suportado<\/dt>\n<dd>60 a 163 g\/m\u00b2<\/dd>\n<\/dl>\n<h2>Requisitos de alimenta\u00e7\u00e3o e opera\u00e7\u00e3o<\/h2>\n<dl>\n<dt>Alimenta\u00e7\u00e3o<\/dt>\n<dd>Voltagem de entrada 110 a 127 VCA (+\/-10%), 60 Hz (+\/-2 Hz), 7 amperes<\/dd>\n<\/dl>\n<dl>\n<dt>Consumo de energia<\/dt>\n<dd>440 watts (imprimindo), 2,2 watts (pronta), 1,6 watts (desligamento autom\u00e1tico), 0,4 watts (desligamento manual)<br \/>\n(<i>Valores sujeitos a altera\u00e7\u00e3o. Consulte http:\/\/www.hp.com\/go\/ljp1600_regulatory para obter informa\u00e7\u00f5es atualizadas. Os n\u00fameros de pot\u00eancia s\u00e3o os mais elevados medidos, utilizando-se todas as tens\u00f5es padr\u00e3o.<\/i>)<\/dd>\n<\/dl>\n<dl>\n<dt>Efici\u00eancia de energia<\/dt>\n<dd>\n<ul>\n<li>qualificado pela ENERGY STAR\u00ae<\/li>\n<\/ul>\n<\/dd>\n<\/dl>\n<dl>\n<dt>Gama de temperaturas de funcionamento<\/dt>\n<dd>15 a 32,5 \u00baC<\/dd>\n<\/dl>\n<dl>\n<dt>Intervalo de umidade para funcionamento<\/dt>\n<dd>\n<ul>\n<li>30 a 70% RH<\/li>\n<\/ul>\n<\/div><\/div>\n<\/dd>\n<\/dl>\n","protected":false},"excerpt":{"rendered":"","protected":false},"author":1,"featured_media":0,"parent":36,"menu_order":0,"comment_status":"open","ping_status":"open","template":"","meta":[],"_links":{"self":[{"href":"https:\/\/www.copybusiness.com.br\/site\/wp-json\/wp\/v2\/pages\/522"}],"collection":[{"href":"https:\/\/www.copybusiness.com.br\/site\/wp-json\/wp\/v2\/pages"}],"about":[{"href":"https:\/\/www.copybusiness.com.br\/site\/wp-json\/wp\/v2\/types\/page"}],"author":[{"embeddable":true,"href":"https:\/\/www.copybusiness.com.br\/site\/wp-json\/wp\/v2\/users\/1"}],"replies":[{"embeddable":true,"href":"https:\/\/www.copybusiness.com.br\/site\/wp-json\/wp\/v2\/comments?post=522"}],"version-history":[{"count":3,"href":"https:\/\/www.copybusiness.com.br\/site\/wp-json\/wp\/v2\/pages\/522\/revisions"}],"predecessor-version":[{"id":526,"href":"https:\/\/www.copybusiness.com.br\/site\/wp-json\/wp\/v2\/pages\/522\/revisions\/526"}],"up":[{"embeddable":true,"href":"https:\/\/www.copybusiness.com.br\/site\/wp-json\/wp\/v2\/pages\/36"}],"wp:attachment":[{"href":"https:\/\/www.copybusiness.com.br\/site\/wp-json\/wp\/v2\/media?parent=522"}],"curies":[{"name":"wp","href":"https:\/\/api.w.org\/{rel}","templated":true}]}}