{"id":536,"date":"2013-11-07T15:14:55","date_gmt":"2013-11-07T17:14:55","guid":{"rendered":"http:\/\/www.copybusiness.com.br\/site\/?page_id=536"},"modified":"2013-11-07T15:14:55","modified_gmt":"2013-11-07T17:14:55","slug":"impressora-hp-color-451","status":"publish","type":"page","link":"https:\/\/www.copybusiness.com.br\/site\/produtos\/impressora-hp-color-451\/","title":{"rendered":"Impressora HP  Color 451"},"content":{"rendered":"<p style=\"text-align: center;\"><a href=\"http:\/\/www.copybusiness.com.br\/site\/wp-content\/uploads\/2013\/11\/451-DW.png\"><img loading=\"lazy\" class=\"alignnone size-full wp-image-445\" alt=\"451 DW\" src=\"http:\/\/www.copybusiness.com.br\/site\/wp-content\/uploads\/2013\/11\/451-DW.png\" width=\"180\" height=\"135\" \/><\/a><\/p>\n<div class=\"su-box su-box-style-default\" id=\"\" style=\"border-color:#848484;border-radius:3px\"><div class=\"su-box-title\" style=\"background-color:#b7b7b7;color:#FFFFFF;border-top-left-radius:1px;border-top-right-radius:1px\">Modelo<\/div><div class=\"su-box-content su-u-clearfix su-u-trim\" style=\"border-bottom-left-radius:1px;border-bottom-right-radius:1px\">HP 451 DN<\/div><\/div>\n<div class=\"su-box su-box-style-default\" id=\"\" style=\"border-color:#848484;border-radius:3px\"><div class=\"su-box-title\" style=\"background-color:#b7b7b7;color:#FFFFFF;border-top-left-radius:1px;border-top-right-radius:1px\">Especifica\u00e7\u00f5es<\/div><div class=\"su-box-content su-u-clearfix su-u-trim\" style=\"border-bottom-left-radius:1px;border-bottom-right-radius:1px\">\n<h2>Especifica\u00e7\u00f5es<\/h2>\n<dl>\n<dt>Velocidade de impress\u00e3o (preto):<\/dt>\n<dd>Normal:At\u00e9 20 ppm<\/dd>\n<\/dl>\n<dl>\n<dt>Velocidade de impress\u00e3o (cor):<\/dt>\n<dd>\nNormal:At\u00e9 20 ppm<\/dd>\n<\/dl>\n<dl>\n<dd>(Mensurado usando a ISO\/IEC 24734, exclui o primeiro conjunto de documentos de teste. Para obter mais informa\u00e7\u00f5es, consulte http:\/\/www.hp.com\/go\/printerclaims. A velocidade exata varia dependendo da configura\u00e7\u00e3o do sistema, do aplicativo de software, do driver e da complexidade do documento. )<\/dd>\n<\/dl>\n<dl>\n<dt>Primeira p\u00e1gina impressa (pronta)<\/dt>\n<dd>Preto: Velocida m\u00e1xima 17 segundos<br \/>\nCor: Velocida m\u00e1xima 17 segundos<\/dd>\n<\/dl>\n<dl>\n<dt>Qualidade de impress\u00e3o preto (\u00f3tima)<\/dt>\n<dd>\n<ul>\n<li>At\u00e9 600 x 600 dpi<\/li>\n<\/ul>\n<\/dd>\n<\/dl>\n<dl>\n<dt>Qualidade de impress\u00e3o colorida (melhor)<\/dt>\n<dd>\n<ul>\n<li>At\u00e9 600 x 600 dpi<\/li>\n<\/ul>\n<\/dd>\n<\/dl>\n<dl>\n<dt>Ciclo de trabalho (mensal, carta)<\/dt>\n<dd>At\u00e9 40.000 p\u00e1ginas;<br \/>\n(O ciclo de trabalho \u00e9 definido como o n\u00famero m\u00e1ximo de p\u00e1ginas por m\u00eas de sa\u00edda de imagens. Esse valor proporciona uma compara\u00e7\u00e3o da robustez do produto em rela\u00e7\u00e3o a outros dispositivos HP LaserJet ou HP Color LaserJet, permitindo a implementa\u00e7\u00e3o adequada de impressoras e MFPs para atender aos pedidos de pessoas ou grupos conectados.)<\/dd>\n<\/dl>\n<dl>\n<dt>Ciclo de trabalho (mensal, A4)<\/dt>\n<dd>At\u00e9 40.000 p\u00e1ginas<br \/>\n(O ciclo de trabalho \u00e9 definido como o n\u00famero m\u00e1ximo de p\u00e1ginas por m\u00eas de sa\u00edda de imagens. Esse valor proporciona uma compara\u00e7\u00e3o da robustez do produto em rela\u00e7\u00e3o a outros dispositivos HP LaserJet ou HP Color LaserJet, permitindo a implementa\u00e7\u00e3o adequada de impressoras e MFPs para atender aos pedidos de pessoas ou grupos conectados.)<\/dd>\n<\/dl>\n<dl>\n<dt>Volume mensal de p\u00e1ginas recomendado<\/dt>\n<dd>750 at\u00e9 2000<\/dd>\n<\/dl>\n<dl>\n<dt>Nota sobre volume mensal de p\u00e1ginas recomendado<\/dt>\n<dd>HP recomenda que o n\u00famero de p\u00e1ginas impressas por m\u00eas esteja dentro da categoria estabelecida para o \u00f3timo desempenho do dispositivo, baseado em fatores tais como os intervalos de substitui\u00e7\u00e3o de suprimentos e a vida do dispositivo em um per\u00edodo de garantia estendido.<\/dd>\n<\/dl>\n<dl>\n<dt>Tecnologia de impress\u00e3o<\/dt>\n<dd>\n<ul>\n<li>Laser<\/li>\n<\/ul>\n<\/dd>\n<\/dl>\n<dl>\n<dt>Velocidade do processador<\/dt>\n<dd>600 MHz<\/dd>\n<\/dl>\n<dl>\n<dt>Idiomas de impress\u00e3o<\/dt>\n<dd>Emula\u00e7\u00e3o HP PCL 6, HP PCL 5c, HP postscript n\u00edvel 3<\/dd>\n<\/dl>\n<dl>\n<dt>Monitor<\/dt>\n<dd>\n<ul>\n<li>LCD de 2 linhas (texto)<\/li>\n<\/ul>\n<\/dd>\n<\/dl>\n<h2>Conectividade<\/h2>\n<dl>\n<dt>Recurso HP ePrint<\/dt>\n<dd>Sim<\/dd>\n<\/dl>\n<dl>\n<dt>Recurso de impress\u00e3o m\u00f3vel<\/dt>\n<dd>\n<ul>\n<li>HP ePrint, HP wireless direct printing, Apple AirPrint\u2122, aplicativos empresariais<\/li>\n<\/ul>\n<\/dd>\n<\/dl>\n<dl>\n<dt>Capacidade sem fios<\/dt>\n<dd>\n<ul>\n<li>Sim, WiFi 802.11 b\/g\/n incorporada<\/li>\n<\/ul>\n<\/dd>\n<\/dl>\n<dl>\n<dt>Conectividade, padr\u00e3o<\/dt>\n<dd>\n<ul>\n<li>1 porta USB 2.0 de alta velocidade<\/li>\n<li>1 porta de rede Fast Ethernet 10\/100Base-TX<\/li>\n<li>1 WiFi 802.11 b\/g\/n<\/li>\n<\/ul>\n<\/dd>\n<\/dl>\n<dl>\n<dt>Pronto para trabalhar em rede<\/dt>\n<dd>Padr\u00e3o (Fast Ethernet incorporada); WiFi 802.11 b\/g\/n)<\/dd>\n<\/dl>\n<dl>\n<dt>Requisitos m\u00ednimos de sistema<\/dt>\n<dd>Windows 8, Windows 7 32 bit\/64 bit, Windows Vista 32 bit\/64 bit: Processador de 1 GHz 32 bits (x86) ou 64 bits (x64), 1 GB de RAM (32 bits) ou 2 GB de RAM (64 bits), 400 MB de espa\u00e7o dispon\u00edvel em disco, CD\/DVD-ROM ou Internet, porta USB ou de rede; Windows XP (32 bits) SP2: Processador Pentium\u00ae de 233 MHz, 512 MB de RAM, 400 MB de espa\u00e7o em disco, CD\/DVD-ROM ou Internet, porta USB ou de rede;<br \/>\nMac OS X v 10.5, v 10.6; Processador PowerPC G4, G5, ou Intel\u00ae Core\u2122; Disco r\u00edgido de 500 MB; CD-ROM\/DVD-ROM ou Internet; Porta USB ou de rede<\/dd>\n<\/dl>\n<dl>\n<dt>Sistemas operacionais compat\u00edveis<\/dt>\n<dd>\n<ul>\n<li>Instala\u00e7\u00e3o completa de software suportada em: Windows 8, Windows 7 32 bit e 64 bit, Windows Vista 32 bit e 64 bit, Windows XP 32 bit SP2 ou superior<\/li>\n<li>Instala\u00e7\u00e3o somente de driver suportada em: Windows Server 2008 32 bit e 64 bit, Windows Server 2003 32 bit SP3 ou superior<\/li>\n<li>Mac OS X v10.5, v10.6<\/li>\n<li>Linpus Linux (9.4, 9.5), Red Hat Enterprise Linux 5.0 (suportado com um pacote pr\u00e9-compilado), SuSE Linux (10.3, 11.0, 11, 11.1, 11.2), Fedora (9, 9.0, 10, 10.0, 11.0, 11, 12, 12.0), Ubuntu (8.04, 8.04.1, 8.04.2, 8.10, 9.04, 9.10, 10.04), Debian (5.0, 5.0.1, 5.0.2, 5.0.3) (suportado pelo instalador autom\u00e1tico)<\/li>\n<li>HPUX 11 e Solaris 8\/9<\/li>\n<\/ul>\n<\/dd>\n<\/dl>\n<h2>Especifica\u00e7\u00f5es de mem\u00f3ria<\/h2>\n<dl>\n<dt>Mem\u00f3ria, padr\u00e3o<\/dt>\n<dd>128 MB<\/dd>\n<\/dl>\n<dl>\n<dt>Mem\u00f3ria, m\u00e1xima<\/dt>\n<dd>384 MB<\/dd>\n<\/dl>\n<dl>\n<dt>Disco r\u00edgido<\/dt>\n<dd>\n<ul>\n<li>Nenhum\/nenhuma<\/li>\n<\/ul>\n<\/dd>\n<\/dl>\n<h2>Manuseio de papel<\/h2>\n<dl>\n<dt>Manuseio de entrada de papel, padr\u00e3o<\/dt>\n<dd>Bandeja multiuso para 50 folhas, bandeja 2 de entrada para 250 folhas<\/dd>\n<\/dl>\n<dl>\n<dt>Manuseio de entrada de papel, opcional<\/dt>\n<dd>Bandeja para 250 folhas opcional<\/dd>\n<\/dl>\n<dl>\n<dt>Manuseio de sa\u00edda de papel, padr\u00e3o<\/dt>\n<dd>Bandeja de sa\u00edda para 150 folhas<\/dd>\n<\/dl>\n<dl>\n<dt>Impress\u00e3o frente e verso<\/dt>\n<dd>Autom\u00e1tica (standard)<\/dd>\n<\/dl>\n<dl>\n<dt>Tamanhos de m\u00eddia suportados<\/dt>\n<dd>Bandeja 1: A4, A5, A6, B5 (JIS), 16K, 10 x 15 cm, cart\u00f5es postais (JIS simples, JIS dupla), envelopes (ISO DL, ISO C5, ISO B5); Bandeja 2, Bandeja 3 opcional: A4, A5, A6, B5 (JIS), 16K, 10 x 15 cm, cart\u00f5es postais (JIS simples, JIS dupla), envelopes (ISO DL, ISO C5, ISO B5); Duplexador autom\u00e1tico: A4, B5<\/dd>\n<\/dl>\n<dl>\n<dt>Tamanhos de m\u00eddia, personalizados<\/dt>\n<dd>Bandeja 1: 76 x 127 a 216 x 356 mm; Bandeja 2, Bandeja 3 opcional: 100 x 148 a 216 x 356 mm<\/dd>\n<\/dl>\n<dl>\n<dt>Tipos de suportes<\/dt>\n<dd>Papel (comum, folheto, colorido, brilhante, timbrado, fotogr\u00e1fico, liso, pr\u00e9-impresso, perfurado, reciclado, n\u00e3o tratado), cart\u00f5es postais, transpar\u00eancias, etiquetas, envelopes<\/dd>\n<\/dl>\n<dl>\n<dt>Peso de m\u00eddia suportado<\/dt>\n<dd>Bandeja 1: 60 a 176 g\/m\u00b2 (at\u00e9 220 g\/m\u00b2 com cart\u00f5es postais e pap\u00e9is fotogr\u00e1ficos brilhantes HP Color Laser); Bandeja 2, Bandeja 3 opcional: 60 a 163 g\/m\u00b2 (at\u00e9 176 g\/m\u00b2 com cart\u00f5es postais); Duplexador autom\u00e1tico: 60 a 163 g\/m\u00b2<\/dd>\n<\/dl>\n<h2>Requisitos de alimenta\u00e7\u00e3o e opera\u00e7\u00e3o<\/h2>\n<dl>\n<dt>Alimenta\u00e7\u00e3o<\/dt>\n<dd>Voltagem de entrada: 110 at\u00e9 127 V CA (+\/- 10%), 60 Hz (+\/- 3 Hz)<\/dd>\n<\/dl>\n<dl>\n<dt>Consumo de energia<\/dt>\n<dd>425 watts (Ativa), 15,2 watts (pronta), 4 watts (suspens\u00e3o), 0,5 watts (desligada)<br \/>\n(<i>Os requisitos de energia dependem do pa\u00eds\/regi\u00e3o onde a impressora \u00e9 vendida. N\u00e3o converta as tens\u00f5es de funcionamento. Tal poder\u00e1 danificar a impressora e anular a garantia do produto.<\/i>)<\/dd>\n<\/dl>\n<dl>\n<dt>Efici\u00eancia de energia<\/dt>\n<dd>\n<ul>\n<li>qualificado pela ENERGY STAR\u00ae<\/li>\n<\/ul>\n<\/dd>\n<\/dl>\n<dl>\n<dt>Gama de temperaturas de funcionamento<\/dt>\n<dd>15 a 30\u00baC<\/dd>\n<\/dl>\n<dl>\n<dt>Intervalo de umidade para funcionamento<\/dt>\n<dd>\n<ul>\n<li>20 a 70% de UR (sem condensa\u00e7\u00e3o)<\/li>\n<\/ul>\n<\/div><\/div>\n<\/dd>\n<\/dl>\n","protected":false},"excerpt":{"rendered":"","protected":false},"author":1,"featured_media":0,"parent":36,"menu_order":0,"comment_status":"open","ping_status":"open","template":"","meta":[],"_links":{"self":[{"href":"https:\/\/www.copybusiness.com.br\/site\/wp-json\/wp\/v2\/pages\/536"}],"collection":[{"href":"https:\/\/www.copybusiness.com.br\/site\/wp-json\/wp\/v2\/pages"}],"about":[{"href":"https:\/\/www.copybusiness.com.br\/site\/wp-json\/wp\/v2\/types\/page"}],"author":[{"embeddable":true,"href":"https:\/\/www.copybusiness.com.br\/site\/wp-json\/wp\/v2\/users\/1"}],"replies":[{"embeddable":true,"href":"https:\/\/www.copybusiness.com.br\/site\/wp-json\/wp\/v2\/comments?post=536"}],"version-history":[{"count":1,"href":"https:\/\/www.copybusiness.com.br\/site\/wp-json\/wp\/v2\/pages\/536\/revisions"}],"predecessor-version":[{"id":538,"href":"https:\/\/www.copybusiness.com.br\/site\/wp-json\/wp\/v2\/pages\/536\/revisions\/538"}],"up":[{"embeddable":true,"href":"https:\/\/www.copybusiness.com.br\/site\/wp-json\/wp\/v2\/pages\/36"}],"wp:attachment":[{"href":"https:\/\/www.copybusiness.com.br\/site\/wp-json\/wp\/v2\/media?parent=536"}],"curies":[{"name":"wp","href":"https:\/\/api.w.org\/{rel}","templated":true}]}}